{"id":107,"date":"2026-02-22T20:28:34","date_gmt":"2026-02-22T20:28:34","guid":{"rendered":"https:\/\/eurankemikalio.com\/?page_id=107"},"modified":"2026-02-23T22:07:12","modified_gmt":"2026-02-23T22:07:12","slug":"paahineet","status":"publish","type":"page","link":"https:\/\/eurankemikalio.com\/index.php\/paahineet\/","title":{"rendered":"P\u00c4\u00c4HINEET"},"content":{"rendered":"<style>.wp-block-kadence-advancedbtn.kb-btns107_35f0bb-38{gap:var(--global-kb-gap-none, 0rem );justify-content:center;align-items:flex-end;}.kt-btns107_35f0bb-38 .kt-button{font-weight:normal;font-style:normal;}.kt-btns107_35f0bb-38 .kt-btn-wrap-0{margin-right:5px;}.wp-block-kadence-advancedbtn.kt-btns107_35f0bb-38 .kt-btn-wrap-0 .kt-button{color:#555555;border-color:#555555;}.wp-block-kadence-advancedbtn.kt-btns107_35f0bb-38 .kt-btn-wrap-0 .kt-button:hover, .wp-block-kadence-advancedbtn.kt-btns107_35f0bb-38 .kt-btn-wrap-0 .kt-button:focus{color:#ffffff;border-color:#444444;}.wp-block-kadence-advancedbtn.kt-btns107_35f0bb-38 .kt-btn-wrap-0 .kt-button::before{display:none;}.wp-block-kadence-advancedbtn.kt-btns107_35f0bb-38 .kt-btn-wrap-0 .kt-button:hover, .wp-block-kadence-advancedbtn.kt-btns107_35f0bb-38 .kt-btn-wrap-0 .kt-button:focus{background:#444444;}<\/style>\n<div class=\"wp-block-kadence-advancedbtn kb-buttons-wrap kb-btns107_35f0bb-38\"><style>ul.menu .wp-block-kadence-advancedbtn .kb-btn107_3de936-c8.kb-button{width:initial;}.wp-block-kadence-advancedbtn .kb-btn107_3de936-c8.kb-button{color:#1d1d1d;background:#5ebd19;}.wp-block-kadence-advancedbtn .kb-btn107_3de936-c8.kb-button:hover, .wp-block-kadence-advancedbtn .kb-btn107_3de936-c8.kb-button:focus{background:#5ebd19;}<\/style><a class=\"kb-button kt-button button kb-btn107_3de936-c8 kt-btn-size-standard kt-btn-width-type-full kb-btn-global-fill  kt-btn-has-text-true kt-btn-has-svg-false  wp-block-kadence-singlebtn\" href=\"https:\/\/eurankemikalio.com\/\"><span class=\"kt-btn-inner-text\">Etusivu<\/span><\/a>\n\n<style>ul.menu .wp-block-kadence-advancedbtn .kb-btn107_318fde-14.kb-button{width:initial;}.wp-block-kadence-advancedbtn .kb-btn107_318fde-14.kb-button{color:#1d1d1d;background:#5ebd19;}.wp-block-kadence-advancedbtn .kb-btn107_318fde-14.kb-button:hover, .wp-block-kadence-advancedbtn .kb-btn107_318fde-14.kb-button:focus{background:#5ebd19;}<\/style><a class=\"kb-button kt-button button kb-btn107_318fde-14 kt-btn-size-standard kt-btn-width-type-full kb-btn-global-fill  kt-btn-has-text-true kt-btn-has-svg-false  wp-block-kadence-singlebtn\" href=\"https:\/\/eurankemikalio.com\/index.php\/euran-kemikalio-2\/\"><span class=\"kt-btn-inner-text\">Kemikalio<\/span><\/a>\n\n<style>ul.menu .wp-block-kadence-advancedbtn .kb-btn107_b01da8-f8.kb-button{width:initial;}.wp-block-kadence-advancedbtn .kb-btn107_b01da8-f8.kb-button{color:#1d1d1d;background:#5ebd19;}.wp-block-kadence-advancedbtn .kb-btn107_b01da8-f8.kb-button:hover, .wp-block-kadence-advancedbtn .kb-btn107_b01da8-f8.kb-button:focus{background:#5ebd19;}<\/style><a class=\"kb-button kt-button button kb-btn107_b01da8-f8 kt-btn-size-standard kt-btn-width-type-full kb-btn-global-fill  kt-btn-has-text-true kt-btn-has-svg-false  wp-block-kadence-singlebtn\" href=\"https:\/\/eurankemikalio.com\/index.php\/euran-kemikalio\/\"><span class=\"kt-btn-inner-text\">Kosmetiikka<\/span><\/a>\n\n<style>ul.menu .wp-block-kadence-advancedbtn .kb-btn107_bad084-3e.kb-button{width:initial;}.wp-block-kadence-advancedbtn .kb-btn107_bad084-3e.kb-button{color:#1d1d1d;background:#5ebd19;}.wp-block-kadence-advancedbtn .kb-btn107_bad084-3e.kb-button:hover, .wp-block-kadence-advancedbtn .kb-btn107_bad084-3e.kb-button:focus{background:#5ebd19;}<\/style><a class=\"kb-button kt-button button kb-btn107_bad084-3e kt-btn-size-standard kt-btn-width-type-full kb-btn-global-fill  kt-btn-has-text-true kt-btn-has-svg-false  wp-block-kadence-singlebtn\" href=\"https:\/\/eurankemikalio.com\/index.php\/tuoksut\/\"><span class=\"kt-btn-inner-text\">Tuoksut<\/span><\/a>\n\n<style>ul.menu .wp-block-kadence-advancedbtn .kb-btn107_4540a5-85.kb-button{width:initial;}.wp-block-kadence-advancedbtn .kb-btn107_4540a5-85.kb-button{color:#1d1d1d;background:#5ebd19;}.wp-block-kadence-advancedbtn .kb-btn107_4540a5-85.kb-button:hover, .wp-block-kadence-advancedbtn .kb-btn107_4540a5-85.kb-button:focus{background:#5ebd19;}<\/style><a class=\"kb-button kt-button button kb-btn107_4540a5-85 kt-btn-size-standard kt-btn-width-type-full kb-btn-global-fill  kt-btn-has-text-true kt-btn-has-svg-false  wp-block-kadence-singlebtn\" href=\"https:\/\/eurankemikalio.com\/index.php\/korut\/\"><span class=\"kt-btn-inner-text\">Korut<\/span><\/a>\n\n<style>ul.menu .wp-block-kadence-advancedbtn .kb-btn107_2a2762-16.kb-button{width:initial;}.wp-block-kadence-advancedbtn .kb-btn107_2a2762-16.kb-button{color:#1d1d1d;background:#5ebd19;}.wp-block-kadence-advancedbtn .kb-btn107_2a2762-16.kb-button:hover, .wp-block-kadence-advancedbtn .kb-btn107_2a2762-16.kb-button:focus{background:#5ebd19;}<\/style><a class=\"kb-button kt-button button kb-btn107_2a2762-16 kt-btn-size-standard kt-btn-width-type-full kb-btn-global-fill  kt-btn-has-text-true kt-btn-has-svg-false  wp-block-kadence-singlebtn\" href=\"https:\/\/eurankemikalio.com\/index.php\/paahineet\/\"><span class=\"kt-btn-inner-text\">P\u00e4\u00e4hineet<\/span><\/a><\/div>\n\n\n\n<div>\n<div><style>.kb-image107_04309c-9c.kb-image-is-ratio-size, .kb-image107_04309c-9c .kb-image-is-ratio-size{max-width:3000px;width:100%;}.wp-block-kadence-column > .kt-inside-inner-col > .kb-image107_04309c-9c.kb-image-is-ratio-size, .wp-block-kadence-column > .kt-inside-inner-col > .kb-image107_04309c-9c .kb-image-is-ratio-size{align-self:unset;}.kb-image107_04309c-9c figure{max-width:3000px;}.kb-image107_04309c-9c .image-is-svg, .kb-image107_04309c-9c .image-is-svg img{width:100%;}.kb-image107_04309c-9c .kb-image-has-overlay:after{opacity:0.3;}<\/style>\n<div class=\"wp-block-kadence-image kb-image107_04309c-9c\"><figure class=\"aligncenter size-full\"><img decoding=\"async\" width=\"900\" height=\"343\" data-src=\"https:\/\/eurankemikalio.com\/wp-content\/uploads\/2026\/02\/hatut.jpg\" alt=\"\" class=\"kb-img wp-image-108 lazyload\" data-srcset=\"https:\/\/eurankemikalio.com\/wp-content\/uploads\/2026\/02\/hatut.jpg 900w, https:\/\/eurankemikalio.com\/wp-content\/uploads\/2026\/02\/hatut-300x114.jpg 300w, https:\/\/eurankemikalio.com\/wp-content\/uploads\/2026\/02\/hatut-768x293.jpg 768w\" data-sizes=\"(max-width: 900px) 100vw, 900px\" src=\"data:image\/svg+xml;base64,PHN2ZyB3aWR0aD0iMSIgaGVpZ2h0PSIxIiB4bWxucz0iaHR0cDovL3d3dy53My5vcmcvMjAwMC9zdmciPjwvc3ZnPg==\" style=\"--smush-placeholder-width: 900px; --smush-placeholder-aspect-ratio: 900\/343;\" \/><\/figure><\/div>\n<\/div>\n\n\n<style>.wp-block-kadence-advancedheading.kt-adv-heading107_321b8c-3c, .wp-block-kadence-advancedheading.kt-adv-heading107_321b8c-3c[data-kb-block=\"kb-adv-heading107_321b8c-3c\"]{font-weight:400;font-style:normal;font-family:'Roboto Condensed';}.wp-block-kadence-advancedheading.kt-adv-heading107_321b8c-3c mark.kt-highlight, .wp-block-kadence-advancedheading.kt-adv-heading107_321b8c-3c[data-kb-block=\"kb-adv-heading107_321b8c-3c\"] mark.kt-highlight{font-style:normal;color:#f76a0c;-webkit-box-decoration-break:clone;box-decoration-break:clone;padding-top:0px;padding-right:0px;padding-bottom:0px;padding-left:0px;}.wp-block-kadence-advancedheading.kt-adv-heading107_321b8c-3c img.kb-inline-image, .wp-block-kadence-advancedheading.kt-adv-heading107_321b8c-3c[data-kb-block=\"kb-adv-heading107_321b8c-3c\"] img.kb-inline-image{width:150px;vertical-align:baseline;}<\/style>\n<h2 class=\"kt-adv-heading107_321b8c-3c wp-block-kadence-advancedheading\" data-kb-block=\"kb-adv-heading107_321b8c-3c\"><strong>Coiffeau-ateljeeri<\/strong><\/h2>\n<\/div>\n\n\n<style>.wp-block-kadence-advancedheading.kt-adv-heading107_b03165-2b, .wp-block-kadence-advancedheading.kt-adv-heading107_b03165-2b[data-kb-block=\"kb-adv-heading107_b03165-2b\"]{font-style:normal;}.wp-block-kadence-advancedheading.kt-adv-heading107_b03165-2b mark.kt-highlight, .wp-block-kadence-advancedheading.kt-adv-heading107_b03165-2b[data-kb-block=\"kb-adv-heading107_b03165-2b\"] mark.kt-highlight{font-style:normal;color:#f76a0c;-webkit-box-decoration-break:clone;box-decoration-break:clone;padding-top:0px;padding-right:0px;padding-bottom:0px;padding-left:0px;}.wp-block-kadence-advancedheading.kt-adv-heading107_b03165-2b img.kb-inline-image, .wp-block-kadence-advancedheading.kt-adv-heading107_b03165-2b[data-kb-block=\"kb-adv-heading107_b03165-2b\"] img.kb-inline-image{width:150px;vertical-align:baseline;}<\/style>\n<p class=\"kt-adv-heading107_b03165-2b wp-block-kadence-advancedheading\" data-kb-block=\"kb-adv-heading107_b03165-2b\">Pirjo valmistaa tilauksesta uniikkeja coiffeau-p\u00e4\u00e4hineit\u00e4, h\u00e4\u00e4hattuja, diadeemeja tai olkakukkia. Voit tilata p\u00e4\u00e4hineen tai koristeen juhlapukuusi sopivaksi.<\/p>\n\n\n\n<div class=\"gb-element-b519e065\"><\/div>\n\n\n\n<p><\/p>\n","protected":false},"excerpt":{"rendered":"<p>Coiffeau-ateljeeri Pirjo valmistaa tilauksesta uniikkeja coiffeau-p\u00e4\u00e4hineit\u00e4, h\u00e4\u00e4hattuja, diadeemeja tai olkakukkia. Voit tilata p\u00e4\u00e4hineen tai koristeen juhlapukuusi sopivaksi.<\/p>\n","protected":false},"author":1,"featured_media":0,"parent":0,"menu_order":0,"comment_status":"closed","ping_status":"closed","template":"","meta":{"footnotes":""},"class_list":["post-107","page","type-page","status-publish","hentry"],"blocksy_meta":[],"_links":{"self":[{"href":"https:\/\/eurankemikalio.com\/index.php\/wp-json\/wp\/v2\/pages\/107","targetHints":{"allow":["GET"]}}],"collection":[{"href":"https:\/\/eurankemikalio.com\/index.php\/wp-json\/wp\/v2\/pages"}],"about":[{"href":"https:\/\/eurankemikalio.com\/index.php\/wp-json\/wp\/v2\/types\/page"}],"author":[{"embeddable":true,"href":"https:\/\/eurankemikalio.com\/index.php\/wp-json\/wp\/v2\/users\/1"}],"replies":[{"embeddable":true,"href":"https:\/\/eurankemikalio.com\/index.php\/wp-json\/wp\/v2\/comments?post=107"}],"version-history":[{"count":2,"href":"https:\/\/eurankemikalio.com\/index.php\/wp-json\/wp\/v2\/pages\/107\/revisions"}],"predecessor-version":[{"id":207,"href":"https:\/\/eurankemikalio.com\/index.php\/wp-json\/wp\/v2\/pages\/107\/revisions\/207"}],"wp:attachment":[{"href":"https:\/\/eurankemikalio.com\/index.php\/wp-json\/wp\/v2\/media?parent=107"}],"curies":[{"name":"wp","href":"https:\/\/api.w.org\/{rel}","templated":true}]}}