{"id":110,"date":"2026-02-22T20:26:14","date_gmt":"2026-02-22T20:26:14","guid":{"rendered":"https:\/\/eurankemikalio.com\/?page_id=110"},"modified":"2026-02-23T21:46:26","modified_gmt":"2026-02-23T21:46:26","slug":"jokigalleria","status":"publish","type":"page","link":"https:\/\/eurankemikalio.com\/index.php\/jokigalleria\/","title":{"rendered":"JOKIGALLERIA"},"content":{"rendered":"<style>.wp-block-kadence-advancedbtn.kb-btns110_5f7f89-48{gap:var(--global-kb-gap-none, 0rem );justify-content:center;align-items:flex-end;}.kt-btns110_5f7f89-48 .kt-button{font-weight:normal;font-style:normal;}.kt-btns110_5f7f89-48 .kt-btn-wrap-0{margin-right:5px;}.wp-block-kadence-advancedbtn.kt-btns110_5f7f89-48 .kt-btn-wrap-0 .kt-button{color:#555555;border-color:#555555;}.wp-block-kadence-advancedbtn.kt-btns110_5f7f89-48 .kt-btn-wrap-0 .kt-button:hover, .wp-block-kadence-advancedbtn.kt-btns110_5f7f89-48 .kt-btn-wrap-0 .kt-button:focus{color:#ffffff;border-color:#444444;}.wp-block-kadence-advancedbtn.kt-btns110_5f7f89-48 .kt-btn-wrap-0 .kt-button::before{display:none;}.wp-block-kadence-advancedbtn.kt-btns110_5f7f89-48 .kt-btn-wrap-0 .kt-button:hover, .wp-block-kadence-advancedbtn.kt-btns110_5f7f89-48 .kt-btn-wrap-0 .kt-button:focus{background:#444444;}<\/style>\n<div class=\"wp-block-kadence-advancedbtn kb-buttons-wrap kb-btns110_5f7f89-48\"><style>ul.menu .wp-block-kadence-advancedbtn .kb-btn110_e30746-25.kb-button{width:initial;}.wp-block-kadence-advancedbtn .kb-btn110_e30746-25.kb-button{color:#1d1d1d;background:#f36221;}.wp-block-kadence-advancedbtn .kb-btn110_e30746-25.kb-button:hover, .wp-block-kadence-advancedbtn .kb-btn110_e30746-25.kb-button:focus{background:#f36221;}<\/style><a class=\"kb-button kt-button button kb-btn110_e30746-25 kt-btn-size-standard kt-btn-width-type-full kb-btn-global-fill  kt-btn-has-text-true kt-btn-has-svg-false  wp-block-kadence-singlebtn\" href=\"https:\/\/eurankemikalio.com\/\"><span class=\"kt-btn-inner-text\">Etusivu<\/span><\/a>\n\n<style>ul.menu .wp-block-kadence-advancedbtn .kb-btn110_70645f-14.kb-button{width:initial;}.wp-block-kadence-advancedbtn .kb-btn110_70645f-14.kb-button{color:#1d1d1d;background:#f36221;}.wp-block-kadence-advancedbtn .kb-btn110_70645f-14.kb-button:hover, .wp-block-kadence-advancedbtn .kb-btn110_70645f-14.kb-button:focus{background:#f36221;}<\/style><a class=\"kb-button kt-button button kb-btn110_70645f-14 kt-btn-size-standard kt-btn-width-type-full kb-btn-global-fill  kt-btn-has-text-true kt-btn-has-svg-false  wp-block-kadence-singlebtn\" href=\"https:\/\/eurankemikalio.com\/index.php\/jokigalleria\/\"><span class=\"kt-btn-inner-text\">Jokigalleria<\/span><\/a>\n\n<style>ul.menu .wp-block-kadence-advancedbtn .kb-btn110_4cdbd5-ce.kb-button{width:initial;}.wp-block-kadence-advancedbtn .kb-btn110_4cdbd5-ce.kb-button{color:#1d1d1d;background:#f36221;}.wp-block-kadence-advancedbtn .kb-btn110_4cdbd5-ce.kb-button:hover, .wp-block-kadence-advancedbtn .kb-btn110_4cdbd5-ce.kb-button:focus{background:#f36221;}<\/style><a class=\"kb-button kt-button button kb-btn110_4cdbd5-ce kt-btn-size-standard kt-btn-width-type-full kb-btn-global-fill  kt-btn-has-text-true kt-btn-has-svg-false  wp-block-kadence-singlebtn\" href=\"https:\/\/eurankemikalio.com\/index.php\/nayttelykalenteri\/\"><span class=\"kt-btn-inner-text\">N\u00e4yttelykalenteri<\/span><\/a>\n\n<style>ul.menu .wp-block-kadence-advancedbtn .kb-btn110_eb91e7-6e.kb-button{width:initial;}.wp-block-kadence-advancedbtn .kb-btn110_eb91e7-6e.kb-button{color:#1d1d1d;background:#f36221;}.wp-block-kadence-advancedbtn .kb-btn110_eb91e7-6e.kb-button:hover, .wp-block-kadence-advancedbtn .kb-btn110_eb91e7-6e.kb-button:focus{background:#f36221;}<\/style><a class=\"kb-button kt-button button kb-btn110_eb91e7-6e kt-btn-size-standard kt-btn-width-type-full kb-btn-global-fill  kt-btn-has-text-true kt-btn-has-svg-false  wp-block-kadence-singlebtn\" href=\"https:\/\/eurankemikalio.com\/index.php\/valotaideteokset\/\"><span class=\"kt-btn-inner-text\">Valotaideteokset<\/span><\/a>\n\n<style>ul.menu .wp-block-kadence-advancedbtn .kb-btn110_11c9ca-b8.kb-button{width:initial;}.wp-block-kadence-advancedbtn .kb-btn110_11c9ca-b8.kb-button{color:#1d1d1d;background:#f36221;}.wp-block-kadence-advancedbtn .kb-btn110_11c9ca-b8.kb-button:hover, .wp-block-kadence-advancedbtn .kb-btn110_11c9ca-b8.kb-button:focus{background:#f36221;}<\/style><a class=\"kb-button kt-button button kb-btn110_11c9ca-b8 kt-btn-size-standard kt-btn-width-type-full kb-btn-global-fill  kt-btn-has-text-true kt-btn-has-svg-false  wp-block-kadence-singlebtn\" href=\"https:\/\/eurankemikalio.com\/index.php\/videofestarit\/\"><span class=\"kt-btn-inner-text\">Videofestarit<\/span><\/a><\/div>\n\n\n\n<div>\n<div>\n<div class=\"gb-element-a14c7f94\"><style>.kb-image110_b7004b-a3.kb-image-is-ratio-size, .kb-image110_b7004b-a3 .kb-image-is-ratio-size{max-width:3000px;width:100%;}.wp-block-kadence-column > .kt-inside-inner-col > .kb-image110_b7004b-a3.kb-image-is-ratio-size, .wp-block-kadence-column > .kt-inside-inner-col > .kb-image110_b7004b-a3 .kb-image-is-ratio-size{align-self:unset;}.kb-image110_b7004b-a3 figure{max-width:3000px;}.kb-image110_b7004b-a3 .image-is-svg, .kb-image110_b7004b-a3 .image-is-svg img{width:100%;}.kb-image110_b7004b-a3 .kb-image-has-overlay:after{opacity:0.3;}<\/style>\n<div class=\"wp-block-kadence-image kb-image110_b7004b-a3\"><figure class=\"aligncenter size-full\"><img decoding=\"async\" width=\"900\" height=\"407\" data-src=\"https:\/\/eurankemikalio.com\/wp-content\/uploads\/2026\/02\/Piharakennus-1.jpg\" alt=\"\" class=\"kb-img wp-image-111 lazyload\" data-srcset=\"https:\/\/eurankemikalio.com\/wp-content\/uploads\/2026\/02\/Piharakennus-1.jpg 900w, https:\/\/eurankemikalio.com\/wp-content\/uploads\/2026\/02\/Piharakennus-1-300x136.jpg 300w, https:\/\/eurankemikalio.com\/wp-content\/uploads\/2026\/02\/Piharakennus-1-768x347.jpg 768w\" data-sizes=\"(max-width: 900px) 100vw, 900px\" src=\"data:image\/svg+xml;base64,PHN2ZyB3aWR0aD0iMSIgaGVpZ2h0PSIxIiB4bWxucz0iaHR0cDovL3d3dy53My5vcmcvMjAwMC9zdmciPjwvc3ZnPg==\" style=\"--smush-placeholder-width: 900px; --smush-placeholder-aspect-ratio: 900\/407;\" \/><\/figure><\/div>\n<\/div>\n<\/div>\n\n\n<style>.wp-block-kadence-advancedheading.kt-adv-heading110_605431-33, .wp-block-kadence-advancedheading.kt-adv-heading110_605431-33[data-kb-block=\"kb-adv-heading110_605431-33\"]{font-weight:400;font-style:normal;font-family:'Roboto Condensed';}.wp-block-kadence-advancedheading.kt-adv-heading110_605431-33 mark.kt-highlight, .wp-block-kadence-advancedheading.kt-adv-heading110_605431-33[data-kb-block=\"kb-adv-heading110_605431-33\"] mark.kt-highlight{font-style:normal;color:#f76a0c;-webkit-box-decoration-break:clone;box-decoration-break:clone;padding-top:0px;padding-right:0px;padding-bottom:0px;padding-left:0px;}.wp-block-kadence-advancedheading.kt-adv-heading110_605431-33 img.kb-inline-image, .wp-block-kadence-advancedheading.kt-adv-heading110_605431-33[data-kb-block=\"kb-adv-heading110_605431-33\"] img.kb-inline-image{width:150px;vertical-align:baseline;}<\/style>\n<h2 class=\"kt-adv-heading110_605431-33 wp-block-kadence-advancedheading\" data-kb-block=\"kb-adv-heading110_605431-33\"><strong>JOKIGALLERIA<\/strong><\/h2>\n<\/div>\n\n\n<style>.wp-block-kadence-advancedheading.kt-adv-heading110_ad5c3b-09, .wp-block-kadence-advancedheading.kt-adv-heading110_ad5c3b-09[data-kb-block=\"kb-adv-heading110_ad5c3b-09\"]{font-style:normal;}.wp-block-kadence-advancedheading.kt-adv-heading110_ad5c3b-09 mark.kt-highlight, .wp-block-kadence-advancedheading.kt-adv-heading110_ad5c3b-09[data-kb-block=\"kb-adv-heading110_ad5c3b-09\"] mark.kt-highlight{font-style:normal;color:#f76a0c;-webkit-box-decoration-break:clone;box-decoration-break:clone;padding-top:0px;padding-right:0px;padding-bottom:0px;padding-left:0px;}.wp-block-kadence-advancedheading.kt-adv-heading110_ad5c3b-09 img.kb-inline-image, .wp-block-kadence-advancedheading.kt-adv-heading110_ad5c3b-09[data-kb-block=\"kb-adv-heading110_ad5c3b-09\"] img.kb-inline-image{width:150px;vertical-align:baseline;}<\/style>\n<p class=\"kt-adv-heading110_ad5c3b-09 wp-block-kadence-advancedheading\" data-kb-block=\"kb-adv-heading110_ad5c3b-09\">Jokigalleria esittelee nykytaiteen ammattilaisten teoksia.<br>Esill\u00e4 on aina yhden taiteilijan ja taiteilijaryhm\u00e4n n\u00e4yttelykokonaisuus, joka on avoinna yleis\u00f6lle yhden kes\u00e4n ajan.<br>Jokigalleria sijaitsee Hamm\u2019in talon pihapiiriss\u00e4.<\/p>\n\n\n<style>.wp-block-kadence-advancedheading.kt-adv-heading110_4f781c-5b, .wp-block-kadence-advancedheading.kt-adv-heading110_4f781c-5b[data-kb-block=\"kb-adv-heading110_4f781c-5b\"]{font-weight:400;font-style:normal;font-family:'Roboto Condensed';}.wp-block-kadence-advancedheading.kt-adv-heading110_4f781c-5b mark.kt-highlight, .wp-block-kadence-advancedheading.kt-adv-heading110_4f781c-5b[data-kb-block=\"kb-adv-heading110_4f781c-5b\"] mark.kt-highlight{font-style:normal;color:#f76a0c;-webkit-box-decoration-break:clone;box-decoration-break:clone;padding-top:0px;padding-right:0px;padding-bottom:0px;padding-left:0px;}.wp-block-kadence-advancedheading.kt-adv-heading110_4f781c-5b img.kb-inline-image, .wp-block-kadence-advancedheading.kt-adv-heading110_4f781c-5b[data-kb-block=\"kb-adv-heading110_4f781c-5b\"] img.kb-inline-image{width:150px;vertical-align:baseline;}<\/style>\n<h4 class=\"kt-adv-heading110_4f781c-5b wp-block-kadence-advancedheading\" data-kb-block=\"kb-adv-heading110_4f781c-5b\"><strong>Jokigallerian, Vieraskamarin ja puutarhakabinetin aukioloajat:<\/strong><\/h4>\n\n\n<style>.wp-block-kadence-advancedheading.kt-adv-heading110_7ee6cc-17, .wp-block-kadence-advancedheading.kt-adv-heading110_7ee6cc-17[data-kb-block=\"kb-adv-heading110_7ee6cc-17\"]{font-style:normal;}.wp-block-kadence-advancedheading.kt-adv-heading110_7ee6cc-17 mark.kt-highlight, .wp-block-kadence-advancedheading.kt-adv-heading110_7ee6cc-17[data-kb-block=\"kb-adv-heading110_7ee6cc-17\"] mark.kt-highlight{font-style:normal;color:#f76a0c;-webkit-box-decoration-break:clone;box-decoration-break:clone;padding-top:0px;padding-right:0px;padding-bottom:0px;padding-left:0px;}.wp-block-kadence-advancedheading.kt-adv-heading110_7ee6cc-17 img.kb-inline-image, .wp-block-kadence-advancedheading.kt-adv-heading110_7ee6cc-17[data-kb-block=\"kb-adv-heading110_7ee6cc-17\"] img.kb-inline-image{width:150px;vertical-align:baseline;}<\/style>\n<p class=\"kt-adv-heading110_7ee6cc-17 wp-block-kadence-advancedheading\" data-kb-block=\"kb-adv-heading110_7ee6cc-17\">ma-pe 12-18<br>la-su 12-16<br>Vapaa p\u00e4\u00e4sy!<\/p>\n\n\n<style>.wp-block-kadence-advancedheading.kt-adv-heading110_a7f23b-75, .wp-block-kadence-advancedheading.kt-adv-heading110_a7f23b-75[data-kb-block=\"kb-adv-heading110_a7f23b-75\"]{font-weight:400;font-style:normal;font-family:'Roboto Condensed';}.wp-block-kadence-advancedheading.kt-adv-heading110_a7f23b-75 mark.kt-highlight, .wp-block-kadence-advancedheading.kt-adv-heading110_a7f23b-75[data-kb-block=\"kb-adv-heading110_a7f23b-75\"] mark.kt-highlight{font-style:normal;color:#f76a0c;-webkit-box-decoration-break:clone;box-decoration-break:clone;padding-top:0px;padding-right:0px;padding-bottom:0px;padding-left:0px;}.wp-block-kadence-advancedheading.kt-adv-heading110_a7f23b-75 img.kb-inline-image, .wp-block-kadence-advancedheading.kt-adv-heading110_a7f23b-75[data-kb-block=\"kb-adv-heading110_a7f23b-75\"] img.kb-inline-image{width:150px;vertical-align:baseline;}<\/style>\n<h4 class=\"kt-adv-heading110_a7f23b-75 wp-block-kadence-advancedheading\" data-kb-block=\"kb-adv-heading110_a7f23b-75\"><strong>Parfyymisalongin aukioloajat:<\/strong><\/h4>\n\n\n<style>.wp-block-kadence-advancedheading.kt-adv-heading110_213cc5-dd, .wp-block-kadence-advancedheading.kt-adv-heading110_213cc5-dd[data-kb-block=\"kb-adv-heading110_213cc5-dd\"]{font-style:normal;}.wp-block-kadence-advancedheading.kt-adv-heading110_213cc5-dd mark.kt-highlight, .wp-block-kadence-advancedheading.kt-adv-heading110_213cc5-dd[data-kb-block=\"kb-adv-heading110_213cc5-dd\"] mark.kt-highlight{font-style:normal;color:#f76a0c;-webkit-box-decoration-break:clone;box-decoration-break:clone;padding-top:0px;padding-right:0px;padding-bottom:0px;padding-left:0px;}.wp-block-kadence-advancedheading.kt-adv-heading110_213cc5-dd img.kb-inline-image, .wp-block-kadence-advancedheading.kt-adv-heading110_213cc5-dd[data-kb-block=\"kb-adv-heading110_213cc5-dd\"] img.kb-inline-image{width:150px;vertical-align:baseline;}<\/style>\n<p class=\"kt-adv-heading110_213cc5-dd wp-block-kadence-advancedheading\" data-kb-block=\"kb-adv-heading110_213cc5-dd\">ma-pe 11-17<br>la 10-14<br>joulukuussa sunnuntaisin klo 12-16<\/p>\n\n\n<style>.wp-block-kadence-advancedheading.kt-adv-heading110_b6a1ae-41, .wp-block-kadence-advancedheading.kt-adv-heading110_b6a1ae-41[data-kb-block=\"kb-adv-heading110_b6a1ae-41\"]{font-weight:400;font-style:normal;font-family:'Roboto Condensed';}.wp-block-kadence-advancedheading.kt-adv-heading110_b6a1ae-41 mark.kt-highlight, .wp-block-kadence-advancedheading.kt-adv-heading110_b6a1ae-41[data-kb-block=\"kb-adv-heading110_b6a1ae-41\"] mark.kt-highlight{font-style:normal;color:#f76a0c;-webkit-box-decoration-break:clone;box-decoration-break:clone;padding-top:0px;padding-right:0px;padding-bottom:0px;padding-left:0px;}.wp-block-kadence-advancedheading.kt-adv-heading110_b6a1ae-41 img.kb-inline-image, .wp-block-kadence-advancedheading.kt-adv-heading110_b6a1ae-41[data-kb-block=\"kb-adv-heading110_b6a1ae-41\"] img.kb-inline-image{width:150px;vertical-align:baseline;}<\/style>\n<h4 class=\"kt-adv-heading110_b6a1ae-41 wp-block-kadence-advancedheading\" data-kb-block=\"kb-adv-heading110_b6a1ae-41\"><strong>Osoite:<\/strong><\/h4>\n\n\n<style>.wp-block-kadence-advancedheading.kt-adv-heading110_e285dd-a9, .wp-block-kadence-advancedheading.kt-adv-heading110_e285dd-a9[data-kb-block=\"kb-adv-heading110_e285dd-a9\"]{font-style:normal;}.wp-block-kadence-advancedheading.kt-adv-heading110_e285dd-a9 mark.kt-highlight, .wp-block-kadence-advancedheading.kt-adv-heading110_e285dd-a9[data-kb-block=\"kb-adv-heading110_e285dd-a9\"] mark.kt-highlight{font-style:normal;color:#f76a0c;-webkit-box-decoration-break:clone;box-decoration-break:clone;padding-top:0px;padding-right:0px;padding-bottom:0px;padding-left:0px;}.wp-block-kadence-advancedheading.kt-adv-heading110_e285dd-a9 img.kb-inline-image, .wp-block-kadence-advancedheading.kt-adv-heading110_e285dd-a9[data-kb-block=\"kb-adv-heading110_e285dd-a9\"] img.kb-inline-image{width:150px;vertical-align:baseline;}<\/style>\n<p class=\"kt-adv-heading110_e285dd-a9 wp-block-kadence-advancedheading\" data-kb-block=\"kb-adv-heading110_e285dd-a9\">Sorkkistentie 33, Eura<\/p>\n\n\n<style>.wp-block-kadence-advancedheading.kt-adv-heading110_669069-75, .wp-block-kadence-advancedheading.kt-adv-heading110_669069-75[data-kb-block=\"kb-adv-heading110_669069-75\"]{font-weight:400;font-style:normal;font-family:'Roboto Condensed';}.wp-block-kadence-advancedheading.kt-adv-heading110_669069-75 mark.kt-highlight, .wp-block-kadence-advancedheading.kt-adv-heading110_669069-75[data-kb-block=\"kb-adv-heading110_669069-75\"] mark.kt-highlight{font-style:normal;color:#f76a0c;-webkit-box-decoration-break:clone;box-decoration-break:clone;padding-top:0px;padding-right:0px;padding-bottom:0px;padding-left:0px;}.wp-block-kadence-advancedheading.kt-adv-heading110_669069-75 img.kb-inline-image, .wp-block-kadence-advancedheading.kt-adv-heading110_669069-75[data-kb-block=\"kb-adv-heading110_669069-75\"] img.kb-inline-image{width:150px;vertical-align:baseline;}<\/style>\n<h4 class=\"kt-adv-heading110_669069-75 wp-block-kadence-advancedheading\" data-kb-block=\"kb-adv-heading110_669069-75\"><strong>Tiedustelut:<\/strong><\/h4>\n\n\n<style>.wp-block-kadence-advancedheading.kt-adv-heading110_4898b9-6c, .wp-block-kadence-advancedheading.kt-adv-heading110_4898b9-6c[data-kb-block=\"kb-adv-heading110_4898b9-6c\"]{font-style:normal;}.wp-block-kadence-advancedheading.kt-adv-heading110_4898b9-6c mark.kt-highlight, .wp-block-kadence-advancedheading.kt-adv-heading110_4898b9-6c[data-kb-block=\"kb-adv-heading110_4898b9-6c\"] mark.kt-highlight{font-style:normal;color:#f76a0c;-webkit-box-decoration-break:clone;box-decoration-break:clone;padding-top:0px;padding-right:0px;padding-bottom:0px;padding-left:0px;}.wp-block-kadence-advancedheading.kt-adv-heading110_4898b9-6c img.kb-inline-image, .wp-block-kadence-advancedheading.kt-adv-heading110_4898b9-6c[data-kb-block=\"kb-adv-heading110_4898b9-6c\"] img.kb-inline-image{width:150px;vertical-align:baseline;}<\/style>\n<p class=\"kt-adv-heading110_4898b9-6c wp-block-kadence-advancedheading\" data-kb-block=\"kb-adv-heading110_4898b9-6c\">Pirjo Hamm-Hakam\u00e4ki puh. 040-8259180 tai 02-8650082<\/p>\n\n\n<style>.kb-image110_c9f7f5-20 .kb-image-has-overlay:after{opacity:0.3;}<\/style>\n<figure class=\"wp-block-kadence-image kb-image110_c9f7f5-20 size-full\"><img decoding=\"async\" width=\"400\" height=\"268\" data-src=\"https:\/\/eurankemikalio.com\/wp-content\/uploads\/2026\/02\/jokigalleria_web.jpg\" alt=\"\" class=\"kb-img wp-image-113 lazyload\" data-srcset=\"https:\/\/eurankemikalio.com\/wp-content\/uploads\/2026\/02\/jokigalleria_web.jpg 400w, https:\/\/eurankemikalio.com\/wp-content\/uploads\/2026\/02\/jokigalleria_web-300x201.jpg 300w\" data-sizes=\"(max-width: 400px) 100vw, 400px\" src=\"data:image\/svg+xml;base64,PHN2ZyB3aWR0aD0iMSIgaGVpZ2h0PSIxIiB4bWxucz0iaHR0cDovL3d3dy53My5vcmcvMjAwMC9zdmciPjwvc3ZnPg==\" style=\"--smush-placeholder-width: 400px; --smush-placeholder-aspect-ratio: 400\/268;\" \/><\/figure>\n\n\n<style>.wp-block-kadence-advancedheading.kt-adv-heading110_a8de03-09, .wp-block-kadence-advancedheading.kt-adv-heading110_a8de03-09[data-kb-block=\"kb-adv-heading110_a8de03-09\"]{font-style:normal;}.wp-block-kadence-advancedheading.kt-adv-heading110_a8de03-09 mark.kt-highlight, .wp-block-kadence-advancedheading.kt-adv-heading110_a8de03-09[data-kb-block=\"kb-adv-heading110_a8de03-09\"] mark.kt-highlight{font-style:normal;color:#f76a0c;-webkit-box-decoration-break:clone;box-decoration-break:clone;padding-top:0px;padding-right:0px;padding-bottom:0px;padding-left:0px;}.wp-block-kadence-advancedheading.kt-adv-heading110_a8de03-09 img.kb-inline-image, .wp-block-kadence-advancedheading.kt-adv-heading110_a8de03-09[data-kb-block=\"kb-adv-heading110_a8de03-09\"] img.kb-inline-image{width:150px;vertical-align:baseline;}<\/style>\n<p class=\"kt-adv-heading110_a8de03-09 wp-block-kadence-advancedheading\" data-kb-block=\"kb-adv-heading110_a8de03-09\">Pohjapiirustukset<\/p>\n\n\n<style>.wp-block-kadence-advancedgallery .kb-gallery-type-grid.kb-gallery-id-110_9620fe-55{margin:-5px;}.kb-gallery-type-grid.kb-gallery-id-110_9620fe-55 .kadence-blocks-gallery-item{padding:5px;}.kb-gallery-id-110_9620fe-55 .kadence-blocks-gallery-item .kb-gal-image-radius, .kb-gallery-id-110_9620fe-55 .kb-slide-item .kb-gal-image-radius img{border-radius:0px 0px 0px 0px;;}<\/style><div class=\"kb-gallery-wrap-id-110_9620fe-55 alignnone wp-block-kadence-advancedgallery\"><ul class=\"kb-gallery-ul kb-gallery-non-static kb-gallery-type-grid kb-gallery-id-110_9620fe-55 kb-gallery-caption-style-bottom-hover kb-gallery-filter-none\" data-image-filter=\"none\" data-item-selector=\".kadence-blocks-gallery-item\" data-lightbox-caption=\"true\" data-columns-xxl=\"4\" data-columns-xl=\"4\" data-columns-md=\"4\" data-columns-sm=\"3\" data-columns-xs=\"2\" data-columns-ss=\"2\"><li class=\"kadence-blocks-gallery-item\" tabindex=\"0\"><div class=\"kadence-blocks-gallery-item-inner\"><figure class=\"kb-gallery-figure kadence-blocks-gallery-item-hide-caption\"><div class=\"kb-gal-image-radius\"><div class=\"kb-gallery-image-contain kadence-blocks-gallery-intrinsic kb-gallery-image-ratio-land32 kb-has-image-ratio-land32\" ><img decoding=\"async\" data-src=\"https:\/\/eurankemikalio.com\/wp-content\/uploads\/2026\/02\/malli1_TN.jpg\" width=\"300\" height=\"152\" alt=\"\" data-full-image=\"https:\/\/eurankemikalio.com\/wp-content\/uploads\/2026\/02\/malli1_TN.jpg\" data-light-image=\"https:\/\/eurankemikalio.com\/wp-content\/uploads\/2026\/02\/malli1_TN.jpg\" data-id=\"114\" class=\"wp-image-114 lazyload\" src=\"data:image\/svg+xml;base64,PHN2ZyB3aWR0aD0iMSIgaGVpZ2h0PSIxIiB4bWxucz0iaHR0cDovL3d3dy53My5vcmcvMjAwMC9zdmciPjwvc3ZnPg==\" style=\"--smush-placeholder-width: 300px; --smush-placeholder-aspect-ratio: 300\/152;\" \/><\/div><\/div><\/figure><\/div><\/li><li class=\"kadence-blocks-gallery-item\" tabindex=\"0\"><div class=\"kadence-blocks-gallery-item-inner\"><figure class=\"kb-gallery-figure kadence-blocks-gallery-item-hide-caption\"><div class=\"kb-gal-image-radius\"><div class=\"kb-gallery-image-contain kadence-blocks-gallery-intrinsic kb-gallery-image-ratio-land32 kb-has-image-ratio-land32\" ><img decoding=\"async\" data-src=\"https:\/\/eurankemikalio.com\/wp-content\/uploads\/2026\/02\/malli2-1024x519.jpg\" width=\"1024\" height=\"519\" alt=\"\" data-full-image=\"https:\/\/eurankemikalio.com\/wp-content\/uploads\/2026\/02\/malli2.jpg\" data-light-image=\"https:\/\/eurankemikalio.com\/wp-content\/uploads\/2026\/02\/malli2.jpg\" data-id=\"115\" class=\"wp-image-115 lazyload\" data-srcset=\"https:\/\/eurankemikalio.com\/wp-content\/uploads\/2026\/02\/malli2-1024x519.jpg 1024w, https:\/\/eurankemikalio.com\/wp-content\/uploads\/2026\/02\/malli2-300x152.jpg 300w, https:\/\/eurankemikalio.com\/wp-content\/uploads\/2026\/02\/malli2-768x389.jpg 768w, https:\/\/eurankemikalio.com\/wp-content\/uploads\/2026\/02\/malli2.jpg 1276w\" data-sizes=\"(max-width: 1024px) 100vw, 1024px\" src=\"data:image\/svg+xml;base64,PHN2ZyB3aWR0aD0iMSIgaGVpZ2h0PSIxIiB4bWxucz0iaHR0cDovL3d3dy53My5vcmcvMjAwMC9zdmciPjwvc3ZnPg==\" style=\"--smush-placeholder-width: 1024px; --smush-placeholder-aspect-ratio: 1024\/519;\" \/><\/div><\/div><\/figure><\/div><\/li><li class=\"kadence-blocks-gallery-item\" tabindex=\"0\"><div class=\"kadence-blocks-gallery-item-inner\"><figure class=\"kb-gallery-figure kadence-blocks-gallery-item-hide-caption\"><div class=\"kb-gal-image-radius\"><div class=\"kb-gallery-image-contain kadence-blocks-gallery-intrinsic kb-gallery-image-ratio-land32 kb-has-image-ratio-land32\" ><img decoding=\"async\" data-src=\"https:\/\/eurankemikalio.com\/wp-content\/uploads\/2026\/02\/malli3-1024x519.jpg\" width=\"1024\" height=\"519\" alt=\"\" data-full-image=\"https:\/\/eurankemikalio.com\/wp-content\/uploads\/2026\/02\/malli3.jpg\" data-light-image=\"https:\/\/eurankemikalio.com\/wp-content\/uploads\/2026\/02\/malli3.jpg\" data-id=\"116\" class=\"wp-image-116 lazyload\" data-srcset=\"https:\/\/eurankemikalio.com\/wp-content\/uploads\/2026\/02\/malli3-1024x519.jpg 1024w, https:\/\/eurankemikalio.com\/wp-content\/uploads\/2026\/02\/malli3-300x152.jpg 300w, https:\/\/eurankemikalio.com\/wp-content\/uploads\/2026\/02\/malli3-768x389.jpg 768w, https:\/\/eurankemikalio.com\/wp-content\/uploads\/2026\/02\/malli3.jpg 1276w\" data-sizes=\"(max-width: 1024px) 100vw, 1024px\" src=\"data:image\/svg+xml;base64,PHN2ZyB3aWR0aD0iMSIgaGVpZ2h0PSIxIiB4bWxucz0iaHR0cDovL3d3dy53My5vcmcvMjAwMC9zdmciPjwvc3ZnPg==\" style=\"--smush-placeholder-width: 1024px; --smush-placeholder-aspect-ratio: 1024\/519;\" \/><\/div><\/div><\/figure><\/div><\/li><li class=\"kadence-blocks-gallery-item\" tabindex=\"0\"><div class=\"kadence-blocks-gallery-item-inner\"><figure class=\"kb-gallery-figure kadence-blocks-gallery-item-hide-caption\"><div class=\"kb-gal-image-radius\"><div class=\"kb-gallery-image-contain kadence-blocks-gallery-intrinsic kb-gallery-image-ratio-land32 kb-has-image-ratio-land32\" ><img decoding=\"async\" data-src=\"https:\/\/eurankemikalio.com\/wp-content\/uploads\/2026\/02\/malli4-1024x519.jpg\" width=\"1024\" height=\"519\" alt=\"\" data-full-image=\"https:\/\/eurankemikalio.com\/wp-content\/uploads\/2026\/02\/malli4.jpg\" data-light-image=\"https:\/\/eurankemikalio.com\/wp-content\/uploads\/2026\/02\/malli4.jpg\" data-id=\"117\" class=\"wp-image-117 lazyload\" data-srcset=\"https:\/\/eurankemikalio.com\/wp-content\/uploads\/2026\/02\/malli4-1024x519.jpg 1024w, https:\/\/eurankemikalio.com\/wp-content\/uploads\/2026\/02\/malli4-300x152.jpg 300w, https:\/\/eurankemikalio.com\/wp-content\/uploads\/2026\/02\/malli4-768x389.jpg 768w, https:\/\/eurankemikalio.com\/wp-content\/uploads\/2026\/02\/malli4.jpg 1276w\" data-sizes=\"(max-width: 1024px) 100vw, 1024px\" src=\"data:image\/svg+xml;base64,PHN2ZyB3aWR0aD0iMSIgaGVpZ2h0PSIxIiB4bWxucz0iaHR0cDovL3d3dy53My5vcmcvMjAwMC9zdmciPjwvc3ZnPg==\" style=\"--smush-placeholder-width: 1024px; --smush-placeholder-aspect-ratio: 1024\/519;\" \/><\/div><\/div><\/figure><\/div><\/li><\/ul><\/div>\n\n\n<p><\/p>\n","protected":false},"excerpt":{"rendered":"<p>JOKIGALLERIA Jokigalleria esittelee nykytaiteen ammattilaisten teoksia.Esill\u00e4 on aina yhden taiteilijan ja taiteilijaryhm\u00e4n n\u00e4yttelykokonaisuus, joka on avoinna yleis\u00f6lle yhden kes\u00e4n ajan.Jokigalleria sijaitsee Hamm\u2019in talon pihapiiriss\u00e4. Jokigallerian, Vieraskamarin ja puutarhakabinetin aukioloajat: ma-pe 12-18la-su 12-16Vapaa p\u00e4\u00e4sy! Parfyymisalongin aukioloajat: ma-pe 11-17la 10-14joulukuussa sunnuntaisin klo 12-16 Osoite: Sorkkistentie 33, Eura Tiedustelut: Pirjo Hamm-Hakam\u00e4ki puh. 040-8259180 tai 02-8650082 Pohjapiirustukset<\/p>\n","protected":false},"author":1,"featured_media":0,"parent":0,"menu_order":0,"comment_status":"closed","ping_status":"closed","template":"","meta":{"footnotes":""},"class_list":["post-110","page","type-page","status-publish","hentry"],"blocksy_meta":[],"_links":{"self":[{"href":"https:\/\/eurankemikalio.com\/index.php\/wp-json\/wp\/v2\/pages\/110","targetHints":{"allow":["GET"]}}],"collection":[{"href":"https:\/\/eurankemikalio.com\/index.php\/wp-json\/wp\/v2\/pages"}],"about":[{"href":"https:\/\/eurankemikalio.com\/index.php\/wp-json\/wp\/v2\/types\/page"}],"author":[{"embeddable":true,"href":"https:\/\/eurankemikalio.com\/index.php\/wp-json\/wp\/v2\/users\/1"}],"replies":[{"embeddable":true,"href":"https:\/\/eurankemikalio.com\/index.php\/wp-json\/wp\/v2\/comments?post=110"}],"version-history":[{"count":4,"href":"https:\/\/eurankemikalio.com\/index.php\/wp-json\/wp\/v2\/pages\/110\/revisions"}],"predecessor-version":[{"id":160,"href":"https:\/\/eurankemikalio.com\/index.php\/wp-json\/wp\/v2\/pages\/110\/revisions\/160"}],"wp:attachment":[{"href":"https:\/\/eurankemikalio.com\/index.php\/wp-json\/wp\/v2\/media?parent=110"}],"curies":[{"name":"wp","href":"https:\/\/api.w.org\/{rel}","templated":true}]}}