{"id":121,"date":"2026-02-22T20:51:03","date_gmt":"2026-02-22T20:51:03","guid":{"rendered":"https:\/\/eurankemikalio.com\/?page_id=121"},"modified":"2026-02-23T21:51:48","modified_gmt":"2026-02-23T21:51:48","slug":"valotaideteokset","status":"publish","type":"page","link":"https:\/\/eurankemikalio.com\/index.php\/valotaideteokset\/","title":{"rendered":"VALOTAIDETEOKSET"},"content":{"rendered":"<style>.wp-block-kadence-advancedbtn.kb-btns121_04d0c9-a7{gap:var(--global-kb-gap-none, 0rem );justify-content:center;align-items:flex-end;}.kt-btns121_04d0c9-a7 .kt-button{font-weight:normal;font-style:normal;}.kt-btns121_04d0c9-a7 .kt-btn-wrap-0{margin-right:5px;}.wp-block-kadence-advancedbtn.kt-btns121_04d0c9-a7 .kt-btn-wrap-0 .kt-button{color:#555555;border-color:#555555;}.wp-block-kadence-advancedbtn.kt-btns121_04d0c9-a7 .kt-btn-wrap-0 .kt-button:hover, .wp-block-kadence-advancedbtn.kt-btns121_04d0c9-a7 .kt-btn-wrap-0 .kt-button:focus{color:#ffffff;border-color:#444444;}.wp-block-kadence-advancedbtn.kt-btns121_04d0c9-a7 .kt-btn-wrap-0 .kt-button::before{display:none;}.wp-block-kadence-advancedbtn.kt-btns121_04d0c9-a7 .kt-btn-wrap-0 .kt-button:hover, .wp-block-kadence-advancedbtn.kt-btns121_04d0c9-a7 .kt-btn-wrap-0 .kt-button:focus{background:#444444;}<\/style>\n<div class=\"wp-block-kadence-advancedbtn kb-buttons-wrap kb-btns121_04d0c9-a7\"><style>ul.menu .wp-block-kadence-advancedbtn .kb-btn121_f5d1c0-f9.kb-button{width:initial;}.wp-block-kadence-advancedbtn .kb-btn121_f5d1c0-f9.kb-button{color:#1d1d1d;background:#f36221;}.wp-block-kadence-advancedbtn .kb-btn121_f5d1c0-f9.kb-button:hover, .wp-block-kadence-advancedbtn .kb-btn121_f5d1c0-f9.kb-button:focus{background:#f36221;}<\/style><a class=\"kb-button kt-button button kb-btn121_f5d1c0-f9 kt-btn-size-standard kt-btn-width-type-full kb-btn-global-fill  kt-btn-has-text-true kt-btn-has-svg-false  wp-block-kadence-singlebtn\" href=\"https:\/\/eurankemikalio.com\/\"><span class=\"kt-btn-inner-text\">Etusivu<\/span><\/a>\n\n<style>ul.menu .wp-block-kadence-advancedbtn .kb-btn121_b13897-cf.kb-button{width:initial;}.wp-block-kadence-advancedbtn .kb-btn121_b13897-cf.kb-button{color:#1d1d1d;background:#f36221;}.wp-block-kadence-advancedbtn .kb-btn121_b13897-cf.kb-button:hover, .wp-block-kadence-advancedbtn .kb-btn121_b13897-cf.kb-button:focus{background:#f36221;}<\/style><a class=\"kb-button kt-button button kb-btn121_b13897-cf kt-btn-size-standard kt-btn-width-type-full kb-btn-global-fill  kt-btn-has-text-true kt-btn-has-svg-false  wp-block-kadence-singlebtn\" href=\"https:\/\/eurankemikalio.com\/index.php\/jokigalleria\/\"><span class=\"kt-btn-inner-text\">Jokigalleria<\/span><\/a>\n\n<style>ul.menu .wp-block-kadence-advancedbtn .kb-btn121_dfb0a8-a2.kb-button{width:initial;}.wp-block-kadence-advancedbtn .kb-btn121_dfb0a8-a2.kb-button{color:#1d1d1d;background:#f36221;}.wp-block-kadence-advancedbtn .kb-btn121_dfb0a8-a2.kb-button:hover, .wp-block-kadence-advancedbtn .kb-btn121_dfb0a8-a2.kb-button:focus{background:#f36221;}<\/style><a class=\"kb-button kt-button button kb-btn121_dfb0a8-a2 kt-btn-size-standard kt-btn-width-type-full kb-btn-global-fill  kt-btn-has-text-true kt-btn-has-svg-false  wp-block-kadence-singlebtn\" href=\"https:\/\/eurankemikalio.com\/index.php\/nayttelykalenteri\/\"><span class=\"kt-btn-inner-text\">N\u00e4yttelykalenteri<\/span><\/a>\n\n<style>ul.menu .wp-block-kadence-advancedbtn .kb-btn121_dc47a4-91.kb-button{width:initial;}.wp-block-kadence-advancedbtn .kb-btn121_dc47a4-91.kb-button{color:#1d1d1d;background:#f36221;}.wp-block-kadence-advancedbtn .kb-btn121_dc47a4-91.kb-button:hover, .wp-block-kadence-advancedbtn .kb-btn121_dc47a4-91.kb-button:focus{background:#f36221;}<\/style><a class=\"kb-button kt-button button kb-btn121_dc47a4-91 kt-btn-size-standard kt-btn-width-type-full kb-btn-global-fill  kt-btn-has-text-true kt-btn-has-svg-false  wp-block-kadence-singlebtn\" href=\"https:\/\/eurankemikalio.com\/index.php\/valotaideteokset\/\"><span class=\"kt-btn-inner-text\">Valotaideteokset<\/span><\/a>\n\n<style>ul.menu .wp-block-kadence-advancedbtn .kb-btn121_adc153-a3.kb-button{width:initial;}.wp-block-kadence-advancedbtn .kb-btn121_adc153-a3.kb-button{color:#1d1d1d;background:#f36221;}.wp-block-kadence-advancedbtn .kb-btn121_adc153-a3.kb-button:hover, .wp-block-kadence-advancedbtn .kb-btn121_adc153-a3.kb-button:focus{background:#f36221;}<\/style><a class=\"kb-button kt-button button kb-btn121_adc153-a3 kt-btn-size-standard kt-btn-width-type-full kb-btn-global-fill  kt-btn-has-text-true kt-btn-has-svg-false  wp-block-kadence-singlebtn\" href=\"https:\/\/eurankemikalio.com\/index.php\/videofestarit\/\"><span class=\"kt-btn-inner-text\">Videofestarit<\/span><\/a><\/div>\n\n\n\n<div>\n<div>\n<div class=\"gb-element-a14c7f94\"><style>.kb-image121_379570-d4.kb-image-is-ratio-size, .kb-image121_379570-d4 .kb-image-is-ratio-size{max-width:3000px;width:100%;}.wp-block-kadence-column > .kt-inside-inner-col > .kb-image121_379570-d4.kb-image-is-ratio-size, .wp-block-kadence-column > .kt-inside-inner-col > .kb-image121_379570-d4 .kb-image-is-ratio-size{align-self:unset;}.kb-image121_379570-d4 figure{max-width:3000px;}.kb-image121_379570-d4 .image-is-svg, .kb-image121_379570-d4 .image-is-svg img{width:100%;}.kb-image121_379570-d4 .kb-image-has-overlay:after{opacity:0.3;}<\/style>\n<div class=\"wp-block-kadence-image kb-image121_379570-d4\"><figure class=\"aligncenter size-full\"><img decoding=\"async\" width=\"2560\" height=\"1556\" data-src=\"https:\/\/eurankemikalio.com\/wp-content\/uploads\/2026\/02\/valoteos2022-scaled.jpg\" alt=\"\" class=\"kb-img wp-image-122 lazyload\" data-srcset=\"https:\/\/eurankemikalio.com\/wp-content\/uploads\/2026\/02\/valoteos2022-scaled.jpg 2560w, https:\/\/eurankemikalio.com\/wp-content\/uploads\/2026\/02\/valoteos2022-300x182.jpg 300w, https:\/\/eurankemikalio.com\/wp-content\/uploads\/2026\/02\/valoteos2022-1024x623.jpg 1024w, https:\/\/eurankemikalio.com\/wp-content\/uploads\/2026\/02\/valoteos2022-768x467.jpg 768w, https:\/\/eurankemikalio.com\/wp-content\/uploads\/2026\/02\/valoteos2022-1536x934.jpg 1536w, https:\/\/eurankemikalio.com\/wp-content\/uploads\/2026\/02\/valoteos2022-2048x1245.jpg 2048w\" data-sizes=\"(max-width: 2560px) 100vw, 2560px\" src=\"data:image\/svg+xml;base64,PHN2ZyB3aWR0aD0iMSIgaGVpZ2h0PSIxIiB4bWxucz0iaHR0cDovL3d3dy53My5vcmcvMjAwMC9zdmciPjwvc3ZnPg==\" style=\"--smush-placeholder-width: 2560px; --smush-placeholder-aspect-ratio: 2560\/1556;\" \/><\/figure><\/div>\n<\/div>\n<\/div>\n\n\n<style>.wp-block-kadence-advancedheading.kt-adv-heading121_5731d4-a0, .wp-block-kadence-advancedheading.kt-adv-heading121_5731d4-a0[data-kb-block=\"kb-adv-heading121_5731d4-a0\"]{font-weight:400;font-style:normal;font-family:'Roboto Condensed';}.wp-block-kadence-advancedheading.kt-adv-heading121_5731d4-a0 mark.kt-highlight, .wp-block-kadence-advancedheading.kt-adv-heading121_5731d4-a0[data-kb-block=\"kb-adv-heading121_5731d4-a0\"] mark.kt-highlight{font-style:normal;color:#f76a0c;-webkit-box-decoration-break:clone;box-decoration-break:clone;padding-top:0px;padding-right:0px;padding-bottom:0px;padding-left:0px;}.wp-block-kadence-advancedheading.kt-adv-heading121_5731d4-a0 img.kb-inline-image, .wp-block-kadence-advancedheading.kt-adv-heading121_5731d4-a0[data-kb-block=\"kb-adv-heading121_5731d4-a0\"] img.kb-inline-image{width:150px;vertical-align:baseline;}<\/style>\n<h2 class=\"kt-adv-heading121_5731d4-a0 wp-block-kadence-advancedheading\" data-kb-block=\"kb-adv-heading121_5731d4-a0\"><strong>VALOTAIDETEOKSET<\/strong><\/h2>\n<\/div>\n\n\n<style>.wp-block-kadence-advancedheading.kt-adv-heading121_f14a94-cb, .wp-block-kadence-advancedheading.kt-adv-heading121_f14a94-cb[data-kb-block=\"kb-adv-heading121_f14a94-cb\"]{font-weight:400;font-style:normal;font-family:'Roboto Condensed';}.wp-block-kadence-advancedheading.kt-adv-heading121_f14a94-cb mark.kt-highlight, .wp-block-kadence-advancedheading.kt-adv-heading121_f14a94-cb[data-kb-block=\"kb-adv-heading121_f14a94-cb\"] mark.kt-highlight{font-style:normal;color:#f76a0c;-webkit-box-decoration-break:clone;box-decoration-break:clone;padding-top:0px;padding-right:0px;padding-bottom:0px;padding-left:0px;}.wp-block-kadence-advancedheading.kt-adv-heading121_f14a94-cb img.kb-inline-image, .wp-block-kadence-advancedheading.kt-adv-heading121_f14a94-cb[data-kb-block=\"kb-adv-heading121_f14a94-cb\"] img.kb-inline-image{width:150px;vertical-align:baseline;}<\/style>\n<h4 class=\"kt-adv-heading121_f14a94-cb wp-block-kadence-advancedheading\" data-kb-block=\"kb-adv-heading121_f14a94-cb\"><strong>Suuri valotapahtuma Virta valojen syliss\u00e4 12.\u201320.11.2022 klo 17\u201321<\/strong><\/h4>\n\n\n<style>.wp-block-kadence-advancedheading.kt-adv-heading121_e22f63-c0, .wp-block-kadence-advancedheading.kt-adv-heading121_e22f63-c0[data-kb-block=\"kb-adv-heading121_e22f63-c0\"]{font-style:normal;}.wp-block-kadence-advancedheading.kt-adv-heading121_e22f63-c0 mark.kt-highlight, .wp-block-kadence-advancedheading.kt-adv-heading121_e22f63-c0[data-kb-block=\"kb-adv-heading121_e22f63-c0\"] mark.kt-highlight{font-style:normal;color:#f76a0c;-webkit-box-decoration-break:clone;box-decoration-break:clone;padding-top:0px;padding-right:0px;padding-bottom:0px;padding-left:0px;}.wp-block-kadence-advancedheading.kt-adv-heading121_e22f63-c0 img.kb-inline-image, .wp-block-kadence-advancedheading.kt-adv-heading121_e22f63-c0[data-kb-block=\"kb-adv-heading121_e22f63-c0\"] img.kb-inline-image{width:150px;vertical-align:baseline;}<\/style>\n<p class=\"kt-adv-heading121_e22f63-c0 wp-block-kadence-advancedheading\" data-kb-block=\"kb-adv-heading121_e22f63-c0\">Sunnuntaina 20.11.2022 Hammin talon jokirannassa Pirjo Hamm-Hakam\u00e4ki pit\u00e4\u00e4 klo 18.00 ensimm\u00e4isen kerran omasta runosta Valon ja veden lahja runomusiikkiesityksen. Valotapahtuman ajan taiden\u00e4yttelyt, liiketilat ja pikkuinen Boheemi kahvila avoinna joka p\u00e4iv\u00e4 klo 21.00.<br><br>Itsen\u00e4isyysp\u00e4iv\u00e4n\u00e4 6.12.2022 Hamm&#8217;in talon jokirannassa syttyv\u00e4t viel\u00e4 kerran t\u00e4n\u00e4 vuonna Suuren Valotapahtuman valot. Ne palavat klo 16 &#8211; 21 Finlandia -hymnin soidessa taustalla. Syd\u00e4mellisesti tervetuloa!<br><\/p>\n\n\n<style>.wp-block-kadence-advancedheading.kt-adv-heading121_4ee979-be, .wp-block-kadence-advancedheading.kt-adv-heading121_4ee979-be[data-kb-block=\"kb-adv-heading121_4ee979-be\"]{font-style:normal;}.wp-block-kadence-advancedheading.kt-adv-heading121_4ee979-be mark.kt-highlight, .wp-block-kadence-advancedheading.kt-adv-heading121_4ee979-be[data-kb-block=\"kb-adv-heading121_4ee979-be\"] mark.kt-highlight{font-style:normal;color:#f76a0c;-webkit-box-decoration-break:clone;box-decoration-break:clone;padding-top:0px;padding-right:0px;padding-bottom:0px;padding-left:0px;}.wp-block-kadence-advancedheading.kt-adv-heading121_4ee979-be img.kb-inline-image, .wp-block-kadence-advancedheading.kt-adv-heading121_4ee979-be[data-kb-block=\"kb-adv-heading121_4ee979-be\"] img.kb-inline-image{width:150px;vertical-align:baseline;}<\/style>\n<p class=\"kt-adv-heading121_4ee979-be wp-block-kadence-advancedheading\" data-kb-block=\"kb-adv-heading121_4ee979-be\"><em>Pirjo Hamm-Hakam\u00e4en performanssi jokirannassa valotaidetapahtuman aikaan. &#8221;Persialainen satu&#8221; (tanssivien valojen tanssi joelle t\u00e4yden kuun aikaan)<\/em><\/p>\n\n\n<style>.kb-gallery-id-121_5fc1ee-4c.kb-gallery-ul.kb-gallery-type-fluidcarousel .kt-blocks-carousel figure .kb-gal-image-radius, .kb-gallery-id-121_5fc1ee-4c.kb-gallery-ul.kb-gallery-type-fluidcarousel .kt-blocks-carousel figure .kb-gal-image-radius img{height:368px;}.kb-gallery-id-121_5fc1ee-4c .kadence-blocks-gallery-item .kb-gal-image-radius, .kb-gallery-id-121_5fc1ee-4c .kb-slide-item .kb-gal-image-radius img{border-radius:0px 0px 0px 0px;;}.kb-gallery-wrap-id-121_5fc1ee-4c.wp-block-kadence-advancedgallery{overflow:visible;}.kb-gallery-wrap-id-121_5fc1ee-4c.wp-block-kadence-advancedgallery .kt-blocks-carousel{overflow:visible;max-width:100%;}<\/style><div class=\"kb-gallery-wrap-id-121_5fc1ee-4c alignnone wp-block-kadence-advancedgallery\"><div class=\"kb-gallery-ul kb-gallery-non-static kb-gallery-type-fluidcarousel kb-gallery-id-121_5fc1ee-4c kb-gallery-caption-style-bottom-hover kb-gallery-filter-none\" data-image-filter=\"none\" data-lightbox-caption=\"true\"><div class=\"kt-blocks-carousel splide kt-carousel-container-dotstyle-dark kt-carousel-arrowstyle-whiteondark kt-carousel-dotstyle-dark kb-slider-group-arrow kb-slider-arrow-position-center\" data-slider-anim-speed=\"400\" data-slider-scroll=\"1\" data-slider-arrows=\"true\" data-slider-dots=\"true\" data-slider-hover-pause=\"false\" data-slider-auto=\"\" data-slider-speed=\"7000\" data-slider-type=\"fluidcarousel\" data-slider-center-mode=\"true\" data-slider-gap=\"10px\" data-slider-gap-tablet=\"10px\" data-slider-gap-mobile=\"10px\" data-show-pause-button=\"false\"><div class=\"splide__track\"><ul class=\"kt-blocks-carousel-init kb-blocks-fluid-carousel splide__list\"><li class=\"kb-slide-item kb-gallery-carousel-item splide__slide\"><div class=\"kadence-blocks-gallery-item\"><div class=\"kadence-blocks-gallery-item-inner\"><figure class=\"kb-gallery-figure kb-gallery-item-has-link kadence-blocks-gallery-item-hide-caption\"><a href=\"https:\/\/eurankemikalio.com\/wp-content\/uploads\/2026\/02\/valotaideteos1.jpg\" class=\"kb-gallery-item-link\"  ><div class=\"kb-gal-image-radius\"><div class=\"kb-gallery-image-contain\" ><img decoding=\"async\" src=\"https:\/\/eurankemikalio.com\/wp-content\/uploads\/2026\/02\/valotaideteos1.jpg\" width=\"400\" height=\"482\" alt=\"\" data-full-image=\"https:\/\/eurankemikalio.com\/wp-content\/uploads\/2026\/02\/valotaideteos1.jpg\" data-light-image=\"https:\/\/eurankemikalio.com\/wp-content\/uploads\/2026\/02\/valotaideteos1.jpg\" data-id=\"124\" class=\"wp-image-124 skip-lazy\" srcset=\"https:\/\/eurankemikalio.com\/wp-content\/uploads\/2026\/02\/valotaideteos1.jpg 400w, https:\/\/eurankemikalio.com\/wp-content\/uploads\/2026\/02\/valotaideteos1-249x300.jpg 249w\" sizes=\"(max-width: 400px) 100vw, 400px\" \/><\/div><\/div><\/a><\/figure><\/div><\/div><\/li><li class=\"kb-slide-item kb-gallery-carousel-item splide__slide\"><div class=\"kadence-blocks-gallery-item\"><div class=\"kadence-blocks-gallery-item-inner\"><figure class=\"kb-gallery-figure kb-gallery-item-has-link kadence-blocks-gallery-item-hide-caption\"><a href=\"https:\/\/eurankemikalio.com\/wp-content\/uploads\/2026\/02\/valotaideteos4.jpg\" class=\"kb-gallery-item-link\"  ><div class=\"kb-gal-image-radius\"><div class=\"kb-gallery-image-contain\" ><img decoding=\"async\" src=\"https:\/\/eurankemikalio.com\/wp-content\/uploads\/2026\/02\/valotaideteos4.jpg\" width=\"500\" height=\"335\" alt=\"\" data-full-image=\"https:\/\/eurankemikalio.com\/wp-content\/uploads\/2026\/02\/valotaideteos4.jpg\" data-light-image=\"https:\/\/eurankemikalio.com\/wp-content\/uploads\/2026\/02\/valotaideteos4.jpg\" data-id=\"125\" class=\"wp-image-125 skip-lazy\" srcset=\"https:\/\/eurankemikalio.com\/wp-content\/uploads\/2026\/02\/valotaideteos4.jpg 500w, https:\/\/eurankemikalio.com\/wp-content\/uploads\/2026\/02\/valotaideteos4-300x201.jpg 300w\" sizes=\"(max-width: 500px) 100vw, 500px\" \/><\/div><\/div><\/a><\/figure><\/div><\/div><\/li><li class=\"kb-slide-item kb-gallery-carousel-item splide__slide\"><div class=\"kadence-blocks-gallery-item\"><div class=\"kadence-blocks-gallery-item-inner\"><figure class=\"kb-gallery-figure kb-gallery-item-has-link kadence-blocks-gallery-item-hide-caption\"><a href=\"https:\/\/eurankemikalio.com\/wp-content\/uploads\/2026\/02\/valotaideteos4_002.jpg\" class=\"kb-gallery-item-link\"  ><div class=\"kb-gal-image-radius\"><div class=\"kb-gallery-image-contain\" ><img decoding=\"async\" src=\"https:\/\/eurankemikalio.com\/wp-content\/uploads\/2026\/02\/valotaideteos4_002.jpg\" width=\"400\" height=\"240\" alt=\"\" data-full-image=\"https:\/\/eurankemikalio.com\/wp-content\/uploads\/2026\/02\/valotaideteos4_002.jpg\" data-light-image=\"https:\/\/eurankemikalio.com\/wp-content\/uploads\/2026\/02\/valotaideteos4_002.jpg\" data-id=\"126\" class=\"wp-image-126 skip-lazy\" srcset=\"https:\/\/eurankemikalio.com\/wp-content\/uploads\/2026\/02\/valotaideteos4_002.jpg 400w, https:\/\/eurankemikalio.com\/wp-content\/uploads\/2026\/02\/valotaideteos4_002-300x180.jpg 300w\" sizes=\"(max-width: 400px) 100vw, 400px\" \/><\/div><\/div><\/a><\/figure><\/div><\/div><\/li><li class=\"kb-slide-item kb-gallery-carousel-item splide__slide\"><div class=\"kadence-blocks-gallery-item\"><div class=\"kadence-blocks-gallery-item-inner\"><figure class=\"kb-gallery-figure kb-gallery-item-has-link kadence-blocks-gallery-item-hide-caption\"><a href=\"https:\/\/eurankemikalio.com\/wp-content\/uploads\/2026\/02\/valotaideteos5.jpg\" class=\"kb-gallery-item-link\"  ><div class=\"kb-gal-image-radius\"><div class=\"kb-gallery-image-contain\" ><img decoding=\"async\" src=\"https:\/\/eurankemikalio.com\/wp-content\/uploads\/2026\/02\/valotaideteos5.jpg\" width=\"500\" height=\"335\" alt=\"\" data-full-image=\"https:\/\/eurankemikalio.com\/wp-content\/uploads\/2026\/02\/valotaideteos5.jpg\" data-light-image=\"https:\/\/eurankemikalio.com\/wp-content\/uploads\/2026\/02\/valotaideteos5.jpg\" data-id=\"127\" class=\"wp-image-127 skip-lazy\" srcset=\"https:\/\/eurankemikalio.com\/wp-content\/uploads\/2026\/02\/valotaideteos5.jpg 500w, https:\/\/eurankemikalio.com\/wp-content\/uploads\/2026\/02\/valotaideteos5-300x201.jpg 300w\" sizes=\"(max-width: 500px) 100vw, 500px\" \/><\/div><\/div><\/a><\/figure><\/div><\/div><\/li><li class=\"kb-slide-item kb-gallery-carousel-item splide__slide\"><div class=\"kadence-blocks-gallery-item\"><div class=\"kadence-blocks-gallery-item-inner\"><figure class=\"kb-gallery-figure kb-gallery-item-has-link kadence-blocks-gallery-item-hide-caption\"><a href=\"https:\/\/eurankemikalio.com\/wp-content\/uploads\/2026\/02\/valoteos1.jpg\" class=\"kb-gallery-item-link\"  ><div class=\"kb-gal-image-radius\"><div class=\"kb-gallery-image-contain\" ><img decoding=\"async\" src=\"https:\/\/eurankemikalio.com\/wp-content\/uploads\/2026\/02\/valoteos1.jpg\" width=\"400\" height=\"240\" alt=\"\" data-full-image=\"https:\/\/eurankemikalio.com\/wp-content\/uploads\/2026\/02\/valoteos1.jpg\" data-light-image=\"https:\/\/eurankemikalio.com\/wp-content\/uploads\/2026\/02\/valoteos1.jpg\" data-id=\"128\" class=\"wp-image-128 skip-lazy\" srcset=\"https:\/\/eurankemikalio.com\/wp-content\/uploads\/2026\/02\/valoteos1.jpg 400w, https:\/\/eurankemikalio.com\/wp-content\/uploads\/2026\/02\/valoteos1-300x180.jpg 300w\" sizes=\"(max-width: 400px) 100vw, 400px\" \/><\/div><\/div><\/a><\/figure><\/div><\/div><\/li><li class=\"kb-slide-item kb-gallery-carousel-item splide__slide\"><div class=\"kadence-blocks-gallery-item\"><div class=\"kadence-blocks-gallery-item-inner\"><figure class=\"kb-gallery-figure kb-gallery-item-has-link kadence-blocks-gallery-item-hide-caption\"><a href=\"https:\/\/eurankemikalio.com\/wp-content\/uploads\/2026\/02\/valoteos2.jpg\" class=\"kb-gallery-item-link\"  ><div class=\"kb-gal-image-radius\"><div class=\"kb-gallery-image-contain\" ><img decoding=\"async\" src=\"https:\/\/eurankemikalio.com\/wp-content\/uploads\/2026\/02\/valoteos2.jpg\" width=\"400\" height=\"240\" alt=\"\" data-full-image=\"https:\/\/eurankemikalio.com\/wp-content\/uploads\/2026\/02\/valoteos2.jpg\" data-light-image=\"https:\/\/eurankemikalio.com\/wp-content\/uploads\/2026\/02\/valoteos2.jpg\" data-id=\"129\" class=\"wp-image-129 skip-lazy\" srcset=\"https:\/\/eurankemikalio.com\/wp-content\/uploads\/2026\/02\/valoteos2.jpg 400w, https:\/\/eurankemikalio.com\/wp-content\/uploads\/2026\/02\/valoteos2-300x180.jpg 300w\" sizes=\"(max-width: 400px) 100vw, 400px\" \/><\/div><\/div><\/a><\/figure><\/div><\/div><\/li><li class=\"kb-slide-item kb-gallery-carousel-item splide__slide\"><div class=\"kadence-blocks-gallery-item\"><div class=\"kadence-blocks-gallery-item-inner\"><figure class=\"kb-gallery-figure kb-gallery-item-has-link kadence-blocks-gallery-item-hide-caption\"><a href=\"https:\/\/eurankemikalio.com\/wp-content\/uploads\/2026\/02\/valoteos3.jpg\" class=\"kb-gallery-item-link\"  ><div class=\"kb-gal-image-radius\"><div class=\"kb-gallery-image-contain\" ><img decoding=\"async\" src=\"https:\/\/eurankemikalio.com\/wp-content\/uploads\/2026\/02\/valoteos3.jpg\" width=\"400\" height=\"240\" alt=\"\" data-full-image=\"https:\/\/eurankemikalio.com\/wp-content\/uploads\/2026\/02\/valoteos3.jpg\" data-light-image=\"https:\/\/eurankemikalio.com\/wp-content\/uploads\/2026\/02\/valoteos3.jpg\" data-id=\"130\" class=\"wp-image-130 skip-lazy\" srcset=\"https:\/\/eurankemikalio.com\/wp-content\/uploads\/2026\/02\/valoteos3.jpg 400w, https:\/\/eurankemikalio.com\/wp-content\/uploads\/2026\/02\/valoteos3-300x180.jpg 300w\" sizes=\"(max-width: 400px) 100vw, 400px\" \/><\/div><\/div><\/a><\/figure><\/div><\/div><\/li><\/ul><\/div><\/div><\/div><\/div>\n\n<style>.wp-block-kadence-advancedheading.kt-adv-heading121_2afd88-1a, .wp-block-kadence-advancedheading.kt-adv-heading121_2afd88-1a[data-kb-block=\"kb-adv-heading121_2afd88-1a\"]{font-weight:400;font-style:normal;font-family:'Roboto Condensed';}.wp-block-kadence-advancedheading.kt-adv-heading121_2afd88-1a mark.kt-highlight, .wp-block-kadence-advancedheading.kt-adv-heading121_2afd88-1a[data-kb-block=\"kb-adv-heading121_2afd88-1a\"] mark.kt-highlight{font-style:normal;color:#f76a0c;-webkit-box-decoration-break:clone;box-decoration-break:clone;padding-top:0px;padding-right:0px;padding-bottom:0px;padding-left:0px;}.wp-block-kadence-advancedheading.kt-adv-heading121_2afd88-1a img.kb-inline-image, .wp-block-kadence-advancedheading.kt-adv-heading121_2afd88-1a[data-kb-block=\"kb-adv-heading121_2afd88-1a\"] img.kb-inline-image{width:150px;vertical-align:baseline;}<\/style>\n<h4 class=\"kt-adv-heading121_2afd88-1a wp-block-kadence-advancedheading\" data-kb-block=\"kb-adv-heading121_2afd88-1a\"><strong>Hyllyjen v\u00e4liss\u00e4 -taiden\u00e4yttelyt<\/strong><\/h4>\n\n\n<style>.wp-block-kadence-advancedheading.kt-adv-heading121_a1fc56-53, .wp-block-kadence-advancedheading.kt-adv-heading121_a1fc56-53[data-kb-block=\"kb-adv-heading121_a1fc56-53\"]{font-style:normal;}.wp-block-kadence-advancedheading.kt-adv-heading121_a1fc56-53 mark.kt-highlight, .wp-block-kadence-advancedheading.kt-adv-heading121_a1fc56-53[data-kb-block=\"kb-adv-heading121_a1fc56-53\"] mark.kt-highlight{font-style:normal;color:#f76a0c;-webkit-box-decoration-break:clone;box-decoration-break:clone;padding-top:0px;padding-right:0px;padding-bottom:0px;padding-left:0px;}.wp-block-kadence-advancedheading.kt-adv-heading121_a1fc56-53 img.kb-inline-image, .wp-block-kadence-advancedheading.kt-adv-heading121_a1fc56-53[data-kb-block=\"kb-adv-heading121_a1fc56-53\"] img.kb-inline-image{width:150px;vertical-align:baseline;}<\/style>\n<p class=\"kt-adv-heading121_a1fc56-53 wp-block-kadence-advancedheading\" data-kb-block=\"kb-adv-heading121_a1fc56-53\">Hyllyjen v\u00e4liss\u00e4 -taiden\u00e4yttelyt ovat kutsun\u00e4yttelyit\u00e4 ansioituneille taiteilijoille kemikalion hyllyjen v\u00e4liss\u00e4 kerran vuodessa marraskuussa.<br><br>2003,&nbsp;<a href=\"http:\/\/www.mursu.net\/mollu\/\">Marjo Heino-Fihlman<\/a>, Lakasta naiset<br>2004,&nbsp;<a href=\"http:\/\/www.spicetrade.org\/\">Kalle Hamm<\/a>, Valkoiset mustelmat<br>2005,&nbsp;<a href=\"\">Dzamil Kamanger<\/a>, Pitsiliinoja<br>2006, Titta Valla, Taivas putoaa hitaasti maahan saakka<br>2011, Sanna Saarinen, Valon hehkussa<br><\/p>\n","protected":false},"excerpt":{"rendered":"<p>VALOTAIDETEOKSET Suuri valotapahtuma Virta valojen syliss\u00e4 12.\u201320.11.2022 klo 17\u201321 Sunnuntaina 20.11.2022 Hammin talon jokirannassa Pirjo Hamm-Hakam\u00e4ki pit\u00e4\u00e4 klo 18.00 ensimm\u00e4isen kerran omasta runosta Valon ja veden lahja runomusiikkiesityksen. Valotapahtuman ajan taiden\u00e4yttelyt, liiketilat ja pikkuinen Boheemi kahvila avoinna joka p\u00e4iv\u00e4 klo 21.00. Itsen\u00e4isyysp\u00e4iv\u00e4n\u00e4 6.12.2022 Hamm&#8217;in talon jokirannassa syttyv\u00e4t viel\u00e4 kerran t\u00e4n\u00e4 vuonna Suuren Valotapahtuman valot. Ne [&hellip;]<\/p>\n","protected":false},"author":1,"featured_media":0,"parent":0,"menu_order":0,"comment_status":"closed","ping_status":"closed","template":"","meta":{"footnotes":""},"class_list":["post-121","page","type-page","status-publish","hentry"],"blocksy_meta":[],"_links":{"self":[{"href":"https:\/\/eurankemikalio.com\/index.php\/wp-json\/wp\/v2\/pages\/121","targetHints":{"allow":["GET"]}}],"collection":[{"href":"https:\/\/eurankemikalio.com\/index.php\/wp-json\/wp\/v2\/pages"}],"about":[{"href":"https:\/\/eurankemikalio.com\/index.php\/wp-json\/wp\/v2\/types\/page"}],"author":[{"embeddable":true,"href":"https:\/\/eurankemikalio.com\/index.php\/wp-json\/wp\/v2\/users\/1"}],"replies":[{"embeddable":true,"href":"https:\/\/eurankemikalio.com\/index.php\/wp-json\/wp\/v2\/comments?post=121"}],"version-history":[{"count":6,"href":"https:\/\/eurankemikalio.com\/index.php\/wp-json\/wp\/v2\/pages\/121\/revisions"}],"predecessor-version":[{"id":197,"href":"https:\/\/eurankemikalio.com\/index.php\/wp-json\/wp\/v2\/pages\/121\/revisions\/197"}],"wp:attachment":[{"href":"https:\/\/eurankemikalio.com\/index.php\/wp-json\/wp\/v2\/media?parent=121"}],"curies":[{"name":"wp","href":"https:\/\/api.w.org\/{rel}","templated":true}]}}