{"id":134,"date":"2026-02-22T20:56:47","date_gmt":"2026-02-22T20:56:47","guid":{"rendered":"https:\/\/eurankemikalio.com\/?page_id=134"},"modified":"2026-02-23T21:52:23","modified_gmt":"2026-02-23T21:52:23","slug":"videofestarit","status":"publish","type":"page","link":"https:\/\/eurankemikalio.com\/index.php\/videofestarit\/","title":{"rendered":"VIDEOFESTARIT"},"content":{"rendered":"<style>.wp-block-kadence-advancedbtn.kb-btns134_04b9c9-93{gap:var(--global-kb-gap-none, 0rem );justify-content:center;align-items:flex-end;}.kt-btns134_04b9c9-93 .kt-button{font-weight:normal;font-style:normal;}.kt-btns134_04b9c9-93 .kt-btn-wrap-0{margin-right:5px;}.wp-block-kadence-advancedbtn.kt-btns134_04b9c9-93 .kt-btn-wrap-0 .kt-button{color:#555555;border-color:#555555;}.wp-block-kadence-advancedbtn.kt-btns134_04b9c9-93 .kt-btn-wrap-0 .kt-button:hover, .wp-block-kadence-advancedbtn.kt-btns134_04b9c9-93 .kt-btn-wrap-0 .kt-button:focus{color:#ffffff;border-color:#444444;}.wp-block-kadence-advancedbtn.kt-btns134_04b9c9-93 .kt-btn-wrap-0 .kt-button::before{display:none;}.wp-block-kadence-advancedbtn.kt-btns134_04b9c9-93 .kt-btn-wrap-0 .kt-button:hover, .wp-block-kadence-advancedbtn.kt-btns134_04b9c9-93 .kt-btn-wrap-0 .kt-button:focus{background:#444444;}<\/style>\n<div class=\"wp-block-kadence-advancedbtn kb-buttons-wrap kb-btns134_04b9c9-93\"><style>ul.menu .wp-block-kadence-advancedbtn .kb-btn134_c5c51a-4a.kb-button{width:initial;}.wp-block-kadence-advancedbtn .kb-btn134_c5c51a-4a.kb-button{color:#1d1d1d;background:#f36221;}.wp-block-kadence-advancedbtn .kb-btn134_c5c51a-4a.kb-button:hover, .wp-block-kadence-advancedbtn .kb-btn134_c5c51a-4a.kb-button:focus{background:#f36221;}<\/style><a class=\"kb-button kt-button button kb-btn134_c5c51a-4a kt-btn-size-standard kt-btn-width-type-full kb-btn-global-fill  kt-btn-has-text-true kt-btn-has-svg-false  wp-block-kadence-singlebtn\" href=\"https:\/\/eurankemikalio.com\/\"><span class=\"kt-btn-inner-text\">Etusivu<\/span><\/a>\n\n<style>ul.menu .wp-block-kadence-advancedbtn .kb-btn134_3063d7-e3.kb-button{width:initial;}.wp-block-kadence-advancedbtn .kb-btn134_3063d7-e3.kb-button{color:#1d1d1d;background:#f36221;}.wp-block-kadence-advancedbtn .kb-btn134_3063d7-e3.kb-button:hover, .wp-block-kadence-advancedbtn .kb-btn134_3063d7-e3.kb-button:focus{background:#f36221;}<\/style><a class=\"kb-button kt-button button kb-btn134_3063d7-e3 kt-btn-size-standard kt-btn-width-type-full kb-btn-global-fill  kt-btn-has-text-true kt-btn-has-svg-false  wp-block-kadence-singlebtn\" href=\"https:\/\/eurankemikalio.com\/index.php\/jokigalleria\/\"><span class=\"kt-btn-inner-text\">Jokigalleria<\/span><\/a>\n\n<style>ul.menu .wp-block-kadence-advancedbtn .kb-btn134_f0eece-68.kb-button{width:initial;}.wp-block-kadence-advancedbtn .kb-btn134_f0eece-68.kb-button{color:#1d1d1d;background:#f36221;}.wp-block-kadence-advancedbtn .kb-btn134_f0eece-68.kb-button:hover, .wp-block-kadence-advancedbtn .kb-btn134_f0eece-68.kb-button:focus{background:#f36221;}<\/style><a class=\"kb-button kt-button button kb-btn134_f0eece-68 kt-btn-size-standard kt-btn-width-type-full kb-btn-global-fill  kt-btn-has-text-true kt-btn-has-svg-false  wp-block-kadence-singlebtn\" href=\"https:\/\/eurankemikalio.com\/index.php\/nayttelykalenteri\/\"><span class=\"kt-btn-inner-text\">N\u00e4yttelykalenteri<\/span><\/a>\n\n<style>ul.menu .wp-block-kadence-advancedbtn .kb-btn134_a00f96-da.kb-button{width:initial;}.wp-block-kadence-advancedbtn .kb-btn134_a00f96-da.kb-button{color:#1d1d1d;background:#f36221;}.wp-block-kadence-advancedbtn .kb-btn134_a00f96-da.kb-button:hover, .wp-block-kadence-advancedbtn .kb-btn134_a00f96-da.kb-button:focus{background:#f36221;}<\/style><a class=\"kb-button kt-button button kb-btn134_a00f96-da kt-btn-size-standard kt-btn-width-type-full kb-btn-global-fill  kt-btn-has-text-true kt-btn-has-svg-false  wp-block-kadence-singlebtn\" href=\"https:\/\/eurankemikalio.com\/index.php\/valotaideteokset\/\"><span class=\"kt-btn-inner-text\">Valotaideteokset<\/span><\/a>\n\n<style>ul.menu .wp-block-kadence-advancedbtn .kb-btn134_899129-1d.kb-button{width:initial;}.wp-block-kadence-advancedbtn .kb-btn134_899129-1d.kb-button{color:#1d1d1d;background:#f36221;}.wp-block-kadence-advancedbtn .kb-btn134_899129-1d.kb-button:hover, .wp-block-kadence-advancedbtn .kb-btn134_899129-1d.kb-button:focus{background:#f36221;}<\/style><a class=\"kb-button kt-button button kb-btn134_899129-1d kt-btn-size-standard kt-btn-width-type-full kb-btn-global-fill  kt-btn-has-text-true kt-btn-has-svg-false  wp-block-kadence-singlebtn\" href=\"https:\/\/eurankemikalio.com\/index.php\/videofestarit\/\"><span class=\"kt-btn-inner-text\">Videofestarit<\/span><\/a><\/div>\n\n\n\n<div>\n<div>\n<div class=\"gb-element-a14c7f94\"><\/div>\n<\/div>\n\n\n<style>.wp-block-kadence-advancedheading.kt-adv-heading134_8567b6-25, .wp-block-kadence-advancedheading.kt-adv-heading134_8567b6-25[data-kb-block=\"kb-adv-heading134_8567b6-25\"]{font-weight:400;font-style:normal;font-family:'Roboto Condensed';}.wp-block-kadence-advancedheading.kt-adv-heading134_8567b6-25 mark.kt-highlight, .wp-block-kadence-advancedheading.kt-adv-heading134_8567b6-25[data-kb-block=\"kb-adv-heading134_8567b6-25\"] mark.kt-highlight{font-style:normal;color:#f76a0c;-webkit-box-decoration-break:clone;box-decoration-break:clone;padding-top:0px;padding-right:0px;padding-bottom:0px;padding-left:0px;}.wp-block-kadence-advancedheading.kt-adv-heading134_8567b6-25 img.kb-inline-image, .wp-block-kadence-advancedheading.kt-adv-heading134_8567b6-25[data-kb-block=\"kb-adv-heading134_8567b6-25\"] img.kb-inline-image{width:150px;vertical-align:baseline;}<\/style>\n<h2 class=\"kt-adv-heading134_8567b6-25 wp-block-kadence-advancedheading\" data-kb-block=\"kb-adv-heading134_8567b6-25\"><strong>VIDEOFESTARIT<\/strong><\/h2>\n<\/div>\n\n\n<style>.wp-block-kadence-advancedheading.kt-adv-heading134_365821-e2, .wp-block-kadence-advancedheading.kt-adv-heading134_365821-e2[data-kb-block=\"kb-adv-heading134_365821-e2\"]{font-weight:400;font-style:normal;font-family:'Roboto Condensed';}.wp-block-kadence-advancedheading.kt-adv-heading134_365821-e2 mark.kt-highlight, .wp-block-kadence-advancedheading.kt-adv-heading134_365821-e2[data-kb-block=\"kb-adv-heading134_365821-e2\"] mark.kt-highlight{font-style:normal;color:#f76a0c;-webkit-box-decoration-break:clone;box-decoration-break:clone;padding-top:0px;padding-right:0px;padding-bottom:0px;padding-left:0px;}.wp-block-kadence-advancedheading.kt-adv-heading134_365821-e2 img.kb-inline-image, .wp-block-kadence-advancedheading.kt-adv-heading134_365821-e2[data-kb-block=\"kb-adv-heading134_365821-e2\"] img.kb-inline-image{width:150px;vertical-align:baseline;}<\/style>\n<h4 class=\"kt-adv-heading134_365821-e2 wp-block-kadence-advancedheading\" data-kb-block=\"kb-adv-heading134_365821-e2\"><strong>Hamm&#8217;in talon videofestarit<\/strong><\/h4>\n\n\n<style>.wp-block-kadence-advancedheading.kt-adv-heading134_3d8b30-86, .wp-block-kadence-advancedheading.kt-adv-heading134_3d8b30-86[data-kb-block=\"kb-adv-heading134_3d8b30-86\"]{font-style:normal;}.wp-block-kadence-advancedheading.kt-adv-heading134_3d8b30-86 mark.kt-highlight, .wp-block-kadence-advancedheading.kt-adv-heading134_3d8b30-86[data-kb-block=\"kb-adv-heading134_3d8b30-86\"] mark.kt-highlight{font-style:normal;color:#f76a0c;-webkit-box-decoration-break:clone;box-decoration-break:clone;padding-top:0px;padding-right:0px;padding-bottom:0px;padding-left:0px;}.wp-block-kadence-advancedheading.kt-adv-heading134_3d8b30-86 img.kb-inline-image, .wp-block-kadence-advancedheading.kt-adv-heading134_3d8b30-86[data-kb-block=\"kb-adv-heading134_3d8b30-86\"] img.kb-inline-image{width:150px;vertical-align:baseline;}<\/style>\n<p class=\"kt-adv-heading134_3d8b30-86 wp-block-kadence-advancedheading\" data-kb-block=\"kb-adv-heading134_3d8b30-86\">Videofestarit py\u00f6riv\u00e4t Jokigalleriassa elokuussa kolmen p\u00e4iv\u00e4n ajan iltaisin. Yhten\u00e4inen teema yhdist\u00e4\u00e4 erilaiset videoteokset toisiinsa. Esitett\u00e4v\u00e4n ohjelmiston kokoaaa teht\u00e4v\u00e4\u00e4n valittu kuraattori.<\/p>\n\n\n<style>.wp-block-kadence-advancedheading.kt-adv-heading134_e0bbe6-96, .wp-block-kadence-advancedheading.kt-adv-heading134_e0bbe6-96[data-kb-block=\"kb-adv-heading134_e0bbe6-96\"]{font-weight:400;font-style:normal;font-family:'Roboto Condensed';}.wp-block-kadence-advancedheading.kt-adv-heading134_e0bbe6-96 mark.kt-highlight, .wp-block-kadence-advancedheading.kt-adv-heading134_e0bbe6-96[data-kb-block=\"kb-adv-heading134_e0bbe6-96\"] mark.kt-highlight{font-style:normal;color:#f76a0c;-webkit-box-decoration-break:clone;box-decoration-break:clone;padding-top:0px;padding-right:0px;padding-bottom:0px;padding-left:0px;}.wp-block-kadence-advancedheading.kt-adv-heading134_e0bbe6-96 img.kb-inline-image, .wp-block-kadence-advancedheading.kt-adv-heading134_e0bbe6-96[data-kb-block=\"kb-adv-heading134_e0bbe6-96\"] img.kb-inline-image{width:150px;vertical-align:baseline;}<\/style>\n<h4 class=\"kt-adv-heading134_e0bbe6-96 wp-block-kadence-advancedheading\" data-kb-block=\"kb-adv-heading134_e0bbe6-96\"><strong><strong>Syyskuussa 2012<\/strong><\/strong><\/h4>\n\n\n<style>.wp-block-kadence-advancedheading.kt-adv-heading134_870c98-6c, .wp-block-kadence-advancedheading.kt-adv-heading134_870c98-6c[data-kb-block=\"kb-adv-heading134_870c98-6c\"]{font-style:normal;}.wp-block-kadence-advancedheading.kt-adv-heading134_870c98-6c mark.kt-highlight, .wp-block-kadence-advancedheading.kt-adv-heading134_870c98-6c[data-kb-block=\"kb-adv-heading134_870c98-6c\"] mark.kt-highlight{font-style:normal;color:#f76a0c;-webkit-box-decoration-break:clone;box-decoration-break:clone;padding-top:0px;padding-right:0px;padding-bottom:0px;padding-left:0px;}.wp-block-kadence-advancedheading.kt-adv-heading134_870c98-6c img.kb-inline-image, .wp-block-kadence-advancedheading.kt-adv-heading134_870c98-6c[data-kb-block=\"kb-adv-heading134_870c98-6c\"] img.kb-inline-image{width:150px;vertical-align:baseline;}<\/style>\n<p class=\"kt-adv-heading134_870c98-6c wp-block-kadence-advancedheading\" data-kb-block=\"kb-adv-heading134_870c98-6c\">Videokatselmus &#8221;Katalonian kes\u00e4st\u00e4 syksyyn&#8221;<br>7.9.&nbsp;<em>Katalonia, Jan Baca ja me<\/em>. Pentti Hakam\u00e4en kaunis kaitafilmi kaitafilmiprojektorilla n\u00e4ytettyn\u00e4 ja Pirjon kertomusluento Kataloniasta, Jan Bacasta ja maalamisesta Costa Bravan rannikolla 80-luvun puoliv\u00e4liss\u00e4.<br>8.9.&nbsp;<em>Nocturn \u2013 end of the road.<\/em>&nbsp;Katalonialaisen elokuvaohjaajan viimeisin draamaelokuva, kesto n. 40 min.<br>9.9.&nbsp;<em>Nocturn \u2013 end of the road.<\/em>Uusintan\u00e4yt\u00f6s.<\/p>\n\n\n<style>.wp-block-kadence-advancedheading.kt-adv-heading134_75d388-92, .wp-block-kadence-advancedheading.kt-adv-heading134_75d388-92[data-kb-block=\"kb-adv-heading134_75d388-92\"]{font-weight:400;font-style:normal;font-family:'Roboto Condensed';}.wp-block-kadence-advancedheading.kt-adv-heading134_75d388-92 mark.kt-highlight, .wp-block-kadence-advancedheading.kt-adv-heading134_75d388-92[data-kb-block=\"kb-adv-heading134_75d388-92\"] mark.kt-highlight{font-style:normal;color:#f76a0c;-webkit-box-decoration-break:clone;box-decoration-break:clone;padding-top:0px;padding-right:0px;padding-bottom:0px;padding-left:0px;}.wp-block-kadence-advancedheading.kt-adv-heading134_75d388-92 img.kb-inline-image, .wp-block-kadence-advancedheading.kt-adv-heading134_75d388-92[data-kb-block=\"kb-adv-heading134_75d388-92\"] img.kb-inline-image{width:150px;vertical-align:baseline;}<\/style>\n<h4 class=\"kt-adv-heading134_75d388-92 wp-block-kadence-advancedheading\" data-kb-block=\"kb-adv-heading134_75d388-92\"><strong><strong>Syyskuussa 2011<\/strong><\/strong><\/h4>\n\n\n<style>.wp-block-kadence-advancedheading.kt-adv-heading134_1bb297-61, .wp-block-kadence-advancedheading.kt-adv-heading134_1bb297-61[data-kb-block=\"kb-adv-heading134_1bb297-61\"]{font-style:normal;}.wp-block-kadence-advancedheading.kt-adv-heading134_1bb297-61 mark.kt-highlight, .wp-block-kadence-advancedheading.kt-adv-heading134_1bb297-61[data-kb-block=\"kb-adv-heading134_1bb297-61\"] mark.kt-highlight{font-style:normal;color:#f76a0c;-webkit-box-decoration-break:clone;box-decoration-break:clone;padding-top:0px;padding-right:0px;padding-bottom:0px;padding-left:0px;}.wp-block-kadence-advancedheading.kt-adv-heading134_1bb297-61 img.kb-inline-image, .wp-block-kadence-advancedheading.kt-adv-heading134_1bb297-61[data-kb-block=\"kb-adv-heading134_1bb297-61\"] img.kb-inline-image{width:150px;vertical-align:baseline;}<\/style>\n<p class=\"kt-adv-heading134_1bb297-61 wp-block-kadence-advancedheading\" data-kb-block=\"kb-adv-heading134_1bb297-61\">Videokatselmus &#8221;Surrealismi ja Satakunta&#8221;<br>Yhdysvaltalainen taiteilija ja valokuvaaja Man Ray kuvasi surrealistisen filmins\u00e4<em>&nbsp;Merit\u00e4hti<\/em>&nbsp;asuessaan Pariisissa1928. Teos syntyi spontaanisti ja nopeasti Robert Desnos\u2019in samannimiseen runoon. My\u00f6hemmin elokuva muodostui surrealististen filmien klassikoksi.<br>&nbsp;<br>Suomalainen kuvataiteilija Kalle Hamm p\u00e4\u00e4tti tehd\u00e4 oman versionsa t\u00e4st\u00e4 Man Ray klassikosta oltuaan residenssiss\u00e4 Pariisissa. Hammin tarkoituksena oli toistaa jokainen kohtaus mahdollisimman samanlaisena, mutta kuvattuna nykyaikana ja Helsingiss\u00e4.<br>&nbsp;<br>Man Rayn&nbsp;<em>Merit\u00e4hti<\/em>&nbsp;on my\u00f6s yhten\u00e4 referenssiteoksena Kalle Hamm&nbsp;<em>Reliikit \u2013 Kolme keskustelua Vuojoen kartanolla<\/em>&nbsp;-elokuvassa, joka sijoittuu Eurajoen Vuojoen kartanoon. Elokuvan k\u00e4sikirjotus on koottu Vuojoen kartanon historiallisen kirjaston kirjasitaateista. Kokeelliset k\u00e4sikirjoitus- ja kuvausmetodit tuovat elokuvaan unen logiikan ja keskustelut etenev\u00e4t vapaasti assosioiden tunnelmasta toiseen.<br>L\u2019\u00c9toile de me, Man Ray<br>DVD PAL 4:3 15 min 1928<br>Man Rayn mustavalkoinen elokuva, joka perustuu Robert Desnos\u2019n surrealistiseen runoon, jonka h\u00e4n kirjoitti hypnoosissa<br>&nbsp;<br>Merit\u00e4hti, Kalle Hamm ja Dzamil Kamanger<br>DVD PAL 16:9 16 min 2009<br>Kalle Hammin ja Dzamil Kamangerin remake-versio Man Rayn Pariisissa vuonna 1928 kuvaamasta surrealistisesta L\u2019\u00c9toile de mer -elokuvasta<br>&nbsp;<br>Reliikit, Kalle Hamm<br>DVD PAL 16:9 41 min 2010<br>Vuojoen kartanon historiallisen kirjaston teossitaateista koostettu kokeellinen elokuva, jossa mennyt ja nykyinen sekoittuvat erottamattomasti toisiinsa<\/p>\n\n\n<style>.wp-block-kadence-advancedheading.kt-adv-heading134_4b6f5d-42, .wp-block-kadence-advancedheading.kt-adv-heading134_4b6f5d-42[data-kb-block=\"kb-adv-heading134_4b6f5d-42\"]{font-weight:400;font-style:normal;font-family:'Roboto Condensed';}.wp-block-kadence-advancedheading.kt-adv-heading134_4b6f5d-42 mark.kt-highlight, .wp-block-kadence-advancedheading.kt-adv-heading134_4b6f5d-42[data-kb-block=\"kb-adv-heading134_4b6f5d-42\"] mark.kt-highlight{font-style:normal;color:#f76a0c;-webkit-box-decoration-break:clone;box-decoration-break:clone;padding-top:0px;padding-right:0px;padding-bottom:0px;padding-left:0px;}.wp-block-kadence-advancedheading.kt-adv-heading134_4b6f5d-42 img.kb-inline-image, .wp-block-kadence-advancedheading.kt-adv-heading134_4b6f5d-42[data-kb-block=\"kb-adv-heading134_4b6f5d-42\"] img.kb-inline-image{width:150px;vertical-align:baseline;}<\/style>\n<h4 class=\"kt-adv-heading134_4b6f5d-42 wp-block-kadence-advancedheading\" data-kb-block=\"kb-adv-heading134_4b6f5d-42\"><strong>Syyskuussa 2010<\/strong><\/h4>\n\n\n<style>.wp-block-kadence-advancedheading.kt-adv-heading134_e2c9cc-84, .wp-block-kadence-advancedheading.kt-adv-heading134_e2c9cc-84[data-kb-block=\"kb-adv-heading134_e2c9cc-84\"]{font-style:normal;}.wp-block-kadence-advancedheading.kt-adv-heading134_e2c9cc-84 mark.kt-highlight, .wp-block-kadence-advancedheading.kt-adv-heading134_e2c9cc-84[data-kb-block=\"kb-adv-heading134_e2c9cc-84\"] mark.kt-highlight{font-style:normal;color:#f76a0c;-webkit-box-decoration-break:clone;box-decoration-break:clone;padding-top:0px;padding-right:0px;padding-bottom:0px;padding-left:0px;}.wp-block-kadence-advancedheading.kt-adv-heading134_e2c9cc-84 img.kb-inline-image, .wp-block-kadence-advancedheading.kt-adv-heading134_e2c9cc-84[data-kb-block=\"kb-adv-heading134_e2c9cc-84\"] img.kb-inline-image{width:150px;vertical-align:baseline;}<\/style>\n<p class=\"kt-adv-heading134_e2c9cc-84 wp-block-kadence-advancedheading\" data-kb-block=\"kb-adv-heading134_e2c9cc-84\">Videokatselmus &#8221;Nainen kameran takana&#8221;<br>Videokatselmuksessa esitet\u00e4\u00e4n seuraavat Mirja Metsolan filmit:<br>&#8221;HENGET JA MIN\u00c4&#8221; Helin\u00e4 Rautavaaran tuliaisia temppeleist\u00e4<br>&#8221;ROMUT SOIMAAN, &nbsp;KYR\u00d6SJ\u00c4RVEN KYMMENHANKA&#8221; Dokumnetti kirkkoveneen rakentamisesta seurasaari s\u00e4\u00e4ti\u00f6lle<br>&#8221;MUSIIKIN MUISTI&#8221; Erilaisia musiikkivideoitakansansoittimista, jota esitet\u00e4\u00e4n Ylen Teemalla.<\/p>\n\n\n<style>.wp-block-kadence-advancedheading.kt-adv-heading134_9c314f-5a, .wp-block-kadence-advancedheading.kt-adv-heading134_9c314f-5a[data-kb-block=\"kb-adv-heading134_9c314f-5a\"]{font-weight:400;font-style:normal;font-family:'Roboto Condensed';}.wp-block-kadence-advancedheading.kt-adv-heading134_9c314f-5a mark.kt-highlight, .wp-block-kadence-advancedheading.kt-adv-heading134_9c314f-5a[data-kb-block=\"kb-adv-heading134_9c314f-5a\"] mark.kt-highlight{font-style:normal;color:#f76a0c;-webkit-box-decoration-break:clone;box-decoration-break:clone;padding-top:0px;padding-right:0px;padding-bottom:0px;padding-left:0px;}.wp-block-kadence-advancedheading.kt-adv-heading134_9c314f-5a img.kb-inline-image, .wp-block-kadence-advancedheading.kt-adv-heading134_9c314f-5a[data-kb-block=\"kb-adv-heading134_9c314f-5a\"] img.kb-inline-image{width:150px;vertical-align:baseline;}<\/style>\n<h4 class=\"kt-adv-heading134_9c314f-5a wp-block-kadence-advancedheading\" data-kb-block=\"kb-adv-heading134_9c314f-5a\"><strong>Elokuussa 2009<\/strong><\/h4>\n\n\n<style>.wp-block-kadence-advancedheading.kt-adv-heading134_55fa35-e3, .wp-block-kadence-advancedheading.kt-adv-heading134_55fa35-e3[data-kb-block=\"kb-adv-heading134_55fa35-e3\"]{font-style:normal;}.wp-block-kadence-advancedheading.kt-adv-heading134_55fa35-e3 mark.kt-highlight, .wp-block-kadence-advancedheading.kt-adv-heading134_55fa35-e3[data-kb-block=\"kb-adv-heading134_55fa35-e3\"] mark.kt-highlight{font-style:normal;color:#f76a0c;-webkit-box-decoration-break:clone;box-decoration-break:clone;padding-top:0px;padding-right:0px;padding-bottom:0px;padding-left:0px;}.wp-block-kadence-advancedheading.kt-adv-heading134_55fa35-e3 img.kb-inline-image, .wp-block-kadence-advancedheading.kt-adv-heading134_55fa35-e3[data-kb-block=\"kb-adv-heading134_55fa35-e3\"] img.kb-inline-image{width:150px;vertical-align:baseline;}<\/style>\n<p class=\"kt-adv-heading134_55fa35-e3 wp-block-kadence-advancedheading\" data-kb-block=\"kb-adv-heading134_55fa35-e3\">Videokatselmus &#8221;Sukutarinoita&#8221;<br>Kalle Hamm&#8217;in ja Dzamil Kamangerin videoteoksia 26. &#8211; 28.8.2009.<br>&#8221;Olga ja tasettinarsissit&#8221;<br>&#8221;Afaryan Monologi&#8221;<br>&#8221;Afarayan muistelmat&#8221;<\/p>\n\n\n<style>.wp-block-kadence-advancedheading.kt-adv-heading134_df8afd-f0, .wp-block-kadence-advancedheading.kt-adv-heading134_df8afd-f0[data-kb-block=\"kb-adv-heading134_df8afd-f0\"]{font-weight:400;font-style:normal;font-family:'Roboto Condensed';}.wp-block-kadence-advancedheading.kt-adv-heading134_df8afd-f0 mark.kt-highlight, .wp-block-kadence-advancedheading.kt-adv-heading134_df8afd-f0[data-kb-block=\"kb-adv-heading134_df8afd-f0\"] mark.kt-highlight{font-style:normal;color:#f76a0c;-webkit-box-decoration-break:clone;box-decoration-break:clone;padding-top:0px;padding-right:0px;padding-bottom:0px;padding-left:0px;}.wp-block-kadence-advancedheading.kt-adv-heading134_df8afd-f0 img.kb-inline-image, .wp-block-kadence-advancedheading.kt-adv-heading134_df8afd-f0[data-kb-block=\"kb-adv-heading134_df8afd-f0\"] img.kb-inline-image{width:150px;vertical-align:baseline;}<\/style>\n<h4 class=\"kt-adv-heading134_df8afd-f0 wp-block-kadence-advancedheading\" data-kb-block=\"kb-adv-heading134_df8afd-f0\"><strong>Elokuussa 2008<\/strong><\/h4>\n\n\n<style>.wp-block-kadence-advancedheading.kt-adv-heading134_f7f8a0-82, .wp-block-kadence-advancedheading.kt-adv-heading134_f7f8a0-82[data-kb-block=\"kb-adv-heading134_f7f8a0-82\"]{font-style:normal;}.wp-block-kadence-advancedheading.kt-adv-heading134_f7f8a0-82 mark.kt-highlight, .wp-block-kadence-advancedheading.kt-adv-heading134_f7f8a0-82[data-kb-block=\"kb-adv-heading134_f7f8a0-82\"] mark.kt-highlight{font-style:normal;color:#f76a0c;-webkit-box-decoration-break:clone;box-decoration-break:clone;padding-top:0px;padding-right:0px;padding-bottom:0px;padding-left:0px;}.wp-block-kadence-advancedheading.kt-adv-heading134_f7f8a0-82 img.kb-inline-image, .wp-block-kadence-advancedheading.kt-adv-heading134_f7f8a0-82[data-kb-block=\"kb-adv-heading134_f7f8a0-82\"] img.kb-inline-image{width:150px;vertical-align:baseline;}<\/style>\n<p class=\"kt-adv-heading134_f7f8a0-82 wp-block-kadence-advancedheading\" data-kb-block=\"kb-adv-heading134_f7f8a0-82\">Pinchus Filmin valmistamia katalonialaisia draamallisia lyhytelokuvia Barcelonasta<\/p>\n\n\n\n<p><\/p>\n","protected":false},"excerpt":{"rendered":"<p>VIDEOFESTARIT Hamm&#8217;in talon videofestarit Videofestarit py\u00f6riv\u00e4t Jokigalleriassa elokuussa kolmen p\u00e4iv\u00e4n ajan iltaisin. Yhten\u00e4inen teema yhdist\u00e4\u00e4 erilaiset videoteokset toisiinsa. Esitett\u00e4v\u00e4n ohjelmiston kokoaaa teht\u00e4v\u00e4\u00e4n valittu kuraattori. Syyskuussa 2012 Videokatselmus &#8221;Katalonian kes\u00e4st\u00e4 syksyyn&#8221;7.9.&nbsp;Katalonia, Jan Baca ja me. Pentti Hakam\u00e4en kaunis kaitafilmi kaitafilmiprojektorilla n\u00e4ytettyn\u00e4 ja Pirjon kertomusluento Kataloniasta, Jan Bacasta ja maalamisesta Costa Bravan rannikolla 80-luvun puoliv\u00e4liss\u00e4.8.9.&nbsp;Nocturn \u2013 end [&hellip;]<\/p>\n","protected":false},"author":1,"featured_media":0,"parent":0,"menu_order":0,"comment_status":"closed","ping_status":"closed","template":"","meta":{"footnotes":""},"class_list":["post-134","page","type-page","status-publish","hentry"],"blocksy_meta":[],"_links":{"self":[{"href":"https:\/\/eurankemikalio.com\/index.php\/wp-json\/wp\/v2\/pages\/134","targetHints":{"allow":["GET"]}}],"collection":[{"href":"https:\/\/eurankemikalio.com\/index.php\/wp-json\/wp\/v2\/pages"}],"about":[{"href":"https:\/\/eurankemikalio.com\/index.php\/wp-json\/wp\/v2\/types\/page"}],"author":[{"embeddable":true,"href":"https:\/\/eurankemikalio.com\/index.php\/wp-json\/wp\/v2\/users\/1"}],"replies":[{"embeddable":true,"href":"https:\/\/eurankemikalio.com\/index.php\/wp-json\/wp\/v2\/comments?post=134"}],"version-history":[{"count":2,"href":"https:\/\/eurankemikalio.com\/index.php\/wp-json\/wp\/v2\/pages\/134\/revisions"}],"predecessor-version":[{"id":198,"href":"https:\/\/eurankemikalio.com\/index.php\/wp-json\/wp\/v2\/pages\/134\/revisions\/198"}],"wp:attachment":[{"href":"https:\/\/eurankemikalio.com\/index.php\/wp-json\/wp\/v2\/media?parent=134"}],"curies":[{"name":"wp","href":"https:\/\/api.w.org\/{rel}","templated":true}]}}