{"id":136,"date":"2026-02-22T21:13:30","date_gmt":"2026-02-22T21:13:30","guid":{"rendered":"https:\/\/eurankemikalio.com\/?page_id=136"},"modified":"2026-02-23T22:20:47","modified_gmt":"2026-02-23T22:20:47","slug":"pirjo-hamm-hakamaki","status":"publish","type":"page","link":"https:\/\/eurankemikalio.com\/index.php\/pirjo-hamm-hakamaki\/","title":{"rendered":"PIRJO HAMM-HAKAM\u00c4KI"},"content":{"rendered":"<style>.wp-block-kadence-advancedbtn.kb-btns136_ea5bed-43{gap:var(--global-kb-gap-none, 0rem );justify-content:center;align-items:flex-end;}.kt-btns136_ea5bed-43 .kt-button{font-weight:normal;font-style:normal;}.kt-btns136_ea5bed-43 .kt-btn-wrap-0{margin-right:5px;}.wp-block-kadence-advancedbtn.kt-btns136_ea5bed-43 .kt-btn-wrap-0 .kt-button{color:#555555;border-color:#555555;}.wp-block-kadence-advancedbtn.kt-btns136_ea5bed-43 .kt-btn-wrap-0 .kt-button:hover, .wp-block-kadence-advancedbtn.kt-btns136_ea5bed-43 .kt-btn-wrap-0 .kt-button:focus{color:#ffffff;border-color:#444444;}.wp-block-kadence-advancedbtn.kt-btns136_ea5bed-43 .kt-btn-wrap-0 .kt-button::before{display:none;}.wp-block-kadence-advancedbtn.kt-btns136_ea5bed-43 .kt-btn-wrap-0 .kt-button:hover, .wp-block-kadence-advancedbtn.kt-btns136_ea5bed-43 .kt-btn-wrap-0 .kt-button:focus{background:#444444;}<\/style>\n<div class=\"wp-block-kadence-advancedbtn kb-buttons-wrap kb-btns136_ea5bed-43\"><style>ul.menu .wp-block-kadence-advancedbtn .kb-btn136_41a541-0a.kb-button{width:initial;}.wp-block-kadence-advancedbtn .kb-btn136_41a541-0a.kb-button{color:#ffcb08;background:#510055;}.wp-block-kadence-advancedbtn .kb-btn136_41a541-0a.kb-button:hover, .wp-block-kadence-advancedbtn .kb-btn136_41a541-0a.kb-button:focus{background:#510055;}<\/style><a class=\"kb-button kt-button button kb-btn136_41a541-0a kt-btn-size-standard kt-btn-width-type-full kb-btn-global-fill  kt-btn-has-text-true kt-btn-has-svg-false  wp-block-kadence-singlebtn\" href=\"https:\/\/eurankemikalio.com\/\"><span class=\"kt-btn-inner-text\">Etusivu<\/span><\/a>\n\n<style>ul.menu .wp-block-kadence-advancedbtn .kb-btn136_db3463-e8.kb-button{width:initial;}.wp-block-kadence-advancedbtn .kb-btn136_db3463-e8.kb-button{color:#ffcb08;background:#510055;}.wp-block-kadence-advancedbtn .kb-btn136_db3463-e8.kb-button:hover, .wp-block-kadence-advancedbtn .kb-btn136_db3463-e8.kb-button:focus{background:#510055;}<\/style><a class=\"kb-button kt-button button kb-btn136_db3463-e8 kt-btn-size-standard kt-btn-width-type-full kb-btn-global-fill  kt-btn-has-text-true kt-btn-has-svg-false  wp-block-kadence-singlebtn\" href=\"https:\/\/eurankemikalio.com\/index.php\/pirjo-hamm-hakamaki\/\"><span class=\"kt-btn-inner-text\">Hamm-Hakam\u00e4ki<\/span><\/a>\n\n<style>ul.menu .wp-block-kadence-advancedbtn .kb-btn136_5c9e09-42.kb-button{width:initial;}.wp-block-kadence-advancedbtn .kb-btn136_5c9e09-42.kb-button{color:#ffcb08;background:#510055;}.wp-block-kadence-advancedbtn .kb-btn136_5c9e09-42.kb-button:hover, .wp-block-kadence-advancedbtn .kb-btn136_5c9e09-42.kb-button:focus{background:#510055;}<\/style><a class=\"kb-button kt-button button kb-btn136_5c9e09-42 kt-btn-size-standard kt-btn-width-type-full kb-btn-global-fill  kt-btn-has-text-true kt-btn-has-svg-false  wp-block-kadence-singlebtn\" href=\"https:\/\/eurankemikalio.com\/index.php\/teokset\/\"><span class=\"kt-btn-inner-text\">Teokset<\/span><\/a>\n\n<style>ul.menu .wp-block-kadence-advancedbtn .kb-btn136_da7ebd-8f.kb-button{width:initial;}.wp-block-kadence-advancedbtn .kb-btn136_da7ebd-8f.kb-button{color:#ffcb08;background:#510055;}.wp-block-kadence-advancedbtn .kb-btn136_da7ebd-8f.kb-button:hover, .wp-block-kadence-advancedbtn .kb-btn136_da7ebd-8f.kb-button:focus{background:#510055;}<\/style><a class=\"kb-button kt-button button kb-btn136_da7ebd-8f kt-btn-size-standard kt-btn-width-type-full kb-btn-global-fill  kt-btn-has-text-true kt-btn-has-svg-false  wp-block-kadence-singlebtn\" href=\"https:\/\/eurankemikalio.com\/index.php\/performanssit\/\"><span class=\"kt-btn-inner-text\">Performanssit<\/span><\/a>\n\n<style>ul.menu .wp-block-kadence-advancedbtn .kb-btn136_5a3cd1-9a.kb-button{width:initial;}.wp-block-kadence-advancedbtn .kb-btn136_5a3cd1-9a.kb-button{color:#ffcb08;background:#510055;}.wp-block-kadence-advancedbtn .kb-btn136_5a3cd1-9a.kb-button:hover, .wp-block-kadence-advancedbtn .kb-btn136_5a3cd1-9a.kb-button:focus{background:#510055;}<\/style><a class=\"kb-button kt-button button kb-btn136_5a3cd1-9a kt-btn-size-standard kt-btn-width-type-full kb-btn-global-fill  kt-btn-has-text-true kt-btn-has-svg-false  wp-block-kadence-singlebtn\" href=\"https:\/\/eurankemikalio.com\/index.php\/puvut-ja-korut\/\"><span class=\"kt-btn-inner-text\">Puvut ja korut<\/span><\/a>\n\n<style>ul.menu .wp-block-kadence-advancedbtn .kb-btn136_38bff0-c0.kb-button{width:initial;}.wp-block-kadence-advancedbtn .kb-btn136_38bff0-c0.kb-button{color:#ffcb08;background:#510055;}.wp-block-kadence-advancedbtn .kb-btn136_38bff0-c0.kb-button:hover, .wp-block-kadence-advancedbtn .kb-btn136_38bff0-c0.kb-button:focus{background:#510055;}<\/style><a class=\"kb-button kt-button button kb-btn136_38bff0-c0 kt-btn-size-standard kt-btn-width-type-full kb-btn-global-fill  kt-btn-has-text-true kt-btn-has-svg-false  wp-block-kadence-singlebtn\" href=\"https:\/\/eurankemikalio.com\/index.php\/ansioluettelo\/\"><span class=\"kt-btn-inner-text\">Ansioluettelo<\/span><\/a>\n\n<style>ul.menu .wp-block-kadence-advancedbtn .kb-btn136_ad13e9-9d.kb-button{width:initial;}.wp-block-kadence-advancedbtn .kb-btn136_ad13e9-9d.kb-button{color:#ffcb08;background:#510055;}.wp-block-kadence-advancedbtn .kb-btn136_ad13e9-9d.kb-button:hover, .wp-block-kadence-advancedbtn .kb-btn136_ad13e9-9d.kb-button:focus{background:#510055;}<\/style><a class=\"kb-button kt-button button kb-btn136_ad13e9-9d kt-btn-size-standard kt-btn-width-type-full kb-btn-global-fill  kt-btn-has-text-true kt-btn-has-svg-false  wp-block-kadence-singlebtn\" href=\"https:\/\/eurankemikalio.com\/index.php\/lehdisto\/\"><span class=\"kt-btn-inner-text\">Lehdist\u00f6<\/span><\/a><\/div>\n\n\n\n<div>\n<div><style>.kb-image136_cc5704-04.kb-image-is-ratio-size, .kb-image136_cc5704-04 .kb-image-is-ratio-size{max-width:3000px;width:100%;}.wp-block-kadence-column > .kt-inside-inner-col > .kb-image136_cc5704-04.kb-image-is-ratio-size, .wp-block-kadence-column > .kt-inside-inner-col > .kb-image136_cc5704-04 .kb-image-is-ratio-size{align-self:unset;}.kb-image136_cc5704-04 figure{max-width:3000px;}.kb-image136_cc5704-04 .image-is-svg, .kb-image136_cc5704-04 .image-is-svg img{width:100%;}.kb-image136_cc5704-04 .kb-image-has-overlay:after{opacity:0.3;}<\/style>\n<div class=\"wp-block-kadence-image kb-image136_cc5704-04\"><figure class=\"aligncenter size-full\"><img decoding=\"async\" width=\"2053\" height=\"1447\" data-src=\"https:\/\/eurankemikalio.com\/wp-content\/uploads\/2026\/02\/Pirjo-Emil.jpg\" alt=\"\" class=\"kb-img wp-image-15 lazyload\" data-srcset=\"https:\/\/eurankemikalio.com\/wp-content\/uploads\/2026\/02\/Pirjo-Emil.jpg 2053w, https:\/\/eurankemikalio.com\/wp-content\/uploads\/2026\/02\/Pirjo-Emil-300x211.jpg 300w, https:\/\/eurankemikalio.com\/wp-content\/uploads\/2026\/02\/Pirjo-Emil-1024x722.jpg 1024w, https:\/\/eurankemikalio.com\/wp-content\/uploads\/2026\/02\/Pirjo-Emil-768x541.jpg 768w, https:\/\/eurankemikalio.com\/wp-content\/uploads\/2026\/02\/Pirjo-Emil-1536x1083.jpg 1536w, https:\/\/eurankemikalio.com\/wp-content\/uploads\/2026\/02\/Pirjo-Emil-2048x1443.jpg 2048w\" data-sizes=\"(max-width: 2053px) 100vw, 2053px\" src=\"data:image\/svg+xml;base64,PHN2ZyB3aWR0aD0iMSIgaGVpZ2h0PSIxIiB4bWxucz0iaHR0cDovL3d3dy53My5vcmcvMjAwMC9zdmciPjwvc3ZnPg==\" style=\"--smush-placeholder-width: 2053px; --smush-placeholder-aspect-ratio: 2053\/1447;\" \/><\/figure><\/div>\n<\/div>\n\n\n<style>.wp-block-kadence-advancedheading.kt-adv-heading136_bfb887-e6, .wp-block-kadence-advancedheading.kt-adv-heading136_bfb887-e6[data-kb-block=\"kb-adv-heading136_bfb887-e6\"]{font-weight:400;font-style:normal;font-family:'Roboto Condensed';}.wp-block-kadence-advancedheading.kt-adv-heading136_bfb887-e6 mark.kt-highlight, .wp-block-kadence-advancedheading.kt-adv-heading136_bfb887-e6[data-kb-block=\"kb-adv-heading136_bfb887-e6\"] mark.kt-highlight{font-style:normal;color:#f76a0c;-webkit-box-decoration-break:clone;box-decoration-break:clone;padding-top:0px;padding-right:0px;padding-bottom:0px;padding-left:0px;}.wp-block-kadence-advancedheading.kt-adv-heading136_bfb887-e6 img.kb-inline-image, .wp-block-kadence-advancedheading.kt-adv-heading136_bfb887-e6[data-kb-block=\"kb-adv-heading136_bfb887-e6\"] img.kb-inline-image{width:150px;vertical-align:baseline;}<\/style>\n<h2 class=\"kt-adv-heading136_bfb887-e6 wp-block-kadence-advancedheading\" data-kb-block=\"kb-adv-heading136_bfb887-e6\"><strong>PIRJO HAMM-HAKAM\u00c4KI<\/strong><\/h2>\n<\/div>\n\n\n<style>.wp-block-kadence-advancedheading.kt-adv-heading136_9408ac-4a, .wp-block-kadence-advancedheading.kt-adv-heading136_9408ac-4a[data-kb-block=\"kb-adv-heading136_9408ac-4a\"]{font-weight:400;font-style:normal;font-family:'Roboto Condensed';}.wp-block-kadence-advancedheading.kt-adv-heading136_9408ac-4a mark.kt-highlight, .wp-block-kadence-advancedheading.kt-adv-heading136_9408ac-4a[data-kb-block=\"kb-adv-heading136_9408ac-4a\"] mark.kt-highlight{font-style:normal;color:#f76a0c;-webkit-box-decoration-break:clone;box-decoration-break:clone;padding-top:0px;padding-right:0px;padding-bottom:0px;padding-left:0px;}.wp-block-kadence-advancedheading.kt-adv-heading136_9408ac-4a img.kb-inline-image, .wp-block-kadence-advancedheading.kt-adv-heading136_9408ac-4a[data-kb-block=\"kb-adv-heading136_9408ac-4a\"] img.kb-inline-image{width:150px;vertical-align:baseline;}<\/style>\n<h4 class=\"kt-adv-heading136_9408ac-4a wp-block-kadence-advancedheading\" data-kb-block=\"kb-adv-heading136_9408ac-4a\"><strong>Kuvataitelija, performansseri ja paljon muuta<\/strong><\/h4>\n\n\n<style>.wp-block-kadence-advancedheading.kt-adv-heading136_9c03f6-72, .wp-block-kadence-advancedheading.kt-adv-heading136_9c03f6-72[data-kb-block=\"kb-adv-heading136_9c03f6-72\"]{font-style:normal;}.wp-block-kadence-advancedheading.kt-adv-heading136_9c03f6-72 mark.kt-highlight, .wp-block-kadence-advancedheading.kt-adv-heading136_9c03f6-72[data-kb-block=\"kb-adv-heading136_9c03f6-72\"] mark.kt-highlight{font-style:normal;color:#f76a0c;-webkit-box-decoration-break:clone;box-decoration-break:clone;padding-top:0px;padding-right:0px;padding-bottom:0px;padding-left:0px;}.wp-block-kadence-advancedheading.kt-adv-heading136_9c03f6-72 img.kb-inline-image, .wp-block-kadence-advancedheading.kt-adv-heading136_9c03f6-72[data-kb-block=\"kb-adv-heading136_9c03f6-72\"] img.kb-inline-image{width:150px;vertical-align:baseline;}<\/style>\n<p class=\"kt-adv-heading136_9c03f6-72 wp-block-kadence-advancedheading\" data-kb-block=\"kb-adv-heading136_9c03f6-72\">Kuvataiteilija Pirjo Hamm-Hakam\u00e4ki (s. 4.3.1952) asuu ja ty\u00f6skentelee sukutalossaan. H\u00e4nen vahvojen ja v\u00e4rikyll\u00e4isten pastelli- ja \u00f6ljymaalausten, tussipiirustuksien ja installaatioiden juuret ovat oman kokemisen kautta Italian renessanssissa, Katalonian kulttuurissa, id\u00e4n mystiikassa, antiikin taruissa ja romanikulttuurin rikkaudessa. Innoituksensa monipuolisuutta h\u00e4n k\u00e4ytt\u00e4\u00e4 my\u00f6s luodessaan uniikkikoruja. Niiden materiaalit tulevat maailman eri puolilta sek\u00e4 romaneilta. Korut saavatkin nimens\u00e4 sen maan paikkakunnista, mist\u00e4 raaka-aine on per\u00e4isin, ja muotonsa kyseisen paikan mielikuvasta, joka Pirjolla on.<br><br>Naisena olemisen riemu ja tuska, koko el\u00e4misen intohimo on ty\u00f6skentelyn perusta. Tunteet ovat el\u00e4m\u00e4n ydin ja \u00e4ly ty\u00f6kalu tunteiden k\u00e4sittelyss\u00e4. H\u00e4n on kulkenut pitk\u00e4n tien itsens\u00e4 kouluttamisessa ja kulttuurien tutkimisessa ymm\u00e4rt\u00e4\u00e4kseen el\u00e4m\u00e4n erilaisuutta.<br>Pirjolle kaikki aistit ovat t\u00e4rkeit\u00e4 luomisty\u00f6ss\u00e4 esim. installaatioissa tuoksu on yksi ilmaisukeino. Performansseissa taas musiikki ja \u00e4\u00e4ni toimivat liikkeen tasavertaisina kumppaneina. Installaatiot korut ovat luotu taas kosketeltaviksi.<br><br>Voimakas v\u00e4ri on kieli, jota h\u00e4nen teoksensa puhuvat, ja viiva on muodon rakentaja, joka sensuellina tekee kuvasta entist\u00e4 nautinnollisemman. Toisaalta tussipiirustusten pikkutarkkuus ja mustavalkoisuus yll\u00e4tt\u00e4\u00e4 katsojan.<br><br>Pirjo Hamm-Hakam\u00e4ki on paitsi tuottelias kuvataiteilija my\u00f6s performanceri, joka on vuodesta 1990 luonut ja esitt\u00e4nyt yli 40 erilaista performanssia eri taidetapahtumien ja n\u00e4yttelyiden yhteydess\u00e4. Hamm&#8217;in talon jokirannassa on joka marraskuu vuoden pimeimp\u00e4\u00e4n aikaan Suuri Valotapahtuma, jota Pentti Hakam\u00e4ki ja Pirjo Hamm-Hakam\u00e4ki ovat j\u00e4rjest\u00e4neet vuodesta 2003. Tapahtumaan oleellisena kuuluu teeman mukainen performanssiesitys.<br><\/p>\n\n\n\n<div class=\"gb-element-da73df11\"><style>.kb-image136_b84434-2f.kb-image-is-ratio-size, .kb-image136_b84434-2f .kb-image-is-ratio-size{max-width:2814px;width:100%;}.wp-block-kadence-column > .kt-inside-inner-col > .kb-image136_b84434-2f.kb-image-is-ratio-size, .wp-block-kadence-column > .kt-inside-inner-col > .kb-image136_b84434-2f .kb-image-is-ratio-size{align-self:unset;}.kb-image136_b84434-2f{max-width:2814px;}.image-is-svg.kb-image136_b84434-2f{-webkit-flex:0 1 100%;flex:0 1 100%;}.image-is-svg.kb-image136_b84434-2f img{width:100%;}.kb-image136_b84434-2f .kb-image-has-overlay:after{opacity:0.3;}<\/style>\n<figure class=\"wp-block-kadence-image kb-image136_b84434-2f size-full\"><img decoding=\"async\" width=\"900\" height=\"501\" data-src=\"https:\/\/eurankemikalio.com\/wp-content\/uploads\/2026\/02\/pirjo_2012.jpg\" alt=\"\" class=\"kb-img wp-image-137 lazyload\" data-srcset=\"https:\/\/eurankemikalio.com\/wp-content\/uploads\/2026\/02\/pirjo_2012.jpg 900w, https:\/\/eurankemikalio.com\/wp-content\/uploads\/2026\/02\/pirjo_2012-300x167.jpg 300w, https:\/\/eurankemikalio.com\/wp-content\/uploads\/2026\/02\/pirjo_2012-768x428.jpg 768w\" data-sizes=\"(max-width: 900px) 100vw, 900px\" src=\"data:image\/svg+xml;base64,PHN2ZyB3aWR0aD0iMSIgaGVpZ2h0PSIxIiB4bWxucz0iaHR0cDovL3d3dy53My5vcmcvMjAwMC9zdmciPjwvc3ZnPg==\" style=\"--smush-placeholder-width: 900px; --smush-placeholder-aspect-ratio: 900\/501;\" \/><\/figure>\n<\/div>\n\n\n<style>.wp-block-kadence-advancedheading.kt-adv-heading136_56014a-2a, .wp-block-kadence-advancedheading.kt-adv-heading136_56014a-2a[data-kb-block=\"kb-adv-heading136_56014a-2a\"]{font-weight:400;font-style:normal;font-family:'Roboto Condensed';}.wp-block-kadence-advancedheading.kt-adv-heading136_56014a-2a mark.kt-highlight, .wp-block-kadence-advancedheading.kt-adv-heading136_56014a-2a[data-kb-block=\"kb-adv-heading136_56014a-2a\"] mark.kt-highlight{font-style:normal;color:#f76a0c;-webkit-box-decoration-break:clone;box-decoration-break:clone;padding-top:0px;padding-right:0px;padding-bottom:0px;padding-left:0px;}.wp-block-kadence-advancedheading.kt-adv-heading136_56014a-2a img.kb-inline-image, .wp-block-kadence-advancedheading.kt-adv-heading136_56014a-2a[data-kb-block=\"kb-adv-heading136_56014a-2a\"] img.kb-inline-image{width:150px;vertical-align:baseline;}<\/style>\n<h4 class=\"kt-adv-heading136_56014a-2a wp-block-kadence-advancedheading\" data-kb-block=\"kb-adv-heading136_56014a-2a\"><strong>50 vuotta taitelijana<\/strong><\/h4>\n\n\n<style>.wp-block-kadence-advancedheading.kt-adv-heading136_889e1d-85, .wp-block-kadence-advancedheading.kt-adv-heading136_889e1d-85[data-kb-block=\"kb-adv-heading136_889e1d-85\"]{font-style:normal;}.wp-block-kadence-advancedheading.kt-adv-heading136_889e1d-85 mark.kt-highlight, .wp-block-kadence-advancedheading.kt-adv-heading136_889e1d-85[data-kb-block=\"kb-adv-heading136_889e1d-85\"] mark.kt-highlight{font-style:normal;color:#f76a0c;-webkit-box-decoration-break:clone;box-decoration-break:clone;padding-top:0px;padding-right:0px;padding-bottom:0px;padding-left:0px;}.wp-block-kadence-advancedheading.kt-adv-heading136_889e1d-85 img.kb-inline-image, .wp-block-kadence-advancedheading.kt-adv-heading136_889e1d-85[data-kb-block=\"kb-adv-heading136_889e1d-85\"] img.kb-inline-image{width:150px;vertical-align:baseline;}<\/style>\n<p class=\"kt-adv-heading136_889e1d-85 wp-block-kadence-advancedheading\" data-kb-block=\"kb-adv-heading136_889e1d-85\">Vuosi 2011 oli Pirjon 40-vuotistaiteilijajuhlavuosi. Silloin performanssien keskeiseksi elementiksi tuli flamenco, jota Pirjo tanssi tuolilla istuen polvivammansa vuoksi. Yleis\u00f6n innostunut vastaanotto kuljetti taiteilijan esiintym\u00e4\u00e4n Syv\u00e4 laulu-romanimusikaaliin vuonna 2012, ja siit\u00e4 l\u00e4htien flamenco on ollut h\u00e4nelle osa jokap\u00e4iv\u00e4ist\u00e4 el\u00e4m\u00e4\u00e4.<br><br>H\u00e4nen t\u00f6it\u00e4\u00e4n on sek\u00e4 julkisissa ett\u00e4 yksityisiss\u00e4 kokoelmissa. Yksityisn\u00e4yttelyit\u00e4 Pirjo Hamm-Hakam\u00e4ki on pit\u00e4nyt Eurassa, Raumalla, Porissa, Harjavallassa, Parkanossa, Nokialla Helsingiss\u00e4 sek\u00e4 ulkomailla Calellassa Espanjassa. Yhteisn\u00e4yttelyihin(Rauman Taiteilijaseura) h\u00e4n on osallistunut mm. Helsingiss\u00e4, Turussa, Vaasassa, Ylivieskassa, Sein\u00e4joella, Imatralla, Uudessakaupungissa ja Raumalla sek\u00e4 ulkomailla Unkarissa, Ruotsissa, Ven\u00e4j\u00e4ll\u00e4, Saksassa, Ranskassa ja Belgiassa.<br><br>Huoli ymp\u00e4rist\u00f6st\u00e4 ja varsinkin virtaavan veden puhtaana s\u00e4ilymisest\u00e4 on saanut h\u00e4net osallistumaan ymp\u00e4rist\u00f6taideteoksien valmistamiseen. Eurajoki-n\u00e4yttelyit\u00e4 ja performansseja\u00a0 h\u00e4n teki yhdess\u00e4 Kalle Hamm&#8217;in kanssa vuosina 1990-93.<br><br>Pirjo on my\u00f6s suosittu taide-ja kulttuurihistorian luennoitsija. Lis\u00e4ksi h\u00e4n omistaa\u00a0<a href=\"https:\/\/eurankemikalio.com\/index.php\/hammin-talo-2\/\">sukutalonsa<\/a>\u00a0yhteydess\u00e4 alkuper\u00e4isess\u00e4 asussaan toimivan\u00a0<a href=\"https:\/\/eurankemikalio.com\/index.php\/euran-kemikalio-2\/\">kemikalion<\/a>\u00a0vuodelta 1936 ja piharakennuksessa olevan\u00a0<a href=\"https:\/\/eurankemikalio.com\/index.php\/jokigalleria\/\">Jokigallerian<\/a>\u00a0Vieraskamareineen, joissa j\u00e4rjestet\u00e4\u00e4n ammatitaiteilijoiden vaihtuvia n\u00e4yttelyit\u00e4 sek\u00e4 jokasyksyinen Videokatselmus, jolloin galleria muuttuu elokuvateatteriksi.<br><br>Pirjo Hamm-Hakam\u00e4ki on naimisissa laskuvarjoj\u00e4\u00e4k\u00e4ri, valokuvaaja, maratoonari Pentti Hakam\u00e4en kanssa ja heill\u00e4 on hellitt\u00e4vin\u00e4\u00e4n vaihteleva m\u00e4\u00e4r\u00e4 kissoja.<\/p>\n","protected":false},"excerpt":{"rendered":"<p>PIRJO HAMM-HAKAM\u00c4KI Kuvataitelija, performansseri ja paljon muuta Kuvataiteilija Pirjo Hamm-Hakam\u00e4ki (s. 4.3.1952) asuu ja ty\u00f6skentelee sukutalossaan. H\u00e4nen vahvojen ja v\u00e4rikyll\u00e4isten pastelli- ja \u00f6ljymaalausten, tussipiirustuksien ja installaatioiden juuret ovat oman kokemisen kautta Italian renessanssissa, Katalonian kulttuurissa, id\u00e4n mystiikassa, antiikin taruissa ja romanikulttuurin rikkaudessa. Innoituksensa monipuolisuutta h\u00e4n k\u00e4ytt\u00e4\u00e4 my\u00f6s luodessaan uniikkikoruja. Niiden materiaalit tulevat maailman eri puolilta [&hellip;]<\/p>\n","protected":false},"author":1,"featured_media":0,"parent":0,"menu_order":0,"comment_status":"closed","ping_status":"closed","template":"","meta":{"footnotes":""},"class_list":["post-136","page","type-page","status-publish","hentry"],"blocksy_meta":[],"_links":{"self":[{"href":"https:\/\/eurankemikalio.com\/index.php\/wp-json\/wp\/v2\/pages\/136","targetHints":{"allow":["GET"]}}],"collection":[{"href":"https:\/\/eurankemikalio.com\/index.php\/wp-json\/wp\/v2\/pages"}],"about":[{"href":"https:\/\/eurankemikalio.com\/index.php\/wp-json\/wp\/v2\/types\/page"}],"author":[{"embeddable":true,"href":"https:\/\/eurankemikalio.com\/index.php\/wp-json\/wp\/v2\/users\/1"}],"replies":[{"embeddable":true,"href":"https:\/\/eurankemikalio.com\/index.php\/wp-json\/wp\/v2\/comments?post=136"}],"version-history":[{"count":6,"href":"https:\/\/eurankemikalio.com\/index.php\/wp-json\/wp\/v2\/pages\/136\/revisions"}],"predecessor-version":[{"id":209,"href":"https:\/\/eurankemikalio.com\/index.php\/wp-json\/wp\/v2\/pages\/136\/revisions\/209"}],"wp:attachment":[{"href":"https:\/\/eurankemikalio.com\/index.php\/wp-json\/wp\/v2\/media?parent=136"}],"curies":[{"name":"wp","href":"https:\/\/api.w.org\/{rel}","templated":true}]}}