{"id":14,"date":"2026-02-20T21:13:32","date_gmt":"2026-02-20T21:13:32","guid":{"rendered":"https:\/\/eurankemikalio.com\/?page_id=14"},"modified":"2026-02-23T21:57:33","modified_gmt":"2026-02-23T21:57:33","slug":"hammin-talo","status":"publish","type":"page","link":"https:\/\/eurankemikalio.com\/index.php\/hammin-talo\/","title":{"rendered":"HAMM&#8217;IN TALO"},"content":{"rendered":"<style>.wp-block-kadence-advancedbtn.kb-btns14_bee032-af{gap:var(--global-kb-gap-none, 0rem );justify-content:center;align-items:flex-end;}.kt-btns14_bee032-af .kt-button{font-weight:normal;font-style:normal;}.kt-btns14_bee032-af .kt-btn-wrap-0{margin-right:5px;}.wp-block-kadence-advancedbtn.kt-btns14_bee032-af .kt-btn-wrap-0 .kt-button{color:#555555;border-color:#555555;}.wp-block-kadence-advancedbtn.kt-btns14_bee032-af .kt-btn-wrap-0 .kt-button:hover, .wp-block-kadence-advancedbtn.kt-btns14_bee032-af .kt-btn-wrap-0 .kt-button:focus{color:#ffffff;border-color:#444444;}.wp-block-kadence-advancedbtn.kt-btns14_bee032-af .kt-btn-wrap-0 .kt-button::before{display:none;}.wp-block-kadence-advancedbtn.kt-btns14_bee032-af .kt-btn-wrap-0 .kt-button:hover, .wp-block-kadence-advancedbtn.kt-btns14_bee032-af .kt-btn-wrap-0 .kt-button:focus{background:#444444;}<\/style>\n<div class=\"wp-block-kadence-advancedbtn kb-buttons-wrap kb-btns14_bee032-af\"><style>ul.menu .wp-block-kadence-advancedbtn .kb-btn14_cfed35-1c.kb-button{width:initial;}.wp-block-kadence-advancedbtn .kb-btn14_cfed35-1c.kb-button{color:#1d1d1d;background:#c70000;}.wp-block-kadence-advancedbtn .kb-btn14_cfed35-1c.kb-button:hover, .wp-block-kadence-advancedbtn .kb-btn14_cfed35-1c.kb-button:focus{background:#c70000;}<\/style><a class=\"kb-button kt-button button kb-btn14_cfed35-1c kt-btn-size-standard kt-btn-width-type-full kb-btn-global-fill  kt-btn-has-text-true kt-btn-has-svg-false  wp-block-kadence-singlebtn\" href=\"https:\/\/eurankemikalio.com\/\"><span class=\"kt-btn-inner-text\">Etusivu<\/span><\/a>\n\n<style>ul.menu .wp-block-kadence-advancedbtn .kb-btn14_f4a4cf-c9.kb-button{width:initial;}.wp-block-kadence-advancedbtn .kb-btn14_f4a4cf-c9.kb-button{color:#000000;background:#c70000;border-top-left-radius:0px;}.wp-block-kadence-advancedbtn .kb-btn14_f4a4cf-c9.kb-button:hover, .wp-block-kadence-advancedbtn .kb-btn14_f4a4cf-c9.kb-button:focus{background:#c70000;}<\/style><a class=\"kb-button kt-button button kb-btn14_f4a4cf-c9 kt-btn-size-standard kt-btn-width-type-full kb-btn-global-fill  kt-btn-has-text-true kt-btn-has-svg-false  wp-block-kadence-singlebtn\" href=\"https:\/\/eurankemikalio.com\/index.php\/hammin-talo-2\/\"><span class=\"kt-btn-inner-text\">Hamm&#8217;in talo<\/span><\/a>\n\n<style>ul.menu .wp-block-kadence-advancedbtn .kb-btn14_86013e-00.kb-button{width:initial;}.wp-block-kadence-advancedbtn .kb-btn14_86013e-00.kb-button{color:#000000;background:#c70000;}.wp-block-kadence-advancedbtn .kb-btn14_86013e-00.kb-button:hover, .wp-block-kadence-advancedbtn .kb-btn14_86013e-00.kb-button:focus{background:#c70000;}<\/style><a class=\"kb-button kt-button button kb-btn14_86013e-00 kt-btn-size-standard kt-btn-width-type-full kb-btn-global-fill  kt-btn-has-text-true kt-btn-has-svg-false  wp-block-kadence-singlebtn\" href=\"https:\/\/eurankemikalio.com\/index.php\/hammin-talo\/\"><span class=\"kt-btn-inner-text\">Historiaa<\/span><\/a><\/div>\n\n\n\n<div>\n<div><style>.kb-image14_14338b-bd.kb-image-is-ratio-size, .kb-image14_14338b-bd .kb-image-is-ratio-size{max-width:3000px;width:100%;}.wp-block-kadence-column > .kt-inside-inner-col > .kb-image14_14338b-bd.kb-image-is-ratio-size, .wp-block-kadence-column > .kt-inside-inner-col > .kb-image14_14338b-bd .kb-image-is-ratio-size{align-self:unset;}.kb-image14_14338b-bd figure{max-width:3000px;}.kb-image14_14338b-bd .image-is-svg, .kb-image14_14338b-bd .image-is-svg img{width:100%;}.kb-image14_14338b-bd .kb-image-has-overlay:after{opacity:0.3;}<\/style>\n<div class=\"wp-block-kadence-image kb-image14_14338b-bd\"><figure class=\"aligncenter size-full\"><img decoding=\"async\" width=\"700\" height=\"348\" data-src=\"https:\/\/eurankemikalio.com\/wp-content\/uploads\/2026\/02\/historia.jpg\" alt=\"\" class=\"kb-img wp-image-57 lazyload\" data-srcset=\"https:\/\/eurankemikalio.com\/wp-content\/uploads\/2026\/02\/historia.jpg 700w, https:\/\/eurankemikalio.com\/wp-content\/uploads\/2026\/02\/historia-300x149.jpg 300w\" data-sizes=\"(max-width: 700px) 100vw, 700px\" src=\"data:image\/svg+xml;base64,PHN2ZyB3aWR0aD0iMSIgaGVpZ2h0PSIxIiB4bWxucz0iaHR0cDovL3d3dy53My5vcmcvMjAwMC9zdmciPjwvc3ZnPg==\" style=\"--smush-placeholder-width: 700px; --smush-placeholder-aspect-ratio: 700\/348;\" \/><\/figure><\/div>\n<\/div>\n\n\n<style>.wp-block-kadence-advancedheading.kt-adv-heading14_d6d79d-13, .wp-block-kadence-advancedheading.kt-adv-heading14_d6d79d-13[data-kb-block=\"kb-adv-heading14_d6d79d-13\"]{font-weight:400;font-style:normal;font-family:'Roboto Condensed';}.wp-block-kadence-advancedheading.kt-adv-heading14_d6d79d-13 mark.kt-highlight, .wp-block-kadence-advancedheading.kt-adv-heading14_d6d79d-13[data-kb-block=\"kb-adv-heading14_d6d79d-13\"] mark.kt-highlight{font-style:normal;color:#f76a0c;-webkit-box-decoration-break:clone;box-decoration-break:clone;padding-top:0px;padding-right:0px;padding-bottom:0px;padding-left:0px;}.wp-block-kadence-advancedheading.kt-adv-heading14_d6d79d-13 img.kb-inline-image, .wp-block-kadence-advancedheading.kt-adv-heading14_d6d79d-13[data-kb-block=\"kb-adv-heading14_d6d79d-13\"] img.kb-inline-image{width:150px;vertical-align:baseline;}<\/style>\n<h2 class=\"kt-adv-heading14_d6d79d-13 wp-block-kadence-advancedheading\" data-kb-block=\"kb-adv-heading14_d6d79d-13\"><strong>HISTORIAA<\/strong><\/h2>\n<\/div>\n\n\n<style>.wp-block-kadence-advancedheading.kt-adv-heading14_7df4c1-d0, .wp-block-kadence-advancedheading.kt-adv-heading14_7df4c1-d0[data-kb-block=\"kb-adv-heading14_7df4c1-d0\"]{font-weight:400;font-style:normal;font-family:'Roboto Condensed';}.wp-block-kadence-advancedheading.kt-adv-heading14_7df4c1-d0 mark.kt-highlight, .wp-block-kadence-advancedheading.kt-adv-heading14_7df4c1-d0[data-kb-block=\"kb-adv-heading14_7df4c1-d0\"] mark.kt-highlight{font-style:normal;color:#f76a0c;-webkit-box-decoration-break:clone;box-decoration-break:clone;padding-top:0px;padding-right:0px;padding-bottom:0px;padding-left:0px;}.wp-block-kadence-advancedheading.kt-adv-heading14_7df4c1-d0 img.kb-inline-image, .wp-block-kadence-advancedheading.kt-adv-heading14_7df4c1-d0[data-kb-block=\"kb-adv-heading14_7df4c1-d0\"] img.kb-inline-image{width:150px;vertical-align:baseline;}<\/style>\n<h4 class=\"kt-adv-heading14_7df4c1-d0 wp-block-kadence-advancedheading\" data-kb-block=\"kb-adv-heading14_7df4c1-d0\"><strong>El\u00e4m\u00e4\u00e4 kyl\u00e4n kapeimman oven takaa eli Euran Kemikalion ja Hamm&#8217;in talon historiaa<\/strong><\/h4>\n\n\n<style>.wp-block-kadence-advancedheading.kt-adv-heading14_4b78f1-89, .wp-block-kadence-advancedheading.kt-adv-heading14_4b78f1-89[data-kb-block=\"kb-adv-heading14_4b78f1-89\"]{font-style:normal;}.wp-block-kadence-advancedheading.kt-adv-heading14_4b78f1-89 mark.kt-highlight, .wp-block-kadence-advancedheading.kt-adv-heading14_4b78f1-89[data-kb-block=\"kb-adv-heading14_4b78f1-89\"] mark.kt-highlight{font-style:normal;color:#f76a0c;-webkit-box-decoration-break:clone;box-decoration-break:clone;padding-top:0px;padding-right:0px;padding-bottom:0px;padding-left:0px;}.wp-block-kadence-advancedheading.kt-adv-heading14_4b78f1-89 img.kb-inline-image, .wp-block-kadence-advancedheading.kt-adv-heading14_4b78f1-89[data-kb-block=\"kb-adv-heading14_4b78f1-89\"] img.kb-inline-image{width:150px;vertical-align:baseline;}<\/style>\n<p class=\"kt-adv-heading14_4b78f1-89 wp-block-kadence-advancedheading\" data-kb-block=\"kb-adv-heading14_4b78f1-89\">Nykyisin Hamm&#8217;in talona tunnettu punavalkoinen uusrenessanssihirsitalo Sorkkisissa valmistui 1890-luvun alussa. Alusta l\u00e4htien p\u00e4\u00e4rakennuksessa ja sen pihapiiriss\u00e4 toimi erilaisia verstaita ja toimistoja postin, nimismiehen ja el\u00e4inl\u00e4\u00e4k\u00e4rin vastaanotoista isoon puusep\u00e4nverstaaseen.<br><br>1900-luvun alkupuolella Olga ja Frans Ansio ostivat tontin ja rakennukset. Frans perusti puusep\u00e4n verstaan, piirsi puusepp\u00e4mestarina huonekaluja ja hankki sinne ty\u00f6ntekij\u00e4t. Olga aukaisi Euran ensimm\u00e4isen muotiliikkeen 12.5.1928 ja nuorimmainen tyt\u00e4r Meri paikkakunnan ensimm\u00e4isen kemikalion.<br><br>Meri Ansio (avioiduttuaan Hamm) avasi siis 1.5.1936 Euran Kemikalion kapeat ovet ja aloitti liiketoiminnan. Ymm\u00e4rt\u00e4en talon ja liikkeen historian vaiheet heijastumina koko Suomen historiasta tsaarin ajasta kapinan ja sotavuosien kautta t\u00e4h\u00e4n p\u00e4iv\u00e4\u00e4n h\u00e4n s\u00e4ilytti tuotteita, v\u00e4lineit\u00e4 ja mainoksia eri vuosikymmenilt\u00e4, joita on liikkeess\u00e4 esill\u00e4. Kalustus on alkuper\u00e4ist\u00e4 Frans Ansiota, sill\u00e4 h\u00e4n suunnitteli ja valmisti myym\u00e4l\u00e4kalusteet tytt\u00e4relleen.<\/p>\n\n\n<style>.wp-block-kadence-advancedheading.kt-adv-heading14_6e4111-cc, .wp-block-kadence-advancedheading.kt-adv-heading14_6e4111-cc[data-kb-block=\"kb-adv-heading14_6e4111-cc\"]{font-weight:400;font-style:normal;font-family:'Roboto Condensed';}.wp-block-kadence-advancedheading.kt-adv-heading14_6e4111-cc mark.kt-highlight, .wp-block-kadence-advancedheading.kt-adv-heading14_6e4111-cc[data-kb-block=\"kb-adv-heading14_6e4111-cc\"] mark.kt-highlight{font-style:normal;color:#f76a0c;-webkit-box-decoration-break:clone;box-decoration-break:clone;padding-top:0px;padding-right:0px;padding-bottom:0px;padding-left:0px;}.wp-block-kadence-advancedheading.kt-adv-heading14_6e4111-cc img.kb-inline-image, .wp-block-kadence-advancedheading.kt-adv-heading14_6e4111-cc[data-kb-block=\"kb-adv-heading14_6e4111-cc\"] img.kb-inline-image{width:150px;vertical-align:baseline;}<\/style>\n<h4 class=\"kt-adv-heading14_6e4111-cc wp-block-kadence-advancedheading\" data-kb-block=\"kb-adv-heading14_6e4111-cc\"><strong>Meri Hamm hoiti liikett\u00e4\u00e4n kuolinp\u00e4iv\u00e4\u00e4ns\u00e4 asti<\/strong><\/h4>\n\n\n<style>.wp-block-kadence-advancedheading.kt-adv-heading14_865599-4d, .wp-block-kadence-advancedheading.kt-adv-heading14_865599-4d[data-kb-block=\"kb-adv-heading14_865599-4d\"]{font-style:normal;}.wp-block-kadence-advancedheading.kt-adv-heading14_865599-4d mark.kt-highlight, .wp-block-kadence-advancedheading.kt-adv-heading14_865599-4d[data-kb-block=\"kb-adv-heading14_865599-4d\"] mark.kt-highlight{font-style:normal;color:#f76a0c;-webkit-box-decoration-break:clone;box-decoration-break:clone;padding-top:0px;padding-right:0px;padding-bottom:0px;padding-left:0px;}.wp-block-kadence-advancedheading.kt-adv-heading14_865599-4d img.kb-inline-image, .wp-block-kadence-advancedheading.kt-adv-heading14_865599-4d[data-kb-block=\"kb-adv-heading14_865599-4d\"] img.kb-inline-image{width:150px;vertical-align:baseline;}<\/style>\n<p class=\"kt-adv-heading14_865599-4d wp-block-kadence-advancedheading\" data-kb-block=\"kb-adv-heading14_865599-4d\">Meri Hamm oli syntynyt 21.1.1910 ja oli siis 26-vuotias nuori hento nainen ja naimaton viel\u00e4 silloin perustaessaan maaseudulle siihen aikaan hyvin harvinaisen ja modernin liikkeen eli kemikalion. Suomessa ei silloin toiminut kuin pari alan tukkuliikett\u00e4, ja niinp\u00e4 Meri saksankielentaitoisena tilasi Berliinist\u00e4 suuren filmistudion maskeeraushankkijalta samaa kosmetiikkaa kuin esim. Greta Garbo ja Marlene Dietrich k\u00e4yttiv\u00e4t filmiehostuksissaan. T\u00e4m\u00e4 tapahtui ennen 2. maailmansotaa. Samoin ennen sotia ja varsinkin sodan j\u00e4lkeen pula-aikana Meri valmisti itse liikkeess\u00e4\u00e4n voiteita, kasvovesi\u00e4 ja erilaisia rohtoliuoksia asiakkaan omiin astioihin. T\u00e4t\u00e4 varten h\u00e4n hankki ensi t\u00f6ikseen l\u00e4\u00e4ninhallitukselta myrkkyluvan, johon liittyi erillinen valmistuslupa. T\u00e4llaista lupaa ei my\u00f6nnetty Eurassa muille kuin Meri Ansiolle ja apteekkarille.<br><br>Meri Hamm hoiti liikett\u00e4\u00e4n ja kirjanpitoaan itse kuolinp\u00e4iv\u00e4\u00e4ns\u00e4 (10.4.1994) asti. Perustaessaan liikkeens\u00e4 t\u00e4m\u00e4n radikaalin neidin tempaus her\u00e4tti kyl\u00e4ll\u00e4 h\u00e4mmennyst\u00e4, jopa pahennusta. Mutta toiminta jatkuu edelleen, t\u00e4ll\u00e4 kertaa taiteilijatytt\u00e4ren k\u00e4siss\u00e4.<br><\/p>\n\n\n<style>.wp-block-kadence-advancedheading.kt-adv-heading14_08eb00-1e, .wp-block-kadence-advancedheading.kt-adv-heading14_08eb00-1e[data-kb-block=\"kb-adv-heading14_08eb00-1e\"]{font-weight:400;font-style:normal;font-family:'Roboto Condensed';}.wp-block-kadence-advancedheading.kt-adv-heading14_08eb00-1e mark.kt-highlight, .wp-block-kadence-advancedheading.kt-adv-heading14_08eb00-1e[data-kb-block=\"kb-adv-heading14_08eb00-1e\"] mark.kt-highlight{font-style:normal;color:#f76a0c;-webkit-box-decoration-break:clone;box-decoration-break:clone;padding-top:0px;padding-right:0px;padding-bottom:0px;padding-left:0px;}.wp-block-kadence-advancedheading.kt-adv-heading14_08eb00-1e img.kb-inline-image, .wp-block-kadence-advancedheading.kt-adv-heading14_08eb00-1e[data-kb-block=\"kb-adv-heading14_08eb00-1e\"] img.kb-inline-image{width:150px;vertical-align:baseline;}<\/style>\n<h4 class=\"kt-adv-heading14_08eb00-1e wp-block-kadence-advancedheading\" data-kb-block=\"kb-adv-heading14_08eb00-1e\"><strong>Mummon kaupassa toimii t\u00e4n\u00e4 p\u00e4iv\u00e4n\u00e4 ateljee<\/strong><\/h4>\n\n\n<style>.wp-block-kadence-advancedheading.kt-adv-heading14_29e595-c3, .wp-block-kadence-advancedheading.kt-adv-heading14_29e595-c3[data-kb-block=\"kb-adv-heading14_29e595-c3\"]{font-style:normal;}.wp-block-kadence-advancedheading.kt-adv-heading14_29e595-c3 mark.kt-highlight, .wp-block-kadence-advancedheading.kt-adv-heading14_29e595-c3[data-kb-block=\"kb-adv-heading14_29e595-c3\"] mark.kt-highlight{font-style:normal;color:#f76a0c;-webkit-box-decoration-break:clone;box-decoration-break:clone;padding-top:0px;padding-right:0px;padding-bottom:0px;padding-left:0px;}.wp-block-kadence-advancedheading.kt-adv-heading14_29e595-c3 img.kb-inline-image, .wp-block-kadence-advancedheading.kt-adv-heading14_29e595-c3[data-kb-block=\"kb-adv-heading14_29e595-c3\"] img.kb-inline-image{width:150px;vertical-align:baseline;}<\/style>\n<p class=\"kt-adv-heading14_29e595-c3 wp-block-kadence-advancedheading\" data-kb-block=\"kb-adv-heading14_29e595-c3\">Kemikalion viereisess\u00e4 huoneessa on Pirjo Hamm-Hakam\u00e4en ateljee, siis h\u00e4nen mummonsa Olga Ansion vaatetus- ja kangaskaupassa, jonka kalustus, mm. kangastiski on nyt piirustusp\u00f6yt\u00e4n\u00e4 ja vanhan postin lajitteluhyllykk\u00f6 on taitelijatarvikkeiden s\u00e4ilytystilana. Seuraavassa huoneessa (entinen lasten kamari) on budoaarisalonki, jossa Pirjo tekee juhlameikkej\u00e4 ja sovittaa coiffeau-p\u00e4\u00e4hineit\u00e4 asiakkaille.<br><br>Liikkeess\u00e4 on myyt\u00e4v\u00e4n\u00e4 Pirjon pikkutauluja, kortteja, koruja sek\u00e4 tietysti p\u00e4iv\u00e4n kosmetiikkaa, parfyymeja ja kylpytuotteita, joista laajalti tunnetaan kemikalion suuri valikoima sulotuoksuisia wanhanajan hienosaippuoita. Kemikalion seiniin on vuosikymmenten aikana sy\u00f6pynyt ihastuttava parfymerian tuoksu.<br><\/p>\n\n\n\n<p><\/p>\n","protected":false},"excerpt":{"rendered":"<p>HISTORIAA El\u00e4m\u00e4\u00e4 kyl\u00e4n kapeimman oven takaa eli Euran Kemikalion ja Hamm&#8217;in talon historiaa Nykyisin Hamm&#8217;in talona tunnettu punavalkoinen uusrenessanssihirsitalo Sorkkisissa valmistui 1890-luvun alussa. Alusta l\u00e4htien p\u00e4\u00e4rakennuksessa ja sen pihapiiriss\u00e4 toimi erilaisia verstaita ja toimistoja postin, nimismiehen ja el\u00e4inl\u00e4\u00e4k\u00e4rin vastaanotoista isoon puusep\u00e4nverstaaseen. 1900-luvun alkupuolella Olga ja Frans Ansio ostivat tontin ja rakennukset. Frans perusti puusep\u00e4n verstaan, [&hellip;]<\/p>\n","protected":false},"author":1,"featured_media":0,"parent":0,"menu_order":0,"comment_status":"closed","ping_status":"closed","template":"","meta":{"footnotes":""},"class_list":["post-14","page","type-page","status-publish","hentry"],"blocksy_meta":[],"_links":{"self":[{"href":"https:\/\/eurankemikalio.com\/index.php\/wp-json\/wp\/v2\/pages\/14","targetHints":{"allow":["GET"]}}],"collection":[{"href":"https:\/\/eurankemikalio.com\/index.php\/wp-json\/wp\/v2\/pages"}],"about":[{"href":"https:\/\/eurankemikalio.com\/index.php\/wp-json\/wp\/v2\/types\/page"}],"author":[{"embeddable":true,"href":"https:\/\/eurankemikalio.com\/index.php\/wp-json\/wp\/v2\/users\/1"}],"replies":[{"embeddable":true,"href":"https:\/\/eurankemikalio.com\/index.php\/wp-json\/wp\/v2\/comments?post=14"}],"version-history":[{"count":14,"href":"https:\/\/eurankemikalio.com\/index.php\/wp-json\/wp\/v2\/pages\/14\/revisions"}],"predecessor-version":[{"id":201,"href":"https:\/\/eurankemikalio.com\/index.php\/wp-json\/wp\/v2\/pages\/14\/revisions\/201"}],"wp:attachment":[{"href":"https:\/\/eurankemikalio.com\/index.php\/wp-json\/wp\/v2\/media?parent=14"}],"curies":[{"name":"wp","href":"https:\/\/api.w.org\/{rel}","templated":true}]}}