{"id":161,"date":"2026-02-23T20:26:24","date_gmt":"2026-02-23T20:26:24","guid":{"rendered":"https:\/\/eurankemikalio.com\/?page_id=161"},"modified":"2026-02-23T21:40:21","modified_gmt":"2026-02-23T21:40:21","slug":"performanssit","status":"publish","type":"page","link":"https:\/\/eurankemikalio.com\/index.php\/performanssit\/","title":{"rendered":"PERFORMANSSIT"},"content":{"rendered":"\n<div><style>.wp-block-kadence-advancedbtn.kb-btns161_d1abea-9e{gap:var(--global-kb-gap-none, 0rem );justify-content:center;align-items:flex-end;}.kt-btns161_d1abea-9e .kt-button{font-weight:normal;font-style:normal;}.kt-btns161_d1abea-9e .kt-btn-wrap-0{margin-right:5px;}.wp-block-kadence-advancedbtn.kt-btns161_d1abea-9e .kt-btn-wrap-0 .kt-button{color:#555555;border-color:#555555;}.wp-block-kadence-advancedbtn.kt-btns161_d1abea-9e .kt-btn-wrap-0 .kt-button:hover, .wp-block-kadence-advancedbtn.kt-btns161_d1abea-9e .kt-btn-wrap-0 .kt-button:focus{color:#ffffff;border-color:#444444;}.wp-block-kadence-advancedbtn.kt-btns161_d1abea-9e .kt-btn-wrap-0 .kt-button::before{display:none;}.wp-block-kadence-advancedbtn.kt-btns161_d1abea-9e .kt-btn-wrap-0 .kt-button:hover, .wp-block-kadence-advancedbtn.kt-btns161_d1abea-9e .kt-btn-wrap-0 .kt-button:focus{background:#444444;}<\/style>\n<div class=\"wp-block-kadence-advancedbtn kb-buttons-wrap kb-btns161_d1abea-9e\"><style>ul.menu .wp-block-kadence-advancedbtn .kb-btn161_3430b3-ec.kb-button{width:initial;}.wp-block-kadence-advancedbtn .kb-btn161_3430b3-ec.kb-button{color:#ffcb08;background:#510055;}.wp-block-kadence-advancedbtn .kb-btn161_3430b3-ec.kb-button:hover, .wp-block-kadence-advancedbtn .kb-btn161_3430b3-ec.kb-button:focus{background:#510055;}<\/style><a class=\"kb-button kt-button button kb-btn161_3430b3-ec kt-btn-size-standard kt-btn-width-type-full kb-btn-global-fill  kt-btn-has-text-true kt-btn-has-svg-false  wp-block-kadence-singlebtn\" href=\"https:\/\/eurankemikalio.com\/\"><span class=\"kt-btn-inner-text\">Etusivu<\/span><\/a>\n\n<style>ul.menu .wp-block-kadence-advancedbtn .kb-btn161_426c3a-b3.kb-button{width:initial;}.wp-block-kadence-advancedbtn .kb-btn161_426c3a-b3.kb-button{color:#ffcb08;background:#510055;}.wp-block-kadence-advancedbtn .kb-btn161_426c3a-b3.kb-button:hover, .wp-block-kadence-advancedbtn .kb-btn161_426c3a-b3.kb-button:focus{background:#510055;}<\/style><a class=\"kb-button kt-button button kb-btn161_426c3a-b3 kt-btn-size-standard kt-btn-width-type-full kb-btn-global-fill  kt-btn-has-text-true kt-btn-has-svg-false  wp-block-kadence-singlebtn\" href=\"https:\/\/eurankemikalio.com\/index.php\/pirjo-hamm-hakamaki\/\"><span class=\"kt-btn-inner-text\">Hamm-Hakam\u00e4ki<\/span><\/a>\n\n<style>ul.menu .wp-block-kadence-advancedbtn .kb-btn161_4b2a60-88.kb-button{width:initial;}.wp-block-kadence-advancedbtn .kb-btn161_4b2a60-88.kb-button{color:#ffcb08;background:#510055;}.wp-block-kadence-advancedbtn .kb-btn161_4b2a60-88.kb-button:hover, .wp-block-kadence-advancedbtn .kb-btn161_4b2a60-88.kb-button:focus{background:#510055;}<\/style><a class=\"kb-button kt-button button kb-btn161_4b2a60-88 kt-btn-size-standard kt-btn-width-type-full kb-btn-global-fill  kt-btn-has-text-true kt-btn-has-svg-false  wp-block-kadence-singlebtn\" href=\"https:\/\/eurankemikalio.com\/index.php\/teokset\/\"><span class=\"kt-btn-inner-text\">Teokset<\/span><\/a>\n\n<style>ul.menu .wp-block-kadence-advancedbtn .kb-btn161_cd33af-bd.kb-button{width:initial;}.wp-block-kadence-advancedbtn .kb-btn161_cd33af-bd.kb-button{color:#ffcb08;background:#510055;}.wp-block-kadence-advancedbtn .kb-btn161_cd33af-bd.kb-button:hover, .wp-block-kadence-advancedbtn .kb-btn161_cd33af-bd.kb-button:focus{background:#510055;}<\/style><a class=\"kb-button kt-button button kb-btn161_cd33af-bd kt-btn-size-standard kt-btn-width-type-full kb-btn-global-fill  kt-btn-has-text-true kt-btn-has-svg-false  wp-block-kadence-singlebtn\" href=\"https:\/\/eurankemikalio.com\/index.php\/performanssit\/\"><span class=\"kt-btn-inner-text\">Performanssit<\/span><\/a>\n\n<style>ul.menu .wp-block-kadence-advancedbtn .kb-btn161_1cff46-90.kb-button{width:initial;}.wp-block-kadence-advancedbtn .kb-btn161_1cff46-90.kb-button{color:#ffcb08;background:#510055;}.wp-block-kadence-advancedbtn .kb-btn161_1cff46-90.kb-button:hover, .wp-block-kadence-advancedbtn .kb-btn161_1cff46-90.kb-button:focus{background:#510055;}<\/style><a class=\"kb-button kt-button button kb-btn161_1cff46-90 kt-btn-size-standard kt-btn-width-type-full kb-btn-global-fill  kt-btn-has-text-true kt-btn-has-svg-false  wp-block-kadence-singlebtn\" href=\"https:\/\/eurankemikalio.com\/index.php\/puvut-ja-korut\/\"><span class=\"kt-btn-inner-text\">Puvut ja korut<\/span><\/a>\n\n<style>ul.menu .wp-block-kadence-advancedbtn .kb-btn161_55ec67-d5.kb-button{width:initial;}.wp-block-kadence-advancedbtn .kb-btn161_55ec67-d5.kb-button{color:#ffcb08;background:#510055;}.wp-block-kadence-advancedbtn .kb-btn161_55ec67-d5.kb-button:hover, .wp-block-kadence-advancedbtn .kb-btn161_55ec67-d5.kb-button:focus{background:#510055;}<\/style><a class=\"kb-button kt-button button kb-btn161_55ec67-d5 kt-btn-size-standard kt-btn-width-type-full kb-btn-global-fill  kt-btn-has-text-true kt-btn-has-svg-false  wp-block-kadence-singlebtn\" href=\"https:\/\/eurankemikalio.com\/index.php\/ansioluettelo\/\"><span class=\"kt-btn-inner-text\">Ansioluettelo<\/span><\/a>\n\n<style>ul.menu .wp-block-kadence-advancedbtn .kb-btn161_6402bc-f0.kb-button{width:initial;}.wp-block-kadence-advancedbtn .kb-btn161_6402bc-f0.kb-button{color:#ffcb08;background:#510055;}.wp-block-kadence-advancedbtn .kb-btn161_6402bc-f0.kb-button:hover, .wp-block-kadence-advancedbtn .kb-btn161_6402bc-f0.kb-button:focus{background:#510055;}<\/style><a class=\"kb-button kt-button button kb-btn161_6402bc-f0 kt-btn-size-standard kt-btn-width-type-full kb-btn-global-fill  kt-btn-has-text-true kt-btn-has-svg-false  wp-block-kadence-singlebtn\" href=\"https:\/\/eurankemikalio.com\/index.php\/lehdisto\/\"><span class=\"kt-btn-inner-text\">Lehdist\u00f6<\/span><\/a><\/div>\n\n\n<style>.wp-block-kadence-advancedheading.kt-adv-heading161_44d0e8-cf, .wp-block-kadence-advancedheading.kt-adv-heading161_44d0e8-cf[data-kb-block=\"kb-adv-heading161_44d0e8-cf\"]{font-weight:400;font-style:normal;font-family:'Roboto Condensed';}.wp-block-kadence-advancedheading.kt-adv-heading161_44d0e8-cf mark.kt-highlight, .wp-block-kadence-advancedheading.kt-adv-heading161_44d0e8-cf[data-kb-block=\"kb-adv-heading161_44d0e8-cf\"] mark.kt-highlight{font-style:normal;color:#f76a0c;-webkit-box-decoration-break:clone;box-decoration-break:clone;padding-top:0px;padding-right:0px;padding-bottom:0px;padding-left:0px;}.wp-block-kadence-advancedheading.kt-adv-heading161_44d0e8-cf img.kb-inline-image, .wp-block-kadence-advancedheading.kt-adv-heading161_44d0e8-cf[data-kb-block=\"kb-adv-heading161_44d0e8-cf\"] img.kb-inline-image{width:150px;vertical-align:baseline;}<\/style>\n<h2 class=\"kt-adv-heading161_44d0e8-cf wp-block-kadence-advancedheading\" data-kb-block=\"kb-adv-heading161_44d0e8-cf\"><strong>PERFORMANSSIT<\/strong><\/h2>\n<\/div>\n\n\n<style>.wp-block-kadence-advancedheading.kt-adv-heading161_afc385-98, .wp-block-kadence-advancedheading.kt-adv-heading161_afc385-98[data-kb-block=\"kb-adv-heading161_afc385-98\"]{font-weight:400;font-style:normal;font-family:'Roboto Condensed';}.wp-block-kadence-advancedheading.kt-adv-heading161_afc385-98 mark.kt-highlight, .wp-block-kadence-advancedheading.kt-adv-heading161_afc385-98[data-kb-block=\"kb-adv-heading161_afc385-98\"] mark.kt-highlight{font-style:normal;color:#f76a0c;-webkit-box-decoration-break:clone;box-decoration-break:clone;padding-top:0px;padding-right:0px;padding-bottom:0px;padding-left:0px;}.wp-block-kadence-advancedheading.kt-adv-heading161_afc385-98 img.kb-inline-image, .wp-block-kadence-advancedheading.kt-adv-heading161_afc385-98[data-kb-block=\"kb-adv-heading161_afc385-98\"] img.kb-inline-image{width:150px;vertical-align:baseline;}<\/style>\n<h4 class=\"kt-adv-heading161_afc385-98 wp-block-kadence-advancedheading\" data-kb-block=\"kb-adv-heading161_afc385-98\"><strong>Pirjo Hamm-Hakam\u00e4ki<\/strong><\/h4>\n\n\n\n<div class=\"gb-element-da73df11\"><style>.kb-image161_a0dc05-e6.kb-image-is-ratio-size, .kb-image161_a0dc05-e6 .kb-image-is-ratio-size{max-width:2814px;width:100%;}.wp-block-kadence-column > .kt-inside-inner-col > .kb-image161_a0dc05-e6.kb-image-is-ratio-size, .wp-block-kadence-column > .kt-inside-inner-col > .kb-image161_a0dc05-e6 .kb-image-is-ratio-size{align-self:unset;}.kb-image161_a0dc05-e6{max-width:2814px;}.image-is-svg.kb-image161_a0dc05-e6{-webkit-flex:0 1 100%;flex:0 1 100%;}.image-is-svg.kb-image161_a0dc05-e6 img{width:100%;}.kb-image161_a0dc05-e6 .kb-image-has-overlay:after{opacity:0.3;}<\/style>\n<figure class=\"wp-block-kadence-image kb-image161_a0dc05-e6 size-full\"><img decoding=\"async\" width=\"1000\" height=\"682\" data-src=\"https:\/\/eurankemikalio.com\/wp-content\/uploads\/2026\/02\/piknik_laskuvarjo.jpg\" alt=\"\" class=\"kb-img wp-image-167 lazyload\" data-srcset=\"https:\/\/eurankemikalio.com\/wp-content\/uploads\/2026\/02\/piknik_laskuvarjo.jpg 1000w, https:\/\/eurankemikalio.com\/wp-content\/uploads\/2026\/02\/piknik_laskuvarjo-300x205.jpg 300w, https:\/\/eurankemikalio.com\/wp-content\/uploads\/2026\/02\/piknik_laskuvarjo-768x524.jpg 768w\" data-sizes=\"(max-width: 1000px) 100vw, 1000px\" src=\"data:image\/svg+xml;base64,PHN2ZyB3aWR0aD0iMSIgaGVpZ2h0PSIxIiB4bWxucz0iaHR0cDovL3d3dy53My5vcmcvMjAwMC9zdmciPjwvc3ZnPg==\" style=\"--smush-placeholder-width: 1000px; --smush-placeholder-aspect-ratio: 1000\/682;\" \/><figcaption>Pirjo Hamm-Hakam\u00e4ki ja Pentti Hakam\u00e4ki esittiv\u00e4t Jokivarren pik-nikill\u00e4 laskuvarjoperformanssin 12.7.2015.<\/figcaption><\/figure>\n\n\n<style>.kb-image161_c3b0d3-11.kb-image-is-ratio-size, .kb-image161_c3b0d3-11 .kb-image-is-ratio-size{max-width:2814px;width:100%;}.wp-block-kadence-column > .kt-inside-inner-col > .kb-image161_c3b0d3-11.kb-image-is-ratio-size, .wp-block-kadence-column > .kt-inside-inner-col > .kb-image161_c3b0d3-11 .kb-image-is-ratio-size{align-self:unset;}.kb-image161_c3b0d3-11{max-width:2814px;}.image-is-svg.kb-image161_c3b0d3-11{-webkit-flex:0 1 100%;flex:0 1 100%;}.image-is-svg.kb-image161_c3b0d3-11 img{width:100%;}.kb-image161_c3b0d3-11 .kb-image-has-overlay:after{opacity:0.3;}<\/style>\n<figure class=\"wp-block-kadence-image kb-image161_c3b0d3-11 size-full\"><img decoding=\"async\" width=\"1000\" height=\"737\" data-src=\"https:\/\/eurankemikalio.com\/wp-content\/uploads\/2026\/02\/piknik_laskuvarjo2.jpg\" alt=\"\" class=\"kb-img wp-image-168 lazyload\" data-srcset=\"https:\/\/eurankemikalio.com\/wp-content\/uploads\/2026\/02\/piknik_laskuvarjo2.jpg 1000w, https:\/\/eurankemikalio.com\/wp-content\/uploads\/2026\/02\/piknik_laskuvarjo2-300x221.jpg 300w, https:\/\/eurankemikalio.com\/wp-content\/uploads\/2026\/02\/piknik_laskuvarjo2-768x566.jpg 768w\" data-sizes=\"(max-width: 1000px) 100vw, 1000px\" src=\"data:image\/svg+xml;base64,PHN2ZyB3aWR0aD0iMSIgaGVpZ2h0PSIxIiB4bWxucz0iaHR0cDovL3d3dy53My5vcmcvMjAwMC9zdmciPjwvc3ZnPg==\" style=\"--smush-placeholder-width: 1000px; --smush-placeholder-aspect-ratio: 1000\/737;\" \/><figcaption>Laskuvarjoperformansi 12.7.2015<\/figcaption><\/figure>\n\n\n<style>.kb-image161_9cbef5-45.kb-image-is-ratio-size, .kb-image161_9cbef5-45 .kb-image-is-ratio-size{max-width:2814px;width:100%;}.wp-block-kadence-column > .kt-inside-inner-col > .kb-image161_9cbef5-45.kb-image-is-ratio-size, .wp-block-kadence-column > .kt-inside-inner-col > .kb-image161_9cbef5-45 .kb-image-is-ratio-size{align-self:unset;}.kb-image161_9cbef5-45{max-width:2814px;}.image-is-svg.kb-image161_9cbef5-45{-webkit-flex:0 1 100%;flex:0 1 100%;}.image-is-svg.kb-image161_9cbef5-45 img{width:100%;}.kb-image161_9cbef5-45 .kb-image-has-overlay:after{opacity:0.3;}<\/style>\n<figure class=\"wp-block-kadence-image kb-image161_9cbef5-45 size-full\"><img decoding=\"async\" width=\"900\" height=\"576\" data-src=\"https:\/\/eurankemikalio.com\/wp-content\/uploads\/2026\/02\/flamenco.jpg\" alt=\"\" class=\"kb-img wp-image-162 lazyload\" data-srcset=\"https:\/\/eurankemikalio.com\/wp-content\/uploads\/2026\/02\/flamenco.jpg 900w, https:\/\/eurankemikalio.com\/wp-content\/uploads\/2026\/02\/flamenco-300x192.jpg 300w, https:\/\/eurankemikalio.com\/wp-content\/uploads\/2026\/02\/flamenco-768x492.jpg 768w\" data-sizes=\"(max-width: 900px) 100vw, 900px\" src=\"data:image\/svg+xml;base64,PHN2ZyB3aWR0aD0iMSIgaGVpZ2h0PSIxIiB4bWxucz0iaHR0cDovL3d3dy53My5vcmcvMjAwMC9zdmciPjwvc3ZnPg==\" style=\"--smush-placeholder-width: 900px; --smush-placeholder-aspect-ratio: 900\/576;\" \/><figcaption>Sairaalloisen naisen flamenco 2011<\/figcaption><\/figure>\n\n\n<style>.kb-image161_912249-24.kb-image-is-ratio-size, .kb-image161_912249-24 .kb-image-is-ratio-size{max-width:2814px;width:100%;}.wp-block-kadence-column > .kt-inside-inner-col > .kb-image161_912249-24.kb-image-is-ratio-size, .wp-block-kadence-column > .kt-inside-inner-col > .kb-image161_912249-24 .kb-image-is-ratio-size{align-self:unset;}.kb-image161_912249-24{max-width:2814px;}.image-is-svg.kb-image161_912249-24{-webkit-flex:0 1 100%;flex:0 1 100%;}.image-is-svg.kb-image161_912249-24 img{width:100%;}.kb-image161_912249-24 .kb-image-has-overlay:after{opacity:0.3;}<\/style>\n<figure class=\"wp-block-kadence-image kb-image161_912249-24 size-full\"><img decoding=\"async\" width=\"600\" height=\"330\" data-src=\"https:\/\/eurankemikalio.com\/wp-content\/uploads\/2026\/02\/performanssi4.jpg\" alt=\"\" class=\"kb-img wp-image-166 lazyload\" data-srcset=\"https:\/\/eurankemikalio.com\/wp-content\/uploads\/2026\/02\/performanssi4.jpg 600w, https:\/\/eurankemikalio.com\/wp-content\/uploads\/2026\/02\/performanssi4-300x165.jpg 300w\" data-sizes=\"(max-width: 600px) 100vw, 600px\" src=\"data:image\/svg+xml;base64,PHN2ZyB3aWR0aD0iMSIgaGVpZ2h0PSIxIiB4bWxucz0iaHR0cDovL3d3dy53My5vcmcvMjAwMC9zdmciPjwvc3ZnPg==\" style=\"--smush-placeholder-width: 600px; --smush-placeholder-aspect-ratio: 600\/330;\" \/><figcaption>Y\u00f6 Venetsiassa 2010<\/figcaption><\/figure>\n\n\n<style>.wp-block-kadence-advancedgallery .kb-gallery-type-masonry.kb-gallery-id-161_d374fa-98{margin:-5px;}.kb-gallery-type-masonry.kb-gallery-id-161_d374fa-98 .kadence-blocks-gallery-item{padding:5px;}.kb-gallery-id-161_d374fa-98 .kadence-blocks-gallery-item .kb-gal-image-radius, .kb-gallery-id-161_d374fa-98 .kb-slide-item .kb-gal-image-radius img{border-radius:0px 0px 0px 0px;;}.kb-gallery-id-161_d374fa-98 .kadence-blocks-gallery-item .kadence-blocks-gallery-item-inner .kadence-blocks-gallery-item__caption{color:#070707;}.kb-gallery-caption-style-cover-hover.kb-gallery-id-161_d374fa-98 .kadence-blocks-gallery-item .kadence-blocks-gallery-item-inner .kadence-blocks-gallery-item__caption, .kb-gallery-caption-style-below.kb-gallery-id-161_d374fa-98 .kadence-blocks-gallery-item .kadence-blocks-gallery-item-inner .kadence-blocks-gallery-item__caption{background:rgba(0, 0, 0, 0);}<\/style><div class=\"kb-gallery-wrap-id-161_d374fa-98 alignnone wp-block-kadence-advancedgallery\"><ul class=\"kb-gallery-ul kb-gallery-non-static kb-gallery-type-masonry kb-masonry-init kb-gallery-id-161_d374fa-98 kb-gallery-caption-style-below kb-gallery-filter-none\" data-image-filter=\"none\" data-item-selector=\".kadence-blocks-gallery-item\" data-lightbox-caption=\"true\" data-columns-xxl=\"3\" data-columns-xl=\"3\" data-columns-md=\"3\" data-columns-sm=\"2\" data-columns-xs=\"1\" data-columns-ss=\"1\"><li class=\"kadence-blocks-gallery-item\"><div class=\"kadence-blocks-gallery-item-inner\"><figure class=\"kb-gallery-figure kadence-blocks-gallery-item-has-caption\" style=\"max-width:200px;\"><div class=\"kb-gal-image-radius\" style=\"max-width:200px;\"><div class=\"kb-gallery-image-contain kadence-blocks-gallery-intrinsic\" style=\"padding-bottom:150%;\"><img decoding=\"async\" data-src=\"https:\/\/eurankemikalio.com\/wp-content\/uploads\/2026\/02\/performanssi1.jpg\" width=\"200\" height=\"300\" alt=\"\" data-full-image=\"https:\/\/eurankemikalio.com\/wp-content\/uploads\/2026\/02\/performanssi1.jpg\" data-light-image=\"https:\/\/eurankemikalio.com\/wp-content\/uploads\/2026\/02\/performanssi1.jpg\" data-id=\"163\" class=\"wp-image-163 lazyload\" src=\"data:image\/svg+xml;base64,PHN2ZyB3aWR0aD0iMSIgaGVpZ2h0PSIxIiB4bWxucz0iaHR0cDovL3d3dy53My5vcmcvMjAwMC9zdmciPjwvc3ZnPg==\" style=\"--smush-placeholder-width: 200px; --smush-placeholder-aspect-ratio: 200\/300;\" \/><\/div><\/div><figcaption class=\"kadence-blocks-gallery-item__caption\">Valon tuoja<\/figcaption><\/figure><\/div><\/li><li class=\"kadence-blocks-gallery-item\"><div class=\"kadence-blocks-gallery-item-inner\"><figure class=\"kb-gallery-figure kadence-blocks-gallery-item-has-caption\" style=\"max-width:200px;\"><div class=\"kb-gal-image-radius\" style=\"max-width:200px;\"><div class=\"kb-gallery-image-contain kadence-blocks-gallery-intrinsic\" style=\"padding-bottom:150%;\"><img decoding=\"async\" data-src=\"https:\/\/eurankemikalio.com\/wp-content\/uploads\/2026\/02\/performanssi2.jpg\" width=\"200\" height=\"300\" alt=\"\" data-full-image=\"https:\/\/eurankemikalio.com\/wp-content\/uploads\/2026\/02\/performanssi2.jpg\" data-light-image=\"https:\/\/eurankemikalio.com\/wp-content\/uploads\/2026\/02\/performanssi2.jpg\" data-id=\"164\" class=\"wp-image-164 lazyload\" src=\"data:image\/svg+xml;base64,PHN2ZyB3aWR0aD0iMSIgaGVpZ2h0PSIxIiB4bWxucz0iaHR0cDovL3d3dy53My5vcmcvMjAwMC9zdmciPjwvc3ZnPg==\" style=\"--smush-placeholder-width: 200px; --smush-placeholder-aspect-ratio: 200\/300;\" \/><\/div><\/div><figcaption class=\"kadence-blocks-gallery-item__caption\">Persialainen satu<\/figcaption><\/figure><\/div><\/li><li class=\"kadence-blocks-gallery-item\"><div class=\"kadence-blocks-gallery-item-inner\"><figure class=\"kb-gallery-figure kadence-blocks-gallery-item-has-caption\" style=\"max-width:200px;\"><div class=\"kb-gal-image-radius\" style=\"max-width:200px;\"><div class=\"kb-gallery-image-contain kadence-blocks-gallery-intrinsic\" style=\"padding-bottom:150%;\"><img decoding=\"async\" data-src=\"https:\/\/eurankemikalio.com\/wp-content\/uploads\/2026\/02\/performanssi3.jpg\" width=\"200\" height=\"300\" alt=\"\" data-full-image=\"https:\/\/eurankemikalio.com\/wp-content\/uploads\/2026\/02\/performanssi3.jpg\" data-light-image=\"https:\/\/eurankemikalio.com\/wp-content\/uploads\/2026\/02\/performanssi3.jpg\" data-id=\"165\" class=\"wp-image-165 lazyload\" src=\"data:image\/svg+xml;base64,PHN2ZyB3aWR0aD0iMSIgaGVpZ2h0PSIxIiB4bWxucz0iaHR0cDovL3d3dy53My5vcmcvMjAwMC9zdmciPjwvc3ZnPg==\" style=\"--smush-placeholder-width: 200px; --smush-placeholder-aspect-ratio: 200\/300;\" \/><\/div><\/div><figcaption class=\"kadence-blocks-gallery-item__caption\">Tuoksuntekoperformanssi seraljinteltassa<\/figcaption><\/figure><\/div><\/li><\/ul><\/div><\/div>\n","protected":false},"excerpt":{"rendered":"<p>PERFORMANSSIT Pirjo Hamm-Hakam\u00e4ki<\/p>\n","protected":false},"author":1,"featured_media":0,"parent":0,"menu_order":0,"comment_status":"closed","ping_status":"closed","template":"","meta":{"footnotes":""},"class_list":["post-161","page","type-page","status-publish","hentry"],"blocksy_meta":[],"_links":{"self":[{"href":"https:\/\/eurankemikalio.com\/index.php\/wp-json\/wp\/v2\/pages\/161","targetHints":{"allow":["GET"]}}],"collection":[{"href":"https:\/\/eurankemikalio.com\/index.php\/wp-json\/wp\/v2\/pages"}],"about":[{"href":"https:\/\/eurankemikalio.com\/index.php\/wp-json\/wp\/v2\/types\/page"}],"author":[{"embeddable":true,"href":"https:\/\/eurankemikalio.com\/index.php\/wp-json\/wp\/v2\/users\/1"}],"replies":[{"embeddable":true,"href":"https:\/\/eurankemikalio.com\/index.php\/wp-json\/wp\/v2\/comments?post=161"}],"version-history":[{"count":3,"href":"https:\/\/eurankemikalio.com\/index.php\/wp-json\/wp\/v2\/pages\/161\/revisions"}],"predecessor-version":[{"id":191,"href":"https:\/\/eurankemikalio.com\/index.php\/wp-json\/wp\/v2\/pages\/161\/revisions\/191"}],"wp:attachment":[{"href":"https:\/\/eurankemikalio.com\/index.php\/wp-json\/wp\/v2\/media?parent=161"}],"curies":[{"name":"wp","href":"https:\/\/api.w.org\/{rel}","templated":true}]}}