{"id":220,"date":"2026-02-23T23:14:43","date_gmt":"2026-02-23T23:14:43","guid":{"rendered":"https:\/\/eurankemikalio.com\/?page_id=220"},"modified":"2026-03-17T18:22:21","modified_gmt":"2026-03-17T18:22:21","slug":"euran-kemikalio-3","status":"publish","type":"page","link":"https:\/\/eurankemikalio.com\/","title":{"rendered":"EURAN KEMIKALIO"},"content":{"rendered":"\n<div class=\"gb-element-56e966dd\"><style>.kb-image220_e6af92-ee.kb-image-is-ratio-size, .kb-image220_e6af92-ee .kb-image-is-ratio-size{max-width:2582px;width:100%;}.wp-block-kadence-column > .kt-inside-inner-col > .kb-image220_e6af92-ee.kb-image-is-ratio-size, .wp-block-kadence-column > .kt-inside-inner-col > .kb-image220_e6af92-ee .kb-image-is-ratio-size{align-self:unset;}.kb-image220_e6af92-ee{max-width:2582px;}.image-is-svg.kb-image220_e6af92-ee{-webkit-flex:0 1 100%;flex:0 1 100%;}.image-is-svg.kb-image220_e6af92-ee img{width:100%;}.kb-image220_e6af92-ee .kb-image-has-overlay:after{opacity:0.3;}<\/style>\n<figure class=\"wp-block-kadence-image kb-image220_e6af92-ee size-full\"><img decoding=\"async\" width=\"2560\" height=\"1609\" data-src=\"https:\/\/eurankemikalio.com\/wp-content\/uploads\/2026\/03\/IMG_0454-2-scaled.jpg\" alt=\"\" class=\"kb-img wp-image-262 lazyload\" data-srcset=\"https:\/\/eurankemikalio.com\/wp-content\/uploads\/2026\/03\/IMG_0454-2-scaled.jpg 2560w, https:\/\/eurankemikalio.com\/wp-content\/uploads\/2026\/03\/IMG_0454-2-300x189.jpg 300w, https:\/\/eurankemikalio.com\/wp-content\/uploads\/2026\/03\/IMG_0454-2-1024x644.jpg 1024w, https:\/\/eurankemikalio.com\/wp-content\/uploads\/2026\/03\/IMG_0454-2-768x483.jpg 768w, https:\/\/eurankemikalio.com\/wp-content\/uploads\/2026\/03\/IMG_0454-2-1536x966.jpg 1536w, https:\/\/eurankemikalio.com\/wp-content\/uploads\/2026\/03\/IMG_0454-2-2048x1287.jpg 2048w\" data-sizes=\"(max-width: 2560px) 100vw, 2560px\" src=\"data:image\/svg+xml;base64,PHN2ZyB3aWR0aD0iMSIgaGVpZ2h0PSIxIiB4bWxucz0iaHR0cDovL3d3dy53My5vcmcvMjAwMC9zdmciPjwvc3ZnPg==\" style=\"--smush-placeholder-width: 2560px; --smush-placeholder-aspect-ratio: 2560\/1609;\" \/><\/figure>\n<\/div>\n\n\n<style>.wp-block-kadence-advancedheading.kt-adv-heading220_db0cd3-2f, .wp-block-kadence-advancedheading.kt-adv-heading220_db0cd3-2f[data-kb-block=\"kb-adv-heading220_db0cd3-2f\"]{font-style:normal;color:#f50606;}.wp-block-kadence-advancedheading.kt-adv-heading220_db0cd3-2f mark.kt-highlight, .wp-block-kadence-advancedheading.kt-adv-heading220_db0cd3-2f[data-kb-block=\"kb-adv-heading220_db0cd3-2f\"] mark.kt-highlight{font-style:normal;color:#f76a0c;-webkit-box-decoration-break:clone;box-decoration-break:clone;padding-top:0px;padding-right:0px;padding-bottom:0px;padding-left:0px;}.wp-block-kadence-advancedheading.kt-adv-heading220_db0cd3-2f img.kb-inline-image, .wp-block-kadence-advancedheading.kt-adv-heading220_db0cd3-2f[data-kb-block=\"kb-adv-heading220_db0cd3-2f\"] img.kb-inline-image{width:150px;vertical-align:baseline;}<\/style>\n<h4 class=\"kt-adv-heading220_db0cd3-2f wp-block-kadence-advancedheading\" data-kb-block=\"kb-adv-heading220_db0cd3-2f\"><em>Sivustoa uudistetaan ja kaikkea tietoa ei ole viel\u00e4 p\u00e4ivitetty ja sivusto sis\u00e4lt\u00e4\u00e4 osittain vanhentunutta tietoa. Pahoittelemme h\u00e4iri\u00f6t\u00e4<\/em>.<\/h4>\n\n\n<style>.wp-block-kadence-column.kb-section-dir-horizontal > .kt-inside-inner-col > .kt-info-box220_273324-bb .kt-blocks-info-box-link-wrap{max-width:unset;}.kt-info-box220_273324-bb .kt-blocks-info-box-link-wrap{border-top:5px solid var(--global-palette7, #eeeeee);border-right:5px solid var(--global-palette7, #eeeeee);border-bottom:5px solid var(--global-palette7, #eeeeee);border-left:5px solid var(--global-palette7, #eeeeee);border-top-left-radius:15px;border-top-right-radius:15px;border-bottom-right-radius:15px;border-bottom-left-radius:15px;background:#5ebd19;padding-top:var(--global-kb-spacing-xs, 1rem);padding-right:var(--global-kb-spacing-xs, 1rem);padding-bottom:var(--global-kb-spacing-xs, 1rem);padding-left:var(--global-kb-spacing-xs, 1rem);}.kt-info-box220_273324-bb.wp-block-kadence-infobox{max-width:100%;}.kt-info-box220_273324-bb .kadence-info-box-image-inner-intrisic-container{max-width:200px;}.kt-info-box220_273324-bb .kadence-info-box-image-inner-intrisic-container .kadence-info-box-image-intrisic{padding-bottom:56.5%;width:200px;height:0px;max-width:100%;}.kt-info-box220_273324-bb .kadence-info-box-icon-container .kt-info-svg-icon, .kt-info-box220_273324-bb .kt-info-svg-icon-flip, .kt-info-box220_273324-bb .kt-blocks-info-box-number{font-size:50px;}.kt-info-box220_273324-bb .kt-blocks-info-box-media{border-radius:7px;overflow:hidden;border-top-width:0px;border-right-width:0px;border-bottom-width:0px;border-left-width:0px;padding-top:15px;padding-right:15px;padding-bottom:15px;padding-left:15px;margin-top:0px;margin-right:20px;margin-bottom:0px;margin-left:0px;}.kt-info-box220_273324-bb .kt-blocks-info-box-media .kadence-info-box-image-intrisic img{border-radius:7px;}.kt-info-box220_273324-bb .kt-infobox-textcontent h5.kt-blocks-info-box-title{color:#000000;padding-top:0px;padding-right:0px;padding-bottom:0px;padding-left:0px;margin-top:0px;margin-right:0px;margin-bottom:10px;margin-left:0px;}.kt-info-box220_273324-bb h5.kt-blocks-info-box-title{min-height:10px;}.kt-info-box220_273324-bb .kt-infobox-textcontent .kt-blocks-info-box-text{color:#000000;}.kt-info-box220_273324-bb .kt-blocks-info-box-learnmore{background:transparent;border-width:0px 0px 0px 0px;padding-top:4px;padding-right:8px;padding-bottom:4px;padding-left:8px;margin-top:10px;margin-right:0px;margin-bottom:10px;margin-left:0px;}@media all and (max-width: 1024px){.kt-info-box220_273324-bb .kt-blocks-info-box-link-wrap{border-top:5px solid var(--global-palette7, #eeeeee);border-right:5px solid var(--global-palette7, #eeeeee);border-bottom:5px solid var(--global-palette7, #eeeeee);border-left:5px solid var(--global-palette7, #eeeeee);}}@media all and (max-width: 767px){.kt-info-box220_273324-bb .kt-blocks-info-box-link-wrap{border-top:5px solid var(--global-palette7, #eeeeee);border-right:5px solid var(--global-palette7, #eeeeee);border-bottom:5px solid var(--global-palette7, #eeeeee);border-left:5px solid var(--global-palette7, #eeeeee);display:block;}.kt-info-box220_273324-bb .kt-blocks-info-box-link-wrap .kt-blocks-info-box-media{display:inline-block;max-width:100%;}}<\/style>\n<div class=\"wp-block-kadence-infobox kt-info-box220_273324-bb\"><a class=\"kt-blocks-info-box-link-wrap info-box-link kt-blocks-info-box-media-align-left kt-info-halign-left\" href=\"https:\/\/eurankemikalio.com\/index.php\/euran-kemikalio-2\/\"><div class=\"kt-blocks-info-box-media-container\"><div class=\"kt-blocks-info-box-media kt-info-media-animate-flip\"><div class=\"kadence-info-box-image-inner-intrisic-container\"><div class=\"kadence-info-box-image-intrisic kt-info-animate-flip\"><div class=\"kadence-info-box-image-inner-intrisic\"><img decoding=\"async\" data-src=\"https:\/\/eurankemikalio.com\/wp-content\/uploads\/2026\/03\/1.png\" alt=\"\" width=\"200\" height=\"113\" class=\"kt-info-box-image wp-image-280 lazyload\" src=\"data:image\/svg+xml;base64,PHN2ZyB3aWR0aD0iMSIgaGVpZ2h0PSIxIiB4bWxucz0iaHR0cDovL3d3dy53My5vcmcvMjAwMC9zdmciPjwvc3ZnPg==\" style=\"--smush-placeholder-width: 200px; --smush-placeholder-aspect-ratio: 200\/113;\" \/><img decoding=\"async\" data-src=\"https:\/\/eurankemikalio.com\/wp-content\/uploads\/2026\/03\/IMGP1287-2-scaled.jpg\" alt=\"\" width=\"2560\" height=\"1766\" class=\"kt-info-box-image-flip wp-image-264 lazyload\" data-srcset=\"https:\/\/eurankemikalio.com\/wp-content\/uploads\/2026\/03\/IMGP1287-2-scaled.jpg 2560w, https:\/\/eurankemikalio.com\/wp-content\/uploads\/2026\/03\/IMGP1287-2-300x207.jpg 300w, https:\/\/eurankemikalio.com\/wp-content\/uploads\/2026\/03\/IMGP1287-2-1024x706.jpg 1024w, https:\/\/eurankemikalio.com\/wp-content\/uploads\/2026\/03\/IMGP1287-2-768x530.jpg 768w, https:\/\/eurankemikalio.com\/wp-content\/uploads\/2026\/03\/IMGP1287-2-1536x1060.jpg 1536w, https:\/\/eurankemikalio.com\/wp-content\/uploads\/2026\/03\/IMGP1287-2-2048x1413.jpg 2048w\" data-sizes=\"(max-width: 2560px) 100vw, 2560px\" src=\"data:image\/svg+xml;base64,PHN2ZyB3aWR0aD0iMSIgaGVpZ2h0PSIxIiB4bWxucz0iaHR0cDovL3d3dy53My5vcmcvMjAwMC9zdmciPjwvc3ZnPg==\" style=\"--smush-placeholder-width: 2560px; --smush-placeholder-aspect-ratio: 2560\/1766;\" \/><\/div><\/div><\/div><\/div><\/div><div class=\"kt-infobox-textcontent\"><h5 class=\"kt-blocks-info-box-title\">Astu sis\u00e4\u00e4n kyl\u00e4n kapeimmasta ovesta<\/h5><p class=\"kt-blocks-info-box-text\">Euran Kemikalio on toiminut jo 85 vuoden ajan. Liikkeess\u00e4 on myyt\u00e4v\u00e4n\u00e4 Pirjo Hamm-Hakam\u00e4en pikkutauluja, kortteja, uniikkikoruja sek\u00e4 tietysti p\u00e4iv\u00e4n kosmetiikkaa, parfyymeja ja kylpytuotteita.<br><\/p><\/div><\/a><\/div>\n\n\n<style>.wp-block-kadence-column.kb-section-dir-horizontal > .kt-inside-inner-col > .kt-info-box220_a87402-c6 .kt-blocks-info-box-link-wrap{max-width:unset;}.kt-info-box220_a87402-c6 .kt-blocks-info-box-link-wrap{border-top:5px solid var(--global-palette7, #eeeeee);border-right:5px solid var(--global-palette7, #eeeeee);border-bottom:5px solid var(--global-palette7, #eeeeee);border-left:5px solid var(--global-palette7, #eeeeee);border-top-left-radius:15px;border-top-right-radius:15px;border-bottom-right-radius:15px;border-bottom-left-radius:15px;background:#c70000;padding-top:var(--global-kb-spacing-xs, 1rem);padding-right:var(--global-kb-spacing-xs, 1rem);padding-bottom:var(--global-kb-spacing-xs, 1rem);padding-left:var(--global-kb-spacing-xs, 1rem);}.kt-info-box220_a87402-c6.wp-block-kadence-infobox{max-width:100%;}.kt-info-box220_a87402-c6 .kadence-info-box-image-inner-intrisic-container{max-width:227px;}.kt-info-box220_a87402-c6 .kadence-info-box-image-inner-intrisic-container .kadence-info-box-image-intrisic{padding-bottom:56.5%;width:200px;height:0px;max-width:100%;}.kt-info-box220_a87402-c6 .kadence-info-box-icon-container .kt-info-svg-icon, .kt-info-box220_a87402-c6 .kt-info-svg-icon-flip, .kt-info-box220_a87402-c6 .kt-blocks-info-box-number{font-size:50px;}.kt-info-box220_a87402-c6 .kt-blocks-info-box-media{border-radius:7px;overflow:hidden;border-top-width:0px;border-right-width:0px;border-bottom-width:0px;border-left-width:0px;padding-top:15px;padding-right:15px;padding-bottom:15px;padding-left:15px;margin-top:0px;margin-right:20px;margin-bottom:0px;margin-left:0px;}.kt-info-box220_a87402-c6 .kt-blocks-info-box-media .kadence-info-box-image-intrisic img{border-radius:7px;}.kt-info-box220_a87402-c6 .kt-infobox-textcontent h5.kt-blocks-info-box-title{padding-top:0px;padding-right:0px;padding-bottom:0px;padding-left:0px;margin-top:0px;margin-right:0px;margin-bottom:10px;margin-left:0px;}.kt-info-box220_a87402-c6 h5.kt-blocks-info-box-title{min-height:10px;}.kt-info-box220_a87402-c6 .kt-infobox-textcontent .kt-blocks-info-box-text{color:#000000;}.kt-info-box220_a87402-c6 .kt-blocks-info-box-learnmore{background:transparent;border-width:0px 0px 0px 0px;padding-top:4px;padding-right:8px;padding-bottom:4px;padding-left:8px;margin-top:10px;margin-right:0px;margin-bottom:10px;margin-left:0px;}@media all and (max-width: 1024px){.kt-info-box220_a87402-c6 .kt-blocks-info-box-link-wrap{border-top:5px solid var(--global-palette7, #eeeeee);border-right:5px solid var(--global-palette7, #eeeeee);border-bottom:5px solid var(--global-palette7, #eeeeee);border-left:5px solid var(--global-palette7, #eeeeee);}}@media all and (max-width: 767px){.kt-info-box220_a87402-c6 .kt-blocks-info-box-link-wrap{border-top:5px solid var(--global-palette7, #eeeeee);border-right:5px solid var(--global-palette7, #eeeeee);border-bottom:5px solid var(--global-palette7, #eeeeee);border-left:5px solid var(--global-palette7, #eeeeee);display:block;}.kt-info-box220_a87402-c6 .kt-blocks-info-box-link-wrap .kt-blocks-info-box-media{display:inline-block;max-width:100%;}}<\/style>\n<div class=\"wp-block-kadence-infobox kt-info-box220_a87402-c6\"><a class=\"kt-blocks-info-box-link-wrap info-box-link kt-blocks-info-box-media-align-left kt-info-halign-left\" href=\"https:\/\/eurankemikalio.com\/index.php\/hammin-talo-2\/\"><div class=\"kt-blocks-info-box-media-container\"><div class=\"kt-blocks-info-box-media kt-info-media-animate-flip\"><div class=\"kadence-info-box-image-inner-intrisic-container\"><div class=\"kadence-info-box-image-intrisic kt-info-animate-flip\"><div class=\"kadence-info-box-image-inner-intrisic\"><img decoding=\"async\" data-src=\"https:\/\/eurankemikalio.com\/wp-content\/uploads\/2026\/03\/2.png\" alt=\"\" width=\"200\" height=\"113\" class=\"kt-info-box-image wp-image-281 lazyload\" src=\"data:image\/svg+xml;base64,PHN2ZyB3aWR0aD0iMSIgaGVpZ2h0PSIxIiB4bWxucz0iaHR0cDovL3d3dy53My5vcmcvMjAwMC9zdmciPjwvc3ZnPg==\" style=\"--smush-placeholder-width: 200px; --smush-placeholder-aspect-ratio: 200\/113;\" \/><img decoding=\"async\" data-src=\"https:\/\/eurankemikalio.com\/wp-content\/uploads\/2026\/03\/IMG_0454-2-scaled.jpg\" alt=\"\" width=\"2560\" height=\"1609\" class=\"kt-info-box-image-flip wp-image-262 lazyload\" data-srcset=\"https:\/\/eurankemikalio.com\/wp-content\/uploads\/2026\/03\/IMG_0454-2-scaled.jpg 2560w, https:\/\/eurankemikalio.com\/wp-content\/uploads\/2026\/03\/IMG_0454-2-300x189.jpg 300w, https:\/\/eurankemikalio.com\/wp-content\/uploads\/2026\/03\/IMG_0454-2-1024x644.jpg 1024w, https:\/\/eurankemikalio.com\/wp-content\/uploads\/2026\/03\/IMG_0454-2-768x483.jpg 768w, https:\/\/eurankemikalio.com\/wp-content\/uploads\/2026\/03\/IMG_0454-2-1536x966.jpg 1536w, https:\/\/eurankemikalio.com\/wp-content\/uploads\/2026\/03\/IMG_0454-2-2048x1287.jpg 2048w\" data-sizes=\"(max-width: 2560px) 100vw, 2560px\" src=\"data:image\/svg+xml;base64,PHN2ZyB3aWR0aD0iMSIgaGVpZ2h0PSIxIiB4bWxucz0iaHR0cDovL3d3dy53My5vcmcvMjAwMC9zdmciPjwvc3ZnPg==\" style=\"--smush-placeholder-width: 2560px; --smush-placeholder-aspect-ratio: 2560\/1609;\" \/><\/div><\/div><\/div><\/div><\/div><div class=\"kt-infobox-textcontent\"><h5 class=\"kt-blocks-info-box-title\">Astu sis\u00e4\u00e4n ja aisti ajattomuus<\/h5><p class=\"kt-blocks-info-box-text\">Hammin talossa voi tutustua talon historiaan, Pirjo Hamm-Hakam\u00e4en taiteeseen ja vanhassa puutarhassa olevaan pikkuiseen kemikaliomuseoon.<\/p><\/div><\/a><\/div>\n\n\n<style>.wp-block-kadence-column.kb-section-dir-horizontal > .kt-inside-inner-col > .kt-info-box220_5d3a36-a5 .kt-blocks-info-box-link-wrap{max-width:unset;}.kt-info-box220_5d3a36-a5 .kt-blocks-info-box-link-wrap{border-top:5px solid var(--global-palette7, #eeeeee);border-right:5px solid var(--global-palette7, #eeeeee);border-bottom:5px solid var(--global-palette7, #eeeeee);border-left:5px solid var(--global-palette7, #eeeeee);border-top-left-radius:15px;border-top-right-radius:15px;border-bottom-right-radius:15px;border-bottom-left-radius:15px;background:#f36221;padding-top:var(--global-kb-spacing-xs, 1rem);padding-right:var(--global-kb-spacing-xs, 1rem);padding-bottom:var(--global-kb-spacing-xs, 1rem);padding-left:var(--global-kb-spacing-xs, 1rem);}.kt-info-box220_5d3a36-a5.wp-block-kadence-infobox{max-width:100%;}.kt-info-box220_5d3a36-a5 .kadence-info-box-image-inner-intrisic-container{max-width:227px;}.kt-info-box220_5d3a36-a5 .kadence-info-box-image-inner-intrisic-container .kadence-info-box-image-intrisic{padding-bottom:56.5%;width:200px;height:0px;max-width:100%;}.kt-info-box220_5d3a36-a5 .kadence-info-box-icon-container .kt-info-svg-icon, .kt-info-box220_5d3a36-a5 .kt-info-svg-icon-flip, .kt-info-box220_5d3a36-a5 .kt-blocks-info-box-number{font-size:50px;}.kt-info-box220_5d3a36-a5 .kt-blocks-info-box-media{border-radius:7px;overflow:hidden;border-top-width:0px;border-right-width:0px;border-bottom-width:0px;border-left-width:0px;padding-top:15px;padding-right:15px;padding-bottom:15px;padding-left:15px;margin-top:0px;margin-right:20px;margin-bottom:0px;margin-left:0px;}.kt-info-box220_5d3a36-a5 .kt-blocks-info-box-media .kadence-info-box-image-intrisic img{border-radius:7px;}.kt-info-box220_5d3a36-a5 .kt-infobox-textcontent h5.kt-blocks-info-box-title{color:#000000;padding-top:0px;padding-right:0px;padding-bottom:0px;padding-left:0px;margin-top:0px;margin-right:0px;margin-bottom:10px;margin-left:0px;}.kt-info-box220_5d3a36-a5 h5.kt-blocks-info-box-title{min-height:10px;}.kt-info-box220_5d3a36-a5 .kt-infobox-textcontent .kt-blocks-info-box-text{color:#000000;}.kt-info-box220_5d3a36-a5 .kt-blocks-info-box-learnmore{background:transparent;border-width:0px 0px 0px 0px;padding-top:4px;padding-right:8px;padding-bottom:4px;padding-left:8px;margin-top:10px;margin-right:0px;margin-bottom:10px;margin-left:0px;}@media all and (max-width: 1024px){.kt-info-box220_5d3a36-a5 .kt-blocks-info-box-link-wrap{border-top:5px solid var(--global-palette7, #eeeeee);border-right:5px solid var(--global-palette7, #eeeeee);border-bottom:5px solid var(--global-palette7, #eeeeee);border-left:5px solid var(--global-palette7, #eeeeee);}}@media all and (max-width: 767px){.kt-info-box220_5d3a36-a5 .kt-blocks-info-box-link-wrap{border-top:5px solid var(--global-palette7, #eeeeee);border-right:5px solid var(--global-palette7, #eeeeee);border-bottom:5px solid var(--global-palette7, #eeeeee);border-left:5px solid var(--global-palette7, #eeeeee);display:block;}.kt-info-box220_5d3a36-a5 .kt-blocks-info-box-link-wrap .kt-blocks-info-box-media{display:inline-block;max-width:100%;}}<\/style>\n<div class=\"wp-block-kadence-infobox kt-info-box220_5d3a36-a5\"><a class=\"kt-blocks-info-box-link-wrap info-box-link kt-blocks-info-box-media-align-left kt-info-halign-left\" href=\"https:\/\/eurankemikalio.com\/index.php\/jokigalleria\/\"><div class=\"kt-blocks-info-box-media-container\"><div class=\"kt-blocks-info-box-media kt-info-media-animate-flip\"><div class=\"kadence-info-box-image-inner-intrisic-container\"><div class=\"kadence-info-box-image-intrisic kt-info-animate-flip\"><div class=\"kadence-info-box-image-inner-intrisic\"><img decoding=\"async\" data-src=\"https:\/\/eurankemikalio.com\/wp-content\/uploads\/2026\/03\/3.png\" alt=\"\" width=\"200\" height=\"113\" class=\"kt-info-box-image wp-image-282 lazyload\" src=\"data:image\/svg+xml;base64,PHN2ZyB3aWR0aD0iMSIgaGVpZ2h0PSIxIiB4bWxucz0iaHR0cDovL3d3dy53My5vcmcvMjAwMC9zdmciPjwvc3ZnPg==\" style=\"--smush-placeholder-width: 200px; --smush-placeholder-aspect-ratio: 200\/113;\" \/><img decoding=\"async\" data-src=\"https:\/\/eurankemikalio.com\/wp-content\/uploads\/2026\/03\/Jokigalleria-Normandia-nayttely-scaled.jpg\" alt=\"\" width=\"2560\" height=\"1707\" class=\"kt-info-box-image-flip wp-image-266 lazyload\" data-srcset=\"https:\/\/eurankemikalio.com\/wp-content\/uploads\/2026\/03\/Jokigalleria-Normandia-nayttely-scaled.jpg 2560w, https:\/\/eurankemikalio.com\/wp-content\/uploads\/2026\/03\/Jokigalleria-Normandia-nayttely-300x200.jpg 300w, https:\/\/eurankemikalio.com\/wp-content\/uploads\/2026\/03\/Jokigalleria-Normandia-nayttely-1024x683.jpg 1024w, https:\/\/eurankemikalio.com\/wp-content\/uploads\/2026\/03\/Jokigalleria-Normandia-nayttely-768x512.jpg 768w, https:\/\/eurankemikalio.com\/wp-content\/uploads\/2026\/03\/Jokigalleria-Normandia-nayttely-1536x1024.jpg 1536w, https:\/\/eurankemikalio.com\/wp-content\/uploads\/2026\/03\/Jokigalleria-Normandia-nayttely-2048x1365.jpg 2048w\" data-sizes=\"(max-width: 2560px) 100vw, 2560px\" src=\"data:image\/svg+xml;base64,PHN2ZyB3aWR0aD0iMSIgaGVpZ2h0PSIxIiB4bWxucz0iaHR0cDovL3d3dy53My5vcmcvMjAwMC9zdmciPjwvc3ZnPg==\" style=\"--smush-placeholder-width: 2560px; --smush-placeholder-aspect-ratio: 2560\/1707;\" \/><\/div><\/div><\/div><\/div><\/div><div class=\"kt-infobox-textcontent\"><h5 class=\"kt-blocks-info-box-title\">Astu sis\u00e4\u00e4n vaihtuvien taiden\u00e4yttelyiden, valo- ja ymp\u00e4rist\u00f6teosten maailmaan.<\/h5><p class=\"kt-blocks-info-box-text\">Jokigalleria esittelee nykytaiteen ammattilaisten teoksia. Esill\u00e4 on aina yhden taiteilijan ja taiteilijaryhm\u00e4n n\u00e4yttelykokonaisuus. Jokigalleria sijaitsee Hamm\u2019in talon pihapiiriss\u00e4. Avoinna ma-pe 12-18, la-su 12-16.<br>Vapaa p\u00e4\u00e4sy!<br><\/p><\/div><\/a><\/div>\n\n\n<style>.wp-block-kadence-column.kb-section-dir-horizontal > .kt-inside-inner-col > .kt-info-box220_524670-7b .kt-blocks-info-box-link-wrap{max-width:unset;}.kt-info-box220_524670-7b .kt-blocks-info-box-link-wrap{border-top:5px solid var(--global-palette7, #eeeeee);border-right:5px solid var(--global-palette7, #eeeeee);border-bottom:5px solid var(--global-palette7, #eeeeee);border-left:5px solid var(--global-palette7, #eeeeee);border-top-left-radius:15px;border-top-right-radius:15px;border-bottom-right-radius:15px;border-bottom-left-radius:15px;background:#510055;padding-top:var(--global-kb-spacing-xs, 1rem);padding-right:var(--global-kb-spacing-xs, 1rem);padding-bottom:var(--global-kb-spacing-xs, 1rem);padding-left:var(--global-kb-spacing-xs, 1rem);}.kt-info-box220_524670-7b.wp-block-kadence-infobox{max-width:100%;}.kt-info-box220_524670-7b .kadence-info-box-image-inner-intrisic-container{max-width:263px;}.kt-info-box220_524670-7b .kadence-info-box-image-inner-intrisic-container .kadence-info-box-image-intrisic{padding-bottom:56.5%;width:200px;height:0px;max-width:100%;}.kt-info-box220_524670-7b .kadence-info-box-icon-container .kt-info-svg-icon, .kt-info-box220_524670-7b .kt-info-svg-icon-flip, .kt-info-box220_524670-7b .kt-blocks-info-box-number{font-size:50px;}.kt-info-box220_524670-7b .kt-blocks-info-box-media{border-radius:7px;overflow:hidden;border-top-width:0px;border-right-width:0px;border-bottom-width:0px;border-left-width:0px;padding-top:15px;padding-right:15px;padding-bottom:15px;padding-left:15px;margin-top:0px;margin-right:20px;margin-bottom:0px;margin-left:0px;}.kt-info-box220_524670-7b .kt-blocks-info-box-media .kadence-info-box-image-intrisic img{border-radius:7px;}.kt-info-box220_524670-7b .kt-infobox-textcontent h5.kt-blocks-info-box-title{color:#ffcb08;padding-top:0px;padding-right:0px;padding-bottom:0px;padding-left:0px;margin-top:0px;margin-right:0px;margin-bottom:10px;margin-left:0px;}.kt-info-box220_524670-7b h5.kt-blocks-info-box-title{min-height:10px;}.kt-info-box220_524670-7b .kt-infobox-textcontent .kt-blocks-info-box-text{color:#ffcb08;}.kt-info-box220_524670-7b .kt-blocks-info-box-learnmore{background:transparent;border-width:0px 0px 0px 0px;padding-top:4px;padding-right:8px;padding-bottom:4px;padding-left:8px;margin-top:10px;margin-right:0px;margin-bottom:10px;margin-left:0px;}@media all and (max-width: 1024px){.kt-info-box220_524670-7b .kt-blocks-info-box-link-wrap{border-top:5px solid var(--global-palette7, #eeeeee);border-right:5px solid var(--global-palette7, #eeeeee);border-bottom:5px solid var(--global-palette7, #eeeeee);border-left:5px solid var(--global-palette7, #eeeeee);}}@media all and (max-width: 767px){.kt-info-box220_524670-7b .kt-blocks-info-box-link-wrap{border-top:5px solid var(--global-palette7, #eeeeee);border-right:5px solid var(--global-palette7, #eeeeee);border-bottom:5px solid var(--global-palette7, #eeeeee);border-left:5px solid var(--global-palette7, #eeeeee);display:block;}.kt-info-box220_524670-7b .kt-blocks-info-box-link-wrap .kt-blocks-info-box-media{display:inline-block;max-width:100%;}}<\/style>\n<div class=\"wp-block-kadence-infobox kt-info-box220_524670-7b\"><a class=\"kt-blocks-info-box-link-wrap info-box-link kt-blocks-info-box-media-align-left kt-info-halign-left\" href=\"https:\/\/eurankemikalio.com\/index.php\/pirjo-hamm-hakamaki\/\"><div class=\"kt-blocks-info-box-media-container\"><div class=\"kt-blocks-info-box-media kt-info-media-animate-flip\"><div class=\"kadence-info-box-image-inner-intrisic-container\"><div class=\"kadence-info-box-image-intrisic kt-info-animate-flip\"><div class=\"kadence-info-box-image-inner-intrisic\"><img decoding=\"async\" data-src=\"https:\/\/eurankemikalio.com\/wp-content\/uploads\/2026\/03\/4.png\" alt=\"\" width=\"200\" height=\"113\" class=\"kt-info-box-image wp-image-283 lazyload\" src=\"data:image\/svg+xml;base64,PHN2ZyB3aWR0aD0iMSIgaGVpZ2h0PSIxIiB4bWxucz0iaHR0cDovL3d3dy53My5vcmcvMjAwMC9zdmciPjwvc3ZnPg==\" style=\"--smush-placeholder-width: 200px; --smush-placeholder-aspect-ratio: 200\/113;\" \/><img decoding=\"async\" data-src=\"https:\/\/eurankemikalio.com\/wp-content\/uploads\/2026\/03\/Pirjo-maalaa-scaled.jpg\" alt=\"\" width=\"2560\" height=\"1920\" class=\"kt-info-box-image-flip wp-image-267 lazyload\" data-srcset=\"https:\/\/eurankemikalio.com\/wp-content\/uploads\/2026\/03\/Pirjo-maalaa-scaled.jpg 2560w, https:\/\/eurankemikalio.com\/wp-content\/uploads\/2026\/03\/Pirjo-maalaa-300x225.jpg 300w, https:\/\/eurankemikalio.com\/wp-content\/uploads\/2026\/03\/Pirjo-maalaa-1024x768.jpg 1024w, https:\/\/eurankemikalio.com\/wp-content\/uploads\/2026\/03\/Pirjo-maalaa-768x576.jpg 768w, https:\/\/eurankemikalio.com\/wp-content\/uploads\/2026\/03\/Pirjo-maalaa-1536x1152.jpg 1536w, https:\/\/eurankemikalio.com\/wp-content\/uploads\/2026\/03\/Pirjo-maalaa-2048x1536.jpg 2048w\" data-sizes=\"(max-width: 2560px) 100vw, 2560px\" src=\"data:image\/svg+xml;base64,PHN2ZyB3aWR0aD0iMSIgaGVpZ2h0PSIxIiB4bWxucz0iaHR0cDovL3d3dy53My5vcmcvMjAwMC9zdmciPjwvc3ZnPg==\" style=\"--smush-placeholder-width: 2560px; --smush-placeholder-aspect-ratio: 2560\/1920;\" \/><\/div><\/div><\/div><\/div><\/div><div class=\"kt-infobox-textcontent\"><h5 class=\"kt-blocks-info-box-title\">Astu Pirjo Hamm-Hakam\u00e4en taiteen valtakuntaan<\/h5><p class=\"kt-blocks-info-box-text\">Pirjo, kuvataiteilija, performanceri, uniikkikoruntekij\u00e4, iltapukujensa luoja ja el\u00e4m\u00e4ns\u00e4 ruhtinatar.<\/p><\/div><\/a><\/div>\n\n\n\n<p><\/p>\n","protected":false},"excerpt":{"rendered":"<p>Sivustoa uudistetaan ja kaikkea tietoa ei ole viel\u00e4 p\u00e4ivitetty ja sivusto sis\u00e4lt\u00e4\u00e4 osittain vanhentunutta tietoa. Pahoittelemme h\u00e4iri\u00f6t\u00e4.<\/p>\n","protected":false},"author":1,"featured_media":0,"parent":0,"menu_order":0,"comment_status":"closed","ping_status":"closed","template":"","meta":{"footnotes":""},"class_list":["post-220","page","type-page","status-publish","hentry"],"blocksy_meta":[],"_links":{"self":[{"href":"https:\/\/eurankemikalio.com\/index.php\/wp-json\/wp\/v2\/pages\/220","targetHints":{"allow":["GET"]}}],"collection":[{"href":"https:\/\/eurankemikalio.com\/index.php\/wp-json\/wp\/v2\/pages"}],"about":[{"href":"https:\/\/eurankemikalio.com\/index.php\/wp-json\/wp\/v2\/types\/page"}],"author":[{"embeddable":true,"href":"https:\/\/eurankemikalio.com\/index.php\/wp-json\/wp\/v2\/users\/1"}],"replies":[{"embeddable":true,"href":"https:\/\/eurankemikalio.com\/index.php\/wp-json\/wp\/v2\/comments?post=220"}],"version-history":[{"count":10,"href":"https:\/\/eurankemikalio.com\/index.php\/wp-json\/wp\/v2\/pages\/220\/revisions"}],"predecessor-version":[{"id":290,"href":"https:\/\/eurankemikalio.com\/index.php\/wp-json\/wp\/v2\/pages\/220\/revisions\/290"}],"wp:attachment":[{"href":"https:\/\/eurankemikalio.com\/index.php\/wp-json\/wp\/v2\/media?parent=220"}],"curies":[{"name":"wp","href":"https:\/\/api.w.org\/{rel}","templated":true}]}}