{"id":70,"date":"2026-02-22T19:33:24","date_gmt":"2026-02-22T19:33:24","guid":{"rendered":"https:\/\/eurankemikalio.com\/?page_id=70"},"modified":"2026-03-17T18:20:40","modified_gmt":"2026-03-17T18:20:40","slug":"euran-kemikalio-2","status":"publish","type":"page","link":"https:\/\/eurankemikalio.com\/index.php\/euran-kemikalio-2\/","title":{"rendered":"EURAN KEMIKALIO"},"content":{"rendered":"<style>.wp-block-kadence-advancedbtn.kb-btns70_23480b-51{gap:var(--global-kb-gap-none, 0rem );justify-content:center;align-items:flex-end;}.kt-btns70_23480b-51 .kt-button{font-weight:normal;font-style:normal;}.kt-btns70_23480b-51 .kt-btn-wrap-0{margin-right:5px;}.wp-block-kadence-advancedbtn.kt-btns70_23480b-51 .kt-btn-wrap-0 .kt-button{color:#555555;border-color:#555555;}.wp-block-kadence-advancedbtn.kt-btns70_23480b-51 .kt-btn-wrap-0 .kt-button:hover, .wp-block-kadence-advancedbtn.kt-btns70_23480b-51 .kt-btn-wrap-0 .kt-button:focus{color:#ffffff;border-color:#444444;}.wp-block-kadence-advancedbtn.kt-btns70_23480b-51 .kt-btn-wrap-0 .kt-button::before{display:none;}.wp-block-kadence-advancedbtn.kt-btns70_23480b-51 .kt-btn-wrap-0 .kt-button:hover, .wp-block-kadence-advancedbtn.kt-btns70_23480b-51 .kt-btn-wrap-0 .kt-button:focus{background:#444444;}<\/style>\n<div class=\"wp-block-kadence-advancedbtn kb-buttons-wrap kb-btns70_23480b-51\"><style>ul.menu .wp-block-kadence-advancedbtn .kb-btn70_3327aa-ec.kb-button{width:initial;}.wp-block-kadence-advancedbtn .kb-btn70_3327aa-ec.kb-button{color:#1d1d1d;background:#5ebd19;}.wp-block-kadence-advancedbtn .kb-btn70_3327aa-ec.kb-button:hover, .wp-block-kadence-advancedbtn .kb-btn70_3327aa-ec.kb-button:focus{background:#5ebd19;}<\/style><a class=\"kb-button kt-button button kb-btn70_3327aa-ec kt-btn-size-standard kt-btn-width-type-full kb-btn-global-fill  kt-btn-has-text-true kt-btn-has-svg-false  wp-block-kadence-singlebtn\" href=\"https:\/\/eurankemikalio.com\/\"><span class=\"kt-btn-inner-text\">Etusivu<\/span><\/a>\n\n<style>ul.menu .wp-block-kadence-advancedbtn .kb-btn70_816a5c-5a.kb-button{width:initial;}.wp-block-kadence-advancedbtn .kb-btn70_816a5c-5a.kb-button{color:#1d1d1d;background:#5ebd19;}.wp-block-kadence-advancedbtn .kb-btn70_816a5c-5a.kb-button:hover, .wp-block-kadence-advancedbtn .kb-btn70_816a5c-5a.kb-button:focus{background:#5ebd19;}<\/style><a class=\"kb-button kt-button button kb-btn70_816a5c-5a kt-btn-size-standard kt-btn-width-type-full kb-btn-global-fill  kt-btn-has-text-true kt-btn-has-svg-false  wp-block-kadence-singlebtn\" href=\"https:\/\/eurankemikalio.com\/index.php\/euran-kemikalio-2\/\"><span class=\"kt-btn-inner-text\">Kemikalio<\/span><\/a>\n\n<style>ul.menu .wp-block-kadence-advancedbtn .kb-btn70_bb4a6a-34.kb-button{width:initial;}.wp-block-kadence-advancedbtn .kb-btn70_bb4a6a-34.kb-button{color:#1d1d1d;background:#5ebd19;}.wp-block-kadence-advancedbtn .kb-btn70_bb4a6a-34.kb-button:hover, .wp-block-kadence-advancedbtn .kb-btn70_bb4a6a-34.kb-button:focus{background:#5ebd19;}<\/style><a class=\"kb-button kt-button button kb-btn70_bb4a6a-34 kt-btn-size-standard kt-btn-width-type-full kb-btn-global-fill  kt-btn-has-text-true kt-btn-has-svg-false  wp-block-kadence-singlebtn\" href=\"https:\/\/eurankemikalio.com\/index.php\/euran-kemikalio\/\"><span class=\"kt-btn-inner-text\">Kosmetiikka<\/span><\/a>\n\n<style>ul.menu .wp-block-kadence-advancedbtn .kb-btn70_fdb6d0-a7.kb-button{width:initial;}.wp-block-kadence-advancedbtn .kb-btn70_fdb6d0-a7.kb-button{color:#1d1d1d;background:#5ebd19;}.wp-block-kadence-advancedbtn .kb-btn70_fdb6d0-a7.kb-button:hover, .wp-block-kadence-advancedbtn .kb-btn70_fdb6d0-a7.kb-button:focus{background:#5ebd19;}<\/style><a class=\"kb-button kt-button button kb-btn70_fdb6d0-a7 kt-btn-size-standard kt-btn-width-type-full kb-btn-global-fill  kt-btn-has-text-true kt-btn-has-svg-false  wp-block-kadence-singlebtn\" href=\"https:\/\/eurankemikalio.com\/index.php\/tuoksut\/\"><span class=\"kt-btn-inner-text\">Tuoksut<\/span><\/a>\n\n<style>ul.menu .wp-block-kadence-advancedbtn .kb-btn70_5ef8fc-4a.kb-button{width:initial;}.wp-block-kadence-advancedbtn .kb-btn70_5ef8fc-4a.kb-button{color:#1d1d1d;background:#5ebd19;}.wp-block-kadence-advancedbtn .kb-btn70_5ef8fc-4a.kb-button:hover, .wp-block-kadence-advancedbtn .kb-btn70_5ef8fc-4a.kb-button:focus{background:#5ebd19;}<\/style><a class=\"kb-button kt-button button kb-btn70_5ef8fc-4a kt-btn-size-standard kt-btn-width-type-full kb-btn-global-fill  kt-btn-has-text-true kt-btn-has-svg-false  wp-block-kadence-singlebtn\" href=\"https:\/\/eurankemikalio.com\/index.php\/korut\/\"><span class=\"kt-btn-inner-text\">Korut<\/span><\/a>\n\n<style>ul.menu .wp-block-kadence-advancedbtn .kb-btn70_1aaa0c-d5.kb-button{width:initial;}.wp-block-kadence-advancedbtn .kb-btn70_1aaa0c-d5.kb-button{color:#1d1d1d;background:#5ebd19;}.wp-block-kadence-advancedbtn .kb-btn70_1aaa0c-d5.kb-button:hover, .wp-block-kadence-advancedbtn .kb-btn70_1aaa0c-d5.kb-button:focus{background:#5ebd19;}<\/style><a class=\"kb-button kt-button button kb-btn70_1aaa0c-d5 kt-btn-size-standard kt-btn-width-type-full kb-btn-global-fill  kt-btn-has-text-true kt-btn-has-svg-false  wp-block-kadence-singlebtn\" href=\"https:\/\/eurankemikalio.com\/index.php\/paahineet\/\"><span class=\"kt-btn-inner-text\">P\u00e4\u00e4hineet<\/span><\/a><\/div>\n\n\n\n<div>\n<div><style>.kb-image70_266eaf-4c.kb-image-is-ratio-size, .kb-image70_266eaf-4c .kb-image-is-ratio-size{max-width:3000px;width:100%;}.wp-block-kadence-column > .kt-inside-inner-col > .kb-image70_266eaf-4c.kb-image-is-ratio-size, .wp-block-kadence-column > .kt-inside-inner-col > .kb-image70_266eaf-4c .kb-image-is-ratio-size{align-self:unset;}.kb-image70_266eaf-4c figure{max-width:3000px;}.kb-image70_266eaf-4c .image-is-svg, .kb-image70_266eaf-4c .image-is-svg img{width:100%;}.kb-image70_266eaf-4c .kb-image-has-overlay:after{opacity:0.3;}<\/style>\n<div class=\"wp-block-kadence-image kb-image70_266eaf-4c\"><figure class=\"aligncenter size-full\"><img decoding=\"async\" width=\"2560\" height=\"1766\" data-src=\"https:\/\/eurankemikalio.com\/wp-content\/uploads\/2026\/03\/IMGP1287-2-scaled.jpg\" alt=\"\" class=\"kb-img wp-image-264 lazyload\" data-srcset=\"https:\/\/eurankemikalio.com\/wp-content\/uploads\/2026\/03\/IMGP1287-2-scaled.jpg 2560w, https:\/\/eurankemikalio.com\/wp-content\/uploads\/2026\/03\/IMGP1287-2-300x207.jpg 300w, https:\/\/eurankemikalio.com\/wp-content\/uploads\/2026\/03\/IMGP1287-2-1024x706.jpg 1024w, https:\/\/eurankemikalio.com\/wp-content\/uploads\/2026\/03\/IMGP1287-2-768x530.jpg 768w, https:\/\/eurankemikalio.com\/wp-content\/uploads\/2026\/03\/IMGP1287-2-1536x1060.jpg 1536w, https:\/\/eurankemikalio.com\/wp-content\/uploads\/2026\/03\/IMGP1287-2-2048x1413.jpg 2048w\" data-sizes=\"(max-width: 2560px) 100vw, 2560px\" src=\"data:image\/svg+xml;base64,PHN2ZyB3aWR0aD0iMSIgaGVpZ2h0PSIxIiB4bWxucz0iaHR0cDovL3d3dy53My5vcmcvMjAwMC9zdmciPjwvc3ZnPg==\" style=\"--smush-placeholder-width: 2560px; --smush-placeholder-aspect-ratio: 2560\/1766;\" \/><\/figure><\/div>\n<\/div>\n\n\n<style>.wp-block-kadence-advancedheading.kt-adv-heading70_b49a14-35, .wp-block-kadence-advancedheading.kt-adv-heading70_b49a14-35[data-kb-block=\"kb-adv-heading70_b49a14-35\"]{font-weight:400;font-style:normal;font-family:'Roboto Condensed';}.wp-block-kadence-advancedheading.kt-adv-heading70_b49a14-35 mark.kt-highlight, .wp-block-kadence-advancedheading.kt-adv-heading70_b49a14-35[data-kb-block=\"kb-adv-heading70_b49a14-35\"] mark.kt-highlight{font-style:normal;color:#f76a0c;-webkit-box-decoration-break:clone;box-decoration-break:clone;padding-top:0px;padding-right:0px;padding-bottom:0px;padding-left:0px;}.wp-block-kadence-advancedheading.kt-adv-heading70_b49a14-35 img.kb-inline-image, .wp-block-kadence-advancedheading.kt-adv-heading70_b49a14-35[data-kb-block=\"kb-adv-heading70_b49a14-35\"] img.kb-inline-image{width:150px;vertical-align:baseline;}<\/style>\n<h2 class=\"kt-adv-heading70_b49a14-35 wp-block-kadence-advancedheading\" data-kb-block=\"kb-adv-heading70_b49a14-35\"><strong>KEMIKALIO<\/strong><\/h2>\n<\/div>\n\n\n<style>.wp-block-kadence-advancedheading.kt-adv-heading70_d834f5-ee, .wp-block-kadence-advancedheading.kt-adv-heading70_d834f5-ee[data-kb-block=\"kb-adv-heading70_d834f5-ee\"]{font-style:normal;}.wp-block-kadence-advancedheading.kt-adv-heading70_d834f5-ee mark.kt-highlight, .wp-block-kadence-advancedheading.kt-adv-heading70_d834f5-ee[data-kb-block=\"kb-adv-heading70_d834f5-ee\"] mark.kt-highlight{font-style:normal;color:#f76a0c;-webkit-box-decoration-break:clone;box-decoration-break:clone;padding-top:0px;padding-right:0px;padding-bottom:0px;padding-left:0px;}.wp-block-kadence-advancedheading.kt-adv-heading70_d834f5-ee img.kb-inline-image, .wp-block-kadence-advancedheading.kt-adv-heading70_d834f5-ee[data-kb-block=\"kb-adv-heading70_d834f5-ee\"] img.kb-inline-image{width:150px;vertical-align:baseline;}<\/style>\n<p class=\"kt-adv-heading70_d834f5-ee wp-block-kadence-advancedheading\" data-kb-block=\"kb-adv-heading70_d834f5-ee\">Euran Kemikalio on toiminut 85 vuoden ajan. Liikkeess\u00e4 on myyt\u00e4v\u00e4n\u00e4&nbsp;<a href=\"https:\/\/eurankemikalio.com\/index.php\/pirjo-hamm-hakamaki\/\" target=\"_blank\" rel=\"noreferrer noopener\">Pirjo Hamm-Hakam\u00e4en<\/a>&nbsp;pikkutauluja, kortteja, uniikkikoruja sek\u00e4 tietysti p\u00e4iv\u00e4n kosmetiikkaa, parfyymeja ja kylpytuotteita, joista laajalti tunnetaan kemikalion suuri valikoima sulotuoksuisia wanhanajan hienosaippuoita. Kemikalion seiniin on vuosikymmenten aikana sy\u00f6pynyt ihastuttava parfymerian tuoksu. Parfyymisalongissa voi istuen tuoksutella hajuvesi\u00e4.<\/p>\n\n\n<style>.wp-block-kadence-advancedheading.kt-adv-heading70_08d8f1-62, .wp-block-kadence-advancedheading.kt-adv-heading70_08d8f1-62[data-kb-block=\"kb-adv-heading70_08d8f1-62\"]{font-weight:400;font-style:normal;font-family:'Roboto Condensed';}.wp-block-kadence-advancedheading.kt-adv-heading70_08d8f1-62 mark.kt-highlight, .wp-block-kadence-advancedheading.kt-adv-heading70_08d8f1-62[data-kb-block=\"kb-adv-heading70_08d8f1-62\"] mark.kt-highlight{font-style:normal;color:#f76a0c;-webkit-box-decoration-break:clone;box-decoration-break:clone;padding-top:0px;padding-right:0px;padding-bottom:0px;padding-left:0px;}.wp-block-kadence-advancedheading.kt-adv-heading70_08d8f1-62 img.kb-inline-image, .wp-block-kadence-advancedheading.kt-adv-heading70_08d8f1-62[data-kb-block=\"kb-adv-heading70_08d8f1-62\"] img.kb-inline-image{width:150px;vertical-align:baseline;}<\/style>\n<h4 class=\"kt-adv-heading70_08d8f1-62 wp-block-kadence-advancedheading\" data-kb-block=\"kb-adv-heading70_08d8f1-62\"><strong>KEMIKALION KES\u00c4KAMARI&nbsp;<\/strong><\/h4>\n\n\n<style>.wp-block-kadence-advancedheading.kt-adv-heading70_2390be-f4, .wp-block-kadence-advancedheading.kt-adv-heading70_2390be-f4[data-kb-block=\"kb-adv-heading70_2390be-f4\"]{font-style:normal;}.wp-block-kadence-advancedheading.kt-adv-heading70_2390be-f4 mark.kt-highlight, .wp-block-kadence-advancedheading.kt-adv-heading70_2390be-f4[data-kb-block=\"kb-adv-heading70_2390be-f4\"] mark.kt-highlight{font-style:normal;color:#f76a0c;-webkit-box-decoration-break:clone;box-decoration-break:clone;padding-top:0px;padding-right:0px;padding-bottom:0px;padding-left:0px;}.wp-block-kadence-advancedheading.kt-adv-heading70_2390be-f4 img.kb-inline-image, .wp-block-kadence-advancedheading.kt-adv-heading70_2390be-f4[data-kb-block=\"kb-adv-heading70_2390be-f4\"] img.kb-inline-image{width:150px;vertical-align:baseline;}<\/style>\n<p class=\"kt-adv-heading70_2390be-f4 wp-block-kadence-advancedheading\" data-kb-block=\"kb-adv-heading70_2390be-f4\">T\u00e4m\u00e4 tilaltaan pikkuriikkinen alemyym\u00e4l\u00e4 on kemikaliomuseossa, jonka tavarat ovat antaneet tilaa t\u00e4ksi kes\u00e4ksi ihanille kosmetiikan aletuotteille pitsiry\u00f6ps\u00e4hdysten keskell\u00e4. Kes\u00e4kamarissa voi tehd\u00e4 uskomattomia l\u00f6yt\u00f6j\u00e4 tuoksujen, meikkien ja ihonhoitotuotteiden joukosta. Siell\u00e4 on my\u00f6s hauska Saippuabaari. Tuotteiden hinnat alkaen 2 \u20ac. Ihana alekauppa on vanhan, v\u00e4h\u00e4n villiintyneen puutarhan k\u00e4tk\u00f6iss\u00e4.&nbsp;<\/p>\n\n\n<style>.wp-block-kadence-advancedheading.kt-adv-heading70_f7f0cc-12, .wp-block-kadence-advancedheading.kt-adv-heading70_f7f0cc-12[data-kb-block=\"kb-adv-heading70_f7f0cc-12\"]{font-weight:400;font-style:normal;font-family:'Roboto Condensed';}.wp-block-kadence-advancedheading.kt-adv-heading70_f7f0cc-12 mark.kt-highlight, .wp-block-kadence-advancedheading.kt-adv-heading70_f7f0cc-12[data-kb-block=\"kb-adv-heading70_f7f0cc-12\"] mark.kt-highlight{font-style:normal;color:#f76a0c;-webkit-box-decoration-break:clone;box-decoration-break:clone;padding-top:0px;padding-right:0px;padding-bottom:0px;padding-left:0px;}.wp-block-kadence-advancedheading.kt-adv-heading70_f7f0cc-12 img.kb-inline-image, .wp-block-kadence-advancedheading.kt-adv-heading70_f7f0cc-12[data-kb-block=\"kb-adv-heading70_f7f0cc-12\"] img.kb-inline-image{width:150px;vertical-align:baseline;}<\/style>\n<h4 class=\"kt-adv-heading70_f7f0cc-12 wp-block-kadence-advancedheading\" data-kb-block=\"kb-adv-heading70_f7f0cc-12\"><strong>L\u00d6YD\u00c4 OMA TUOKSUSI&nbsp;<\/strong><\/h4>\n\n\n<style>.wp-block-kadence-advancedheading.kt-adv-heading70_2d8491-dc, .wp-block-kadence-advancedheading.kt-adv-heading70_2d8491-dc[data-kb-block=\"kb-adv-heading70_2d8491-dc\"]{font-style:normal;}.wp-block-kadence-advancedheading.kt-adv-heading70_2d8491-dc mark.kt-highlight, .wp-block-kadence-advancedheading.kt-adv-heading70_2d8491-dc[data-kb-block=\"kb-adv-heading70_2d8491-dc\"] mark.kt-highlight{font-style:normal;color:#f76a0c;-webkit-box-decoration-break:clone;box-decoration-break:clone;padding-top:0px;padding-right:0px;padding-bottom:0px;padding-left:0px;}.wp-block-kadence-advancedheading.kt-adv-heading70_2d8491-dc img.kb-inline-image, .wp-block-kadence-advancedheading.kt-adv-heading70_2d8491-dc[data-kb-block=\"kb-adv-heading70_2d8491-dc\"] img.kb-inline-image{width:150px;vertical-align:baseline;}<\/style>\n<p class=\"kt-adv-heading70_2d8491-dc wp-block-kadence-advancedheading\" data-kb-block=\"kb-adv-heading70_2d8491-dc\">Tuoksuanalyysi on uudistunut. Omaa tuoksua ei en\u00e4\u00e4 etsit\u00e4 iholta vaan sielusta ja mielest\u00e4. Pirjo ohjaa l\u00f6yt\u00e4m\u00e4\u00e4n oman persoonan mukaisen tuoksun keskustelemalla ja kyselem\u00e4ll\u00e4 itselle t\u00e4rkeist\u00e4 asioista, jotka liittyv\u00e4t mieluisiin ja ep\u00e4mieluisiin tuoksuihin ja el\u00e4m\u00e4n k\u00e4\u00e4nnekohtiin. Sen j\u00e4lkeen Pirjo valitsee 4-6 tuoksivaihtoehtoa ja kertoo niiden ainesosista. Niit\u00e4 suihkutetaan paperilapuille ja valitaan 3 jatkoon, joita sumutetaan iholle. Asiakas valitsee sen, joka on l\u00e4heisin ja tuntuu omalta.<br><br>Istunnon kesto n. 30-45 min<br>Hinta on 20 \u20ac\/hl\u00f6. Summaa ei perit\u00e4, jos asiakas ostaa hajuveden.<br>Ajanvaraus p. 040 825 9180 tai pirjo.hammhakamaki(at)gmail.com&nbsp;<\/p>\n\n\n<style>.wp-block-kadence-advancedgallery .kb-gallery-type-masonry.kb-gallery-id-70_d67ac6-18{margin:-5px;}.kb-gallery-type-masonry.kb-gallery-id-70_d67ac6-18 .kadence-blocks-gallery-item{padding:5px;}.kb-gallery-id-70_d67ac6-18 .kadence-blocks-gallery-item .kb-gal-image-radius, .kb-gallery-id-70_d67ac6-18 .kb-slide-item .kb-gal-image-radius img{border-radius:0px 0px 0px 0px;;}<\/style><div class=\"kb-gallery-wrap-id-70_d67ac6-18 alignnone wp-block-kadence-advancedgallery\"><ul class=\"kb-gallery-ul kb-gallery-non-static kb-gallery-type-masonry kb-masonry-init kb-gallery-id-70_d67ac6-18 kb-gallery-caption-style-bottom-hover kb-gallery-filter-none\" data-image-filter=\"none\" data-item-selector=\".kadence-blocks-gallery-item\" data-lightbox-caption=\"true\" data-columns-xxl=\"3\" data-columns-xl=\"3\" data-columns-md=\"3\" data-columns-sm=\"2\" data-columns-xs=\"1\" data-columns-ss=\"1\"><li class=\"kadence-blocks-gallery-item\" tabindex=\"0\"><div class=\"kadence-blocks-gallery-item-inner\"><figure class=\"kb-gallery-figure kadence-blocks-gallery-item-hide-caption\"><div class=\"kb-gal-image-radius\" style=\"max-width:600px;\"><div class=\"kb-gallery-image-contain kadence-blocks-gallery-intrinsic\" style=\"padding-bottom:66%;\"><img decoding=\"async\" data-src=\"https:\/\/eurankemikalio.com\/wp-content\/uploads\/2026\/02\/parfyymisalonki_ikkunat.jpg\" width=\"600\" height=\"400\" alt=\"\" data-full-image=\"https:\/\/eurankemikalio.com\/wp-content\/uploads\/2026\/02\/parfyymisalonki_ikkunat.jpg\" data-light-image=\"https:\/\/eurankemikalio.com\/wp-content\/uploads\/2026\/02\/parfyymisalonki_ikkunat.jpg\" data-id=\"65\" class=\"wp-image-65 lazyload\" data-srcset=\"https:\/\/eurankemikalio.com\/wp-content\/uploads\/2026\/02\/parfyymisalonki_ikkunat.jpg 600w, https:\/\/eurankemikalio.com\/wp-content\/uploads\/2026\/02\/parfyymisalonki_ikkunat-300x200.jpg 300w\" data-sizes=\"(max-width: 600px) 100vw, 600px\" src=\"data:image\/svg+xml;base64,PHN2ZyB3aWR0aD0iMSIgaGVpZ2h0PSIxIiB4bWxucz0iaHR0cDovL3d3dy53My5vcmcvMjAwMC9zdmciPjwvc3ZnPg==\" style=\"--smush-placeholder-width: 600px; --smush-placeholder-aspect-ratio: 600\/400;\" \/><\/div><\/div><\/figure><\/div><\/li><li class=\"kadence-blocks-gallery-item\" tabindex=\"0\"><div class=\"kadence-blocks-gallery-item-inner\"><figure class=\"kb-gallery-figure kadence-blocks-gallery-item-hide-caption\"><div class=\"kb-gal-image-radius\" style=\"max-width:600px;\"><div class=\"kb-gallery-image-contain kadence-blocks-gallery-intrinsic\" style=\"padding-bottom:66%;\"><img decoding=\"async\" data-src=\"https:\/\/eurankemikalio.com\/wp-content\/uploads\/2026\/02\/Tiski_600.jpg\" width=\"600\" height=\"400\" alt=\"\" data-full-image=\"https:\/\/eurankemikalio.com\/wp-content\/uploads\/2026\/02\/Tiski_600.jpg\" data-light-image=\"https:\/\/eurankemikalio.com\/wp-content\/uploads\/2026\/02\/Tiski_600.jpg\" data-id=\"66\" class=\"wp-image-66 lazyload\" data-srcset=\"https:\/\/eurankemikalio.com\/wp-content\/uploads\/2026\/02\/Tiski_600.jpg 600w, https:\/\/eurankemikalio.com\/wp-content\/uploads\/2026\/02\/Tiski_600-300x200.jpg 300w\" data-sizes=\"(max-width: 600px) 100vw, 600px\" src=\"data:image\/svg+xml;base64,PHN2ZyB3aWR0aD0iMSIgaGVpZ2h0PSIxIiB4bWxucz0iaHR0cDovL3d3dy53My5vcmcvMjAwMC9zdmciPjwvc3ZnPg==\" style=\"--smush-placeholder-width: 600px; --smush-placeholder-aspect-ratio: 600\/400;\" \/><\/div><\/div><\/figure><\/div><\/li><li class=\"kadence-blocks-gallery-item\" tabindex=\"0\"><div class=\"kadence-blocks-gallery-item-inner\"><figure class=\"kb-gallery-figure kadence-blocks-gallery-item-hide-caption\"><div class=\"kb-gal-image-radius\" style=\"max-width:600px;\"><div class=\"kb-gallery-image-contain kadence-blocks-gallery-intrinsic\" style=\"padding-bottom:66%;\"><img decoding=\"async\" data-src=\"https:\/\/eurankemikalio.com\/wp-content\/uploads\/2026\/02\/Ulos_600.jpg\" width=\"600\" height=\"400\" alt=\"\" data-full-image=\"https:\/\/eurankemikalio.com\/wp-content\/uploads\/2026\/02\/Ulos_600.jpg\" data-light-image=\"https:\/\/eurankemikalio.com\/wp-content\/uploads\/2026\/02\/Ulos_600.jpg\" data-id=\"67\" class=\"wp-image-67 lazyload\" data-srcset=\"https:\/\/eurankemikalio.com\/wp-content\/uploads\/2026\/02\/Ulos_600.jpg 600w, https:\/\/eurankemikalio.com\/wp-content\/uploads\/2026\/02\/Ulos_600-300x200.jpg 300w\" data-sizes=\"(max-width: 600px) 100vw, 600px\" src=\"data:image\/svg+xml;base64,PHN2ZyB3aWR0aD0iMSIgaGVpZ2h0PSIxIiB4bWxucz0iaHR0cDovL3d3dy53My5vcmcvMjAwMC9zdmciPjwvc3ZnPg==\" style=\"--smush-placeholder-width: 600px; --smush-placeholder-aspect-ratio: 600\/400;\" \/><\/div><\/div><\/figure><\/div><\/li><\/ul><\/div>\n\n<style>.wp-block-kadence-advancedheading.kt-adv-heading70_2a1445-bf, .wp-block-kadence-advancedheading.kt-adv-heading70_2a1445-bf[data-kb-block=\"kb-adv-heading70_2a1445-bf\"]{font-style:normal;}.wp-block-kadence-advancedheading.kt-adv-heading70_2a1445-bf mark.kt-highlight, .wp-block-kadence-advancedheading.kt-adv-heading70_2a1445-bf[data-kb-block=\"kb-adv-heading70_2a1445-bf\"] mark.kt-highlight{font-style:normal;color:#f76a0c;-webkit-box-decoration-break:clone;box-decoration-break:clone;padding-top:0px;padding-right:0px;padding-bottom:0px;padding-left:0px;}.wp-block-kadence-advancedheading.kt-adv-heading70_2a1445-bf img.kb-inline-image, .wp-block-kadence-advancedheading.kt-adv-heading70_2a1445-bf[data-kb-block=\"kb-adv-heading70_2a1445-bf\"] img.kb-inline-image{width:150px;vertical-align:baseline;}<\/style>\n<p class=\"kt-adv-heading70_2a1445-bf wp-block-kadence-advancedheading\" data-kb-block=\"kb-adv-heading70_2a1445-bf\">Kemikalio ja sen kes\u00e4kamari avoinna ma-pe&nbsp; 10 &#8211; 17, la 10.00 &#8211; 14<br>S\u00e4hk\u00f6posti: pirjo(at)eurankemikalio.com<br><br>Ajo-ohje<\/p>\n\n\n<style>.kb-image70_a196c0-d7 .kb-image-has-overlay:after{opacity:0.3;}<\/style>\n<figure class=\"wp-block-kadence-image kb-image70_a196c0-d7 size-full\"><img decoding=\"async\" width=\"512\" height=\"384\" data-src=\"https:\/\/eurankemikalio.com\/wp-content\/uploads\/2026\/02\/Kartta-33.gif\" alt=\"\" class=\"kb-img wp-image-68 lazyload\" src=\"data:image\/svg+xml;base64,PHN2ZyB3aWR0aD0iMSIgaGVpZ2h0PSIxIiB4bWxucz0iaHR0cDovL3d3dy53My5vcmcvMjAwMC9zdmciPjwvc3ZnPg==\" style=\"--smush-placeholder-width: 512px; --smush-placeholder-aspect-ratio: 512\/384;\" \/><\/figure>\n","protected":false},"excerpt":{"rendered":"<p>KEMIKALIO Euran Kemikalio on toiminut 85 vuoden ajan. Liikkeess\u00e4 on myyt\u00e4v\u00e4n\u00e4&nbsp;Pirjo Hamm-Hakam\u00e4en&nbsp;pikkutauluja, kortteja, uniikkikoruja sek\u00e4 tietysti p\u00e4iv\u00e4n kosmetiikkaa, parfyymeja ja kylpytuotteita, joista laajalti tunnetaan kemikalion suuri valikoima sulotuoksuisia wanhanajan hienosaippuoita. Kemikalion seiniin on vuosikymmenten aikana sy\u00f6pynyt ihastuttava parfymerian tuoksu. Parfyymisalongissa voi istuen tuoksutella hajuvesi\u00e4. KEMIKALION KES\u00c4KAMARI&nbsp; T\u00e4m\u00e4 tilaltaan pikkuriikkinen alemyym\u00e4l\u00e4 on kemikaliomuseossa, jonka tavarat ovat [&hellip;]<\/p>\n","protected":false},"author":1,"featured_media":0,"parent":0,"menu_order":0,"comment_status":"closed","ping_status":"closed","template":"","meta":{"footnotes":""},"class_list":["post-70","page","type-page","status-publish","hentry"],"blocksy_meta":[],"_links":{"self":[{"href":"https:\/\/eurankemikalio.com\/index.php\/wp-json\/wp\/v2\/pages\/70","targetHints":{"allow":["GET"]}}],"collection":[{"href":"https:\/\/eurankemikalio.com\/index.php\/wp-json\/wp\/v2\/pages"}],"about":[{"href":"https:\/\/eurankemikalio.com\/index.php\/wp-json\/wp\/v2\/types\/page"}],"author":[{"embeddable":true,"href":"https:\/\/eurankemikalio.com\/index.php\/wp-json\/wp\/v2\/users\/1"}],"replies":[{"embeddable":true,"href":"https:\/\/eurankemikalio.com\/index.php\/wp-json\/wp\/v2\/comments?post=70"}],"version-history":[{"count":4,"href":"https:\/\/eurankemikalio.com\/index.php\/wp-json\/wp\/v2\/pages\/70\/revisions"}],"predecessor-version":[{"id":288,"href":"https:\/\/eurankemikalio.com\/index.php\/wp-json\/wp\/v2\/pages\/70\/revisions\/288"}],"wp:attachment":[{"href":"https:\/\/eurankemikalio.com\/index.php\/wp-json\/wp\/v2\/media?parent=70"}],"curies":[{"name":"wp","href":"https:\/\/api.w.org\/{rel}","templated":true}]}}